{"id":69395,"date":"2024-05-13T23:21:11","date_gmt":"2024-05-13T23:21:11","guid":{"rendered":"https:\/\/www.addictionsrecovery.org\/?page_id=69395"},"modified":"2024-05-13T23:21:11","modified_gmt":"2024-05-13T23:21:11","slug":"jackson-county-receives-funding-for-housing-emergency-services-drug-treatment","status":"publish","type":"page","link":"https:\/\/www.addictionsrecovery.org\/es\/jackson-county-receives-funding-for-housing-emergency-services-drug-treatment\/","title":{"rendered":"El condado de Jackson recibe fondos para la vida y los servicios de emergencia"},"content":{"rendered":"<p><div class=\"fusion-fullwidth fullwidth-box fusion-builder-row-1 fusion-flex-container has-pattern-background has-mask-background nonhundred-percent-fullwidth non-hundred-percent-height-scrolling\" style=\"--awb-border-radius-top-left:0px;--awb-border-radius-top-right:0px;--awb-border-radius-bottom-right:0px;--awb-border-radius-bottom-left:0px;--awb-flex-wrap:wrap;\" ><div class=\"fusion-builder-row fusion-row fusion-flex-align-items-flex-start fusion-flex-content-wrap\" style=\"max-width:1456px;margin-left: calc(-4% \/ 2 );margin-right: calc(-4% \/ 2 );\"><div class=\"fusion-layout-column fusion_builder_column fusion-builder-column-0 fusion_builder_column_1_1 1_1 fusion-flex-column\" style=\"--awb-bg-size:cover;--awb-width-large:100%;--awb-margin-top-large:0px;--awb-spacing-right-large:1.92%;--awb-margin-bottom-large:20px;--awb-spacing-left-large:1.92%;--awb-width-medium:100%;--awb-order-medium:0;--awb-spacing-right-medium:1.92%;--awb-spacing-left-medium:1.92%;--awb-width-small:100%;--awb-order-small:0;--awb-spacing-right-small:1.92%;--awb-spacing-left-small:1.92%;\"><div class=\"fusion-column-wrapper fusion-column-has-shadow fusion-flex-justify-content-flex-start fusion-content-layout-column\"><\/div><\/div><\/div><\/div><div class=\"fusion-fullwidth fullwidth-box fusion-builder-row-2 fusion-flex-container has-pattern-background has-mask-background nonhundred-percent-fullwidth non-hundred-percent-height-scrolling\" style=\"--awb-border-radius-top-left:0px;--awb-border-radius-top-right:0px;--awb-border-radius-bottom-right:0px;--awb-border-radius-bottom-left:0px;--awb-flex-wrap:wrap;\" ><div class=\"fusion-builder-row fusion-row fusion-flex-align-items-flex-start fusion-flex-content-wrap\" style=\"max-width:1456px;margin-left: calc(-4% \/ 2 );margin-right: calc(-4% \/ 2 );\"><div class=\"fusion-layout-column fusion_builder_column fusion-builder-column-1 fusion_builder_column_1_1 1_1 fusion-flex-column\" style=\"--awb-bg-size:cover;--awb-width-large:100%;--awb-margin-top-large:0px;--awb-spacing-right-large:1.92%;--awb-margin-bottom-large:20px;--awb-spacing-left-large:1.92%;--awb-width-medium:100%;--awb-order-medium:0;--awb-spacing-right-medium:1.92%;--awb-spacing-left-medium:1.92%;--awb-width-small:100%;--awb-order-small:0;--awb-spacing-right-small:1.92%;--awb-spacing-left-small:1.92%;\"><div class=\"fusion-column-wrapper fusion-column-has-shadow fusion-flex-justify-content-flex-start fusion-content-layout-column\"><div class=\"fusion-text fusion-text-1\"><p>CONDADO DE JACKSON, OR. \u2014 El condado de Jackson recibi\u00f3 $7.5 millones para viviendas, servicios de emergencia y tratamientos por consumo de drogas.&nbsp;<\/p>\n<p>Seg\u00fan un comunicado de prensa de la C\u00e1mara de Representantes de Oregon y el Senado de Oregon, los proyectos de ley SB 1530 y SB 1537 fueron parte de un paquete de producci\u00f3n y estabilidad de viviendas de emergencia que firm\u00f3 el gobernador el lunes.&nbsp;<\/p>\n<p><!--more--><\/p>\n<p>\u201cEl alarmante nivel de personas sin hogar al sur de Oregon capt\u00f3 toda mi atenci\u00f3n durante la corta sesi\u00f3n que termin\u00f3 en marzo\u201d, dijo el senador estatal Jeff Golden en el comunicado. \u201cEl resultado, considero, fue una nueva financiaci\u00f3n que dar\u00e1 resultados que las personas del condado de Jackson podr\u00e1n ver y sentir todos los d\u00edas\u201d.&nbsp;<\/p>\n<p><a href=\"https:\/\/www.kdrv.com\/news\/housing-crisis\/jackson-county-receives-funding-for-housing-emergency-services-drug-treatment\/article_822c3f5a-0cce-11ef-82a9-3b419b5c5116.html\" target=\"_blank\" rel=\"noopener\">LEA LA HISTORIA COMPLETA EN KDRV.COM<\/a><\/p>\n<\/div><\/div><\/div><\/div><\/div><\/p>","protected":false},"excerpt":{"rendered":"<p>JACKSON COUNTY, Ore. &#8212; Jackson County has received a $7.5 million for housing, emergency services and drug treatments.&nbsp; According to a news release from the Oregon House and Oregon Senate, the bills &#8212; SB 1530 and SB 1537 &#8212; were  [&#8230;]<\/p>","protected":false},"author":2,"featured_media":0,"parent":0,"menu_order":0,"comment_status":"closed","ping_status":"closed","template":"","meta":{"ngg_post_thumbnail":0,"footnotes":""},"class_list":["post-69395","page","type-page","status-publish","hentry"],"yoast_head":"<!-- This site is optimized with the Yoast SEO plugin v26.7 - https:\/\/yoast.com\/wordpress\/plugins\/seo\/ -->\n<title>Jackson County Receives Funding for Housing, Emergency Services, Drug Treatment - Addictions Recovery Center<\/title>\n<meta name=\"robots\" content=\"index, follow, max-snippet:-1, max-image-preview:large, max-video-preview:-1\" \/>\n<link rel=\"canonical\" href=\"https:\/\/www.addictionsrecovery.org\/es\/jackson-county-receives-funding-for-housing-emergency-services-drug-treatment\/\" \/>\n<meta property=\"og:locale\" content=\"es_MX\" \/>\n<meta property=\"og:type\" content=\"article\" \/>\n<meta property=\"og:title\" content=\"Jackson County Receives Funding for Housing, Emergency Services, Drug Treatment - Addictions Recovery Center\" \/>\n<meta property=\"og:description\" content=\"JACKSON COUNTY, Ore. &#8212; Jackson County has received a $7.5 million for housing, emergency services and drug treatments.&nbsp; According to a news release from the Oregon House and Oregon Senate, the bills &#8212; SB 1530 and SB 1537 &#8212; were [...]\" \/>\n<meta property=\"og:url\" content=\"https:\/\/www.addictionsrecovery.org\/es\/jackson-county-receives-funding-for-housing-emergency-services-drug-treatment\/\" \/>\n<meta property=\"og:site_name\" content=\"Addictions Recovery Center\" \/>\n<meta property=\"article:publisher\" content=\"https:\/\/www.facebook.com\/ARC541\" \/>\n<meta name=\"twitter:card\" content=\"summary_large_image\" \/>\n<meta name=\"twitter:site\" content=\"@ARC541\" \/>\n<meta name=\"twitter:label1\" content=\"Tiempo de lectura\" \/>\n\t<meta name=\"twitter:data1\" content=\"1 minuto\" \/>\n<script type=\"application\/ld+json\" class=\"yoast-schema-graph\">{\"@context\":\"https:\/\/schema.org\",\"@graph\":[{\"@type\":\"WebPage\",\"@id\":\"https:\/\/www.addictionsrecovery.org\/jackson-county-receives-funding-for-housing-emergency-services-drug-treatment\/\",\"url\":\"https:\/\/www.addictionsrecovery.org\/jackson-county-receives-funding-for-housing-emergency-services-drug-treatment\/\",\"name\":\"Jackson County Receives Funding for Housing, Emergency Services, Drug Treatment - Addictions Recovery Center\",\"isPartOf\":{\"@id\":\"https:\/\/www.addictionsrecovery.org\/#website\"},\"datePublished\":\"2024-05-13T23:21:11+00:00\",\"breadcrumb\":{\"@id\":\"https:\/\/www.addictionsrecovery.org\/jackson-county-receives-funding-for-housing-emergency-services-drug-treatment\/#breadcrumb\"},\"inLanguage\":\"es\",\"potentialAction\":[{\"@type\":\"ReadAction\",\"target\":[\"https:\/\/www.addictionsrecovery.org\/jackson-county-receives-funding-for-housing-emergency-services-drug-treatment\/\"]}]},{\"@type\":\"BreadcrumbList\",\"@id\":\"https:\/\/www.addictionsrecovery.org\/jackson-county-receives-funding-for-housing-emergency-services-drug-treatment\/#breadcrumb\",\"itemListElement\":[{\"@type\":\"ListItem\",\"position\":1,\"name\":\"Home\",\"item\":\"https:\/\/www.addictionsrecovery.org\/\"},{\"@type\":\"ListItem\",\"position\":2,\"name\":\"Jackson County Receives Funding for Housing, Emergency Services, Drug Treatment\"}]},{\"@type\":\"WebSite\",\"@id\":\"https:\/\/www.addictionsrecovery.org\/#website\",\"url\":\"https:\/\/www.addictionsrecovery.org\/\",\"name\":\"Addictions Recovery Center\",\"description\":\"Addictions Recovery Center\",\"potentialAction\":[{\"@type\":\"SearchAction\",\"target\":{\"@type\":\"EntryPoint\",\"urlTemplate\":\"https:\/\/www.addictionsrecovery.org\/?s={search_term_string}\"},\"query-input\":{\"@type\":\"PropertyValueSpecification\",\"valueRequired\":true,\"valueName\":\"search_term_string\"}}],\"inLanguage\":\"es\"}]}<\/script>\n<!-- \/ Yoast SEO plugin. -->","yoast_head_json":{"title":"Jackson County Receives Funding for Housing, Emergency Services, Drug Treatment - Addictions Recovery Center","robots":{"index":"index","follow":"follow","max-snippet":"max-snippet:-1","max-image-preview":"max-image-preview:large","max-video-preview":"max-video-preview:-1"},"canonical":"https:\/\/www.addictionsrecovery.org\/es\/jackson-county-receives-funding-for-housing-emergency-services-drug-treatment\/","og_locale":"es_MX","og_type":"article","og_title":"Jackson County Receives Funding for Housing, Emergency Services, Drug Treatment - Addictions Recovery Center","og_description":"JACKSON COUNTY, Ore. &#8212; Jackson County has received a $7.5 million for housing, emergency services and drug treatments.&nbsp; According to a news release from the Oregon House and Oregon Senate, the bills &#8212; SB 1530 and SB 1537 &#8212; were [...]","og_url":"https:\/\/www.addictionsrecovery.org\/es\/jackson-county-receives-funding-for-housing-emergency-services-drug-treatment\/","og_site_name":"Addictions Recovery Center","article_publisher":"https:\/\/www.facebook.com\/ARC541","twitter_card":"summary_large_image","twitter_site":"@ARC541","twitter_misc":{"Tiempo de lectura":"1 minuto"},"schema":{"@context":"https:\/\/schema.org","@graph":[{"@type":"WebPage","@id":"https:\/\/www.addictionsrecovery.org\/jackson-county-receives-funding-for-housing-emergency-services-drug-treatment\/","url":"https:\/\/www.addictionsrecovery.org\/jackson-county-receives-funding-for-housing-emergency-services-drug-treatment\/","name":"Jackson County Receives Funding for Housing, Emergency Services, Drug Treatment - Addictions Recovery Center","isPartOf":{"@id":"https:\/\/www.addictionsrecovery.org\/#website"},"datePublished":"2024-05-13T23:21:11+00:00","breadcrumb":{"@id":"https:\/\/www.addictionsrecovery.org\/jackson-county-receives-funding-for-housing-emergency-services-drug-treatment\/#breadcrumb"},"inLanguage":"es","potentialAction":[{"@type":"ReadAction","target":["https:\/\/www.addictionsrecovery.org\/jackson-county-receives-funding-for-housing-emergency-services-drug-treatment\/"]}]},{"@type":"BreadcrumbList","@id":"https:\/\/www.addictionsrecovery.org\/jackson-county-receives-funding-for-housing-emergency-services-drug-treatment\/#breadcrumb","itemListElement":[{"@type":"ListItem","position":1,"name":"Home","item":"https:\/\/www.addictionsrecovery.org\/"},{"@type":"ListItem","position":2,"name":"Jackson County Receives Funding for Housing, Emergency Services, Drug Treatment"}]},{"@type":"WebSite","@id":"https:\/\/www.addictionsrecovery.org\/#website","url":"https:\/\/www.addictionsrecovery.org\/","name":"Addictions Recovery Center","description":"Addictions Recovery Center","potentialAction":[{"@type":"SearchAction","target":{"@type":"EntryPoint","urlTemplate":"https:\/\/www.addictionsrecovery.org\/?s={search_term_string}"},"query-input":{"@type":"PropertyValueSpecification","valueRequired":true,"valueName":"search_term_string"}}],"inLanguage":"es"}]}},"_links":{"self":[{"href":"https:\/\/www.addictionsrecovery.org\/es\/wp-json\/wp\/v2\/pages\/69395","targetHints":{"allow":["GET"]}}],"collection":[{"href":"https:\/\/www.addictionsrecovery.org\/es\/wp-json\/wp\/v2\/pages"}],"about":[{"href":"https:\/\/www.addictionsrecovery.org\/es\/wp-json\/wp\/v2\/types\/page"}],"author":[{"embeddable":true,"href":"https:\/\/www.addictionsrecovery.org\/es\/wp-json\/wp\/v2\/users\/2"}],"replies":[{"embeddable":true,"href":"https:\/\/www.addictionsrecovery.org\/es\/wp-json\/wp\/v2\/comments?post=69395"}],"version-history":[{"count":0,"href":"https:\/\/www.addictionsrecovery.org\/es\/wp-json\/wp\/v2\/pages\/69395\/revisions"}],"wp:attachment":[{"href":"https:\/\/www.addictionsrecovery.org\/es\/wp-json\/wp\/v2\/media?parent=69395"}],"curies":[{"name":"wp","href":"https:\/\/api.w.org\/{rel}","templated":true}]}}