{"id":47404,"date":"2022-02-10T22:56:35","date_gmt":"2022-02-10T22:56:35","guid":{"rendered":"https:\/\/www.addictionsrecovery.org\/?page_id=47404"},"modified":"2022-07-15T20:54:07","modified_gmt":"2022-07-15T20:54:07","slug":"clinical-quality-director","status":"publish","type":"page","link":"https:\/\/www.addictionsrecovery.org\/es\/clinical-quality-director\/","title":{"rendered":"Clinical Quality Director"},"content":{"rendered":"<p><div class=\"fusion-fullwidth fullwidth-box fusion-builder-row-1 fusion-flex-container nonhundred-percent-fullwidth non-hundred-percent-height-scrolling\" style=\"--awb-border-radius-top-left:0px;--awb-border-radius-top-right:0px;--awb-border-radius-bottom-right:0px;--awb-border-radius-bottom-left:0px;--awb-flex-wrap:wrap;\" ><div class=\"fusion-builder-row fusion-row fusion-flex-align-items-flex-start fusion-flex-content-wrap\" style=\"max-width:1456px;margin-left: calc(-4% \/ 2 );margin-right: calc(-4% \/ 2 );\"><div class=\"fusion-layout-column fusion_builder_column fusion-builder-column-0 fusion_builder_column_1_1 1_1 fusion-flex-column\" style=\"--awb-bg-size:cover;--awb-width-large:100%;--awb-margin-top-large:0px;--awb-spacing-right-large:1.92%;--awb-margin-bottom-large:20px;--awb-spacing-left-large:1.92%;--awb-width-medium:100%;--awb-order-medium:0;--awb-spacing-right-medium:1.92%;--awb-spacing-left-medium:1.92%;--awb-width-small:100%;--awb-order-small:0;--awb-spacing-right-small:1.92%;--awb-spacing-left-small:1.92%;\"><div class=\"fusion-column-wrapper fusion-column-has-shadow fusion-flex-justify-content-flex-start fusion-content-layout-column\"><\/div><\/div><\/div><\/div><div class=\"fusion-fullwidth fullwidth-box fusion-builder-row-2 nonhundred-percent-fullwidth non-hundred-percent-height-scrolling\" style=\"--awb-border-sizes-top:3px;--awb-border-sizes-bottom:3px;--awb-border-sizes-left:3px;--awb-border-sizes-right:3px;--awb-border-color:#ffffff;--awb-border-radius-top-left:0px;--awb-border-radius-top-right:0px;--awb-border-radius-bottom-right:0px;--awb-border-radius-bottom-left:0px;--awb-padding-top:6px;--awb-padding-right:12px;--awb-padding-bottom:6px;--awb-padding-left:12px;--awb-background-color:#29292a;--awb-flex-wrap:wrap;\" ><div class=\"fusion-builder-row fusion-row\"><div class=\"fusion-layout-column fusion_builder_column fusion-builder-column-1 fusion_builder_column_1_1 1_1 fusion-one-full fusion-column-first fusion-column-last\" style=\"--awb-bg-size:cover;--awb-margin-bottom:0px;\"><div class=\"fusion-column-wrapper fusion-flex-column-wrapper-legacy\"><div class=\"fusion-clearfix\"><\/div><\/div><\/div><div class=\"fusion-layout-column fusion_builder_column fusion-builder-column-2 fusion_builder_column_1_1 1_1 fusion-one-full fusion-column-first fusion-column-last\" style=\"--awb-bg-size:cover;\"><div class=\"fusion-column-wrapper fusion-column-has-shadow fusion-flex-column-wrapper-legacy\"><div class=\"fusion-text fusion-text-1\"><p style=\"text-align: center;\"><span style=\"font-family: var(--body_typography-font-family); letter-spacing: var(--body_typography-letter-spacing);\" data-fusion-font=\"true\"><span style=\"font-size: 20px;\"><br \/>\n<\/span><\/span><b style=\"color: var(--body_typography-color); font-family: var(--body_typography-font-family); font-size: 20px; letter-spacing: var(--body_typography-letter-spacing); font-style: var(--body_typography-font-style,normal);\"><i><span style=\"color: #fffcfc; font-size: 18px;\" data-fusion-font=\"true\">Addictions Recovery Center, Inc. (ARC) est\u00e1 comprometido con la salud y el bienestar de nuestro personal. Para cumplir esta promesa, hemos implementado una semana laboral m\u00e1xima de cuatro d\u00edas para todo el equipo de ARC.<\/span><\/i><\/b><\/p>\n<p style=\"text-align: center; font-size: 20px;\" data-fusion-font=\"true\"><b><i><span style=\"color: #fffcfc; font-size: 18px;\" data-fusion-font=\"true\">Con este nuevo horario, la mayor\u00eda de los empleados no trabajar\u00e1n m\u00e1s de 32 horas a la semana y ning\u00fan empleado trabajar\u00e1 m\u00e1s de 36 horas a la semana. Combinado con nuestros salarios superiores al mercado y nuestros s\u00f3lidos beneficios, esto garantizar\u00e1 que todos los miembros del personal puedan mantener un equilibrio saludable entre el trabajo y la vida personal.<\/span><\/i><\/b><\/p>\n<p style=\"text-align: center;\"><span style=\"color: #ffffff;\"><b><i><span style=\"font-size: 18px;\" data-fusion-font=\"true\">Keep reading to learn how a career as ARC&#8217;s Clinical Quality Director would offer you the opportunity to choose a healthier way of life.<\/span><\/i><\/b><\/span><\/p>\n<\/div><div class=\"fusion-clearfix\"><\/div><\/div><\/div><\/div><\/div><div class=\"fusion-fullwidth fullwidth-box fusion-builder-row-3 nonhundred-percent-fullwidth non-hundred-percent-height-scrolling\" style=\"--awb-border-radius-top-left:0px;--awb-border-radius-top-right:0px;--awb-border-radius-bottom-right:0px;--awb-border-radius-bottom-left:0px;--awb-flex-wrap:wrap;\" ><div class=\"fusion-builder-row fusion-row\"><div class=\"fusion-layout-column fusion_builder_column fusion-builder-column-3 fusion_builder_column_1_1 1_1 fusion-one-full fusion-column-first fusion-column-last\" style=\"--awb-bg-size:cover;\"><div class=\"fusion-column-wrapper fusion-flex-column-wrapper-legacy\"><div class=\"fusion-text fusion-text-2\"><h3>Addictions Recovery Center, Inc (ARC) in Medford, Oregon is a behavioral health agency providing a trauma-informed, comprehensive continuum of substance use and co-occurring mental health disorder treatment services in Southern Oregon. We are seeking a qualified full time Clinical Quality Director to ensure the delivery of high-quality clinical services and client care across programs.<\/h3>\n<h3>ARC\u2019s Clinical Quality Director mentors, coaches, and trains agency clinical staff regarding best practice standards to ensure quality improvement in all aspects of the agency. They work closely with ARC leadership to keep them informed of quality improvement barriers, concerns, activities, and successes. Our Clinical Quality Director also oversees quality assurance and ensures compliance of guidelines and governing regulations.<\/h3>\n<h3 class=\"fusion-responsive-typography-calculated\" data-fontsize=\"17\" data-lineheight=\"21.25px\">Las funciones incluir\u00e1n, entre otras, las siguientes:<\/h3>\n<h3 style=\"padding-left: 40px;\">\u2022 Developing and implementing clinical policies, procedures, and protocols for all programs and assigned departments;<br \/>\n\u2022 Identifying when standards of care are not met, including counseling, case management, CRM and medical staff services;<br \/>\n\u2022 Responding to and investigating client grievances, and receiving and managing all incident reports;<br \/>\n\u2022 Identifying areas of potential vulnerability and risk;<br \/>\n\u2022 Performing ongoing audit of client charts to ensure compliance and identify improvement opportunities;<br \/>\n\u2022 Maintaining familiarity with the Oregon Administrative Rules (OARs) for behavioral health;<br \/>\n\u2022 Participating in agency accreditation work, and serving as liaison between the agency and OHA to maintain ARC Certificates of Approval (COAs);<br \/>\n\u2022 Leading regulatory site visit and post-payment review preparation, including oversight of department participation;<br \/>\n\u2022 Verifying up-to-date student affiliation agreements are in place and coordinating placement of student nurses and counseling interns; and<br \/>\n\u2022 Ensuring clinical staff are performing within their full scope of practice while maintaining a trauma-informed environment.<\/h3>\n<h3>La capacitaci\u00f3n, las credenciales y las habilidades deben incluir lo siguiente:<\/h3>\n<h3 style=\"padding-left: 40px;\">\u2022 Post-secondary education in a relevant field, preferred; OR a combination of post-secondary education and progressively responsible experience and training in organizational compliance and quality systems management;<br \/>\n\u2022 CADC II or CADC III, preferred; or documented 120 hours of academic or continuing professional education in the treatment of substance use disorders;<br \/>\n\u2022 3 to 5 years fulltime clinical supervision and oversight in Mental Health, SUD Outpatient, or similar services;<br \/>\n\u2022 Management and leadership experience;<br \/>\n\u2022 Critical thinking and problem-solving skills;<br \/>\n\u2022 Exceptional clinical documentation skills;<br \/>\n\u2022 Excellent computer and data entry proficiency;<br \/>\n\u2022 Organization and project management experience;<br \/>\n\u2022 Familiarity with process improvement, including data analytics;<br \/>\n\u2022 Excellent verbal and written communication skills;<br \/>\n\u2022 Attention to detail; and<br \/>\n\u2022 An understanding of the agency mission and culture, and a commitment to client success.<\/h3>\n<h3>La remuneraci\u00f3n y los beneficios incluyen los siguientes:<\/h3>\n<h3 class=\"fusion-responsive-typography-calculated\" style=\"--fontsize: 17; line-height: 1.25; --minfontsize: 17; padding-left: 40px;\" data-fontsize=\"17\" data-lineheight=\"21.25px\">\u2022 ARC employees work no more than four-days a week to ensure they can maintain a healthy work and life balance;<br \/>\n\u2022 Starting salary ranging from $72,800.00 to $83,720.00 annually, based on credentials, skills, and experience;<br \/>\n\u2022 $2,500.00 sign-on bonus for the successful candidate (paid in two installments, 50% at three months active employment, remaining 50% at six months active employment);<br \/>\n\u2022 Three (3) to six (6) weeks of Vacation accrued per year, based upon years of service;<br \/>\n\u2022 Paid Sick Time accrues up to 96.00 hours annually; and<br \/>\n\u2022 Ten (10) Paid Holidays each year: New Year\u2019s, MLK Day, President\u2019s Day, Memorial Day, Juneteenth, Independence Day, Labor Day,<br \/>\n\u2022 Veterans Day, Thanksgiving Day, Christmas Day.<\/h3>\n<h3 class=\"fusion-responsive-typography-calculated\" style=\"--fontsize: 17; line-height: 1.25; --minfontsize: 17;\" data-fontsize=\"17\" data-lineheight=\"21.25px\">Estos son algunos otros beneficios adicionales:<\/h3>\n<h3 class=\"fusion-responsive-typography-calculated\" style=\"--fontsize: 17; line-height: 1.25; --minfontsize: 17; padding-left: 40px;\" data-fontsize=\"17\" data-lineheight=\"21.25px\">\u2022&nbsp;Medical and Dental Health Coverage and a minimum $50,000 Basic Life &amp; AD\/D with no premium cost for employee coverage;<br \/>\n\u2022&nbsp;$4,000 per year Deductible Health Reimbursement Account (HRA);<br \/>\n\u2022 Voluntary enrollment in Vision Coverage and Guarantee Issue Supplemental Life Insurance at group premium rates;<br \/>\n\u2022 Flexible Spending Account (FSA);<br \/>\n\u2022 401k Retirement Plan with Employer Match and immediate vesting;<br \/>\n\u2022 20 hours paid per year for work-related professional training;<br \/>\n\u2022 Assistance with work-related licensure\/certification fees;<br \/>\n\u2022 Employee Assistance Program (EAP);<br \/>\n\u2022 Reduced cost Mercy Flights household membership; and<br \/>\n\u2022 Qualified Employer for Public Service Student Loan Forgiveness and HRSA SUD Student Loan Repayment.<\/h3>\n<h3>Applicants must be able to pass a criminal background check and pre-employment drug screen\u2014including medical and recreational marijuana. All inquiries confidential. Open until filled.<\/h3>\n<h3 class=\"\" data-fontsize=\"17\" data-lineheight=\"21.25px\">Env\u00ede un curr\u00edculum v\u00edtae completo y una carta de presentaci\u00f3n en la que explique brevemente de qu\u00e9 modo califica para este puesto y los motivos por los que lo solicita. Para presentar su solicitud en l\u00ednea, complete el formulario y adjunte un curr\u00edculum vitae. Tambi\u00e9n puede enviar su carta de presentaci\u00f3n y su curr\u00edculum vitae por correo electr\u00f3nico a HumanResources@AddictionsRecovery.org.<\/h3>\n<h2 style=\"text-align: center;\">No pierda esta oportunidad: \u00a1presente su solicitud hoy mismo!<\/h2>\n<h3 class=\"fusion-responsive-typography-calculated\" style=\"text-align: center;\" data-fontsize=\"17\" data-lineheight=\"21.25px\"><em>Note to applicants: As of Oct. 18, 2021, Oregon is requiring all healthcare employees to be vaccinated against COVID-19, with limited exceptions. This requirement applies to all Addictions Recovery Center, Inc. employees.<\/em><\/h3>\n<h3 class=\"fusion-responsive-typography-calculated\" style=\"text-align: center;\" data-fontsize=\"17\" data-lineheight=\"21.25px\">ARC is an Equal Employment Opportunity and Affirmative Action employer. We do not discriminate based upon race, religion, color, national origin, gender (including pregnancy, childbirth, or related medical conditions), sexual orientation, gender identity, gender expression, age, status as a protected veteran, status as an individual with a disability, or other applicable legally protected characteristics. LGBTQIA2S+ applicants are encouraged to apply \ud83c\udff3\ufe0f\u200d\ud83c\udf08.<\/h3>\n<p><span style=\"text-align: center;\">\n<div class=\"wpcf7 no-js\" id=\"wpcf7-f47398-o1\" lang=\"en-US\" dir=\"ltr\" data-wpcf7-id=\"47398\">\n<div class=\"screen-reader-response\"><p role=\"status\" aria-live=\"polite\" aria-atomic=\"true\"><\/p> <ul><\/ul><\/div>\n<form action=\"\/es\/wp-json\/wp\/v2\/pages\/47404#wpcf7-f47398-o1\" method=\"post\" class=\"wpcf7-form init\" aria-label=\"Contact form\" enctype=\"multipart\/form-data\" novalidate=\"novalidate\" data-status=\"init\" data-trp-original-action=\"\/es\/wp-json\/wp\/v2\/pages\/47404#wpcf7-f47398-o1\">\n<fieldset class=\"hidden-fields-container\"><input type=\"hidden\" name=\"_wpcf7\" value=\"47398\" \/><input type=\"hidden\" name=\"_wpcf7_version\" value=\"6.1.4\" \/><input type=\"hidden\" name=\"_wpcf7_locale\" value=\"en_US\" \/><input type=\"hidden\" name=\"_wpcf7_unit_tag\" value=\"wpcf7-f47398-o1\" \/><input type=\"hidden\" name=\"_wpcf7_container_post\" value=\"0\" \/><input type=\"hidden\" name=\"_wpcf7_posted_data_hash\" value=\"\" \/><input type=\"hidden\" name=\"_wpcf7_recaptcha_response\" value=\"\" \/>\n<\/fieldset>\n<p>Su nombre (obligatorio)\n<\/p>\n<p><span class=\"wpcf7-form-control-wrap\" data-name=\"your-name\"><input size=\"40\" maxlength=\"400\" class=\"wpcf7-form-control wpcf7-text wpcf7-validates-as-required\" aria-required=\"true\" aria-invalid=\"false\" value=\"\" type=\"text\" name=\"your-name\" \/><\/span>\n<\/p>\n<p>Su correo electr\u00f3nico (obligatorio)\n<\/p>\n<p><span class=\"wpcf7-form-control-wrap\" data-name=\"your-email\"><input size=\"40\" maxlength=\"400\" class=\"wpcf7-form-control wpcf7-email wpcf7-validates-as-required wpcf7-text wpcf7-validates-as-email\" aria-required=\"true\" aria-invalid=\"false\" value=\"\" type=\"email\" name=\"your-email\" \/><\/span>\n<\/p>\n<p>N\u00famero de tel\u00e9fono de contacto (requerido)\n<\/p>\n<p><span class=\"wpcf7-form-control-wrap\" data-name=\"tel-274\"><input size=\"40\" maxlength=\"400\" class=\"wpcf7-form-control wpcf7-tel wpcf7-validates-as-required wpcf7-text wpcf7-validates-as-tel classbar\" id=\"idfoo\" aria-required=\"true\" aria-invalid=\"false\" placeholder=\"\" value=\"\" type=\"tel\" name=\"tel-274\" \/><\/span>\n<\/p>\n<p>\u00bfPosici\u00f3n que est\u00e1s solicitando? (requerido)\n<\/p>\n<p><span class=\"wpcf7-form-control-wrap\" data-name=\"your-subject\"><input size=\"40\" maxlength=\"400\" class=\"wpcf7-form-control wpcf7-text wpcf7-validates-as-required\" aria-required=\"true\" aria-invalid=\"false\" value=\"\" type=\"text\" name=\"your-subject\" \/><\/span>\n<\/p>\n<p>Carta de presentaci\u00f3n (obligatoria)\n<\/p>\n<p><span class=\"wpcf7-form-control-wrap\" data-name=\"your-message\"><textarea cols=\"40\" rows=\"10\" maxlength=\"2000\" class=\"wpcf7-form-control wpcf7-textarea wpcf7-validates-as-required\" aria-required=\"true\" aria-invalid=\"false\" name=\"your-message\"><\/textarea><\/span>\n<\/p>\n<p>Enviar curr\u00edculum (pdf\/doc\/docx - 5mb m\u00e1x.)<br \/>\n<span class=\"wpcf7-form-control-wrap\" data-name=\"file-795\"><input size=\"40\" class=\"wpcf7-form-control wpcf7-file wpcf7-validates-as-required classbar\" accept=\".pdf,.doc,.docx,.txt\" aria-required=\"true\" aria-invalid=\"false\" type=\"file\" name=\"file-795\" \/><\/span>\n<\/p>\n<p><input class=\"wpcf7-form-control wpcf7-submit has-spinner\" type=\"submit\" value=\"Enviar\" \/>\n<\/p><input type='hidden' class='wpcf7-pum' value='{\"closepopup\":false,\"closedelay\":0,\"openpopup\":false,\"openpopup_id\":0}' \/><div class=\"fusion-alert alert custom alert-custom fusion-alert-center wpcf7-response-output fusion-alert-capitalize awb-alert-native-link-color alert-dismissable awb-alert-close-boxed\" style=\"--awb-border-top-left-radius:0px;--awb-border-top-right-radius:0px;--awb-border-bottom-left-radius:0px;--awb-border-bottom-right-radius:0px;\" role=\"alert\"><div class=\"fusion-alert-content-wrapper\"><span class=\"fusion-alert-content\"><\/span><\/div><button type=\"button\" class=\"close toggle-alert\" data-dismiss=\"alert\" aria-label=\"Close\">\u00d7<\/button><\/div>\n<input type=\"hidden\" name=\"trp-form-language\" value=\"es\"\/><\/form>\n<\/div>\n<\/span><\/p>\n<p>&nbsp;<\/p>\n<\/div><div class=\"fusion-clearfix\"><\/div><\/div><\/div><\/div><\/div><\/p>","protected":false},"excerpt":{"rendered":"","protected":false},"author":5,"featured_media":0,"parent":0,"menu_order":0,"comment_status":"closed","ping_status":"closed","template":"","meta":{"ngg_post_thumbnail":0,"footnotes":""},"class_list":["post-47404","page","type-page","status-publish","hentry"],"yoast_head":"<!-- This site is optimized with the Yoast SEO plugin v26.7 - https:\/\/yoast.com\/wordpress\/plugins\/seo\/ -->\n<title>Clinical Quality Director - Addictions Recovery Center<\/title>\n<meta name=\"robots\" content=\"index, follow, max-snippet:-1, max-image-preview:large, max-video-preview:-1\" \/>\n<link rel=\"canonical\" href=\"https:\/\/www.addictionsrecovery.org\/es\/clinical-quality-director\/\" \/>\n<meta property=\"og:locale\" content=\"es_MX\" \/>\n<meta property=\"og:type\" content=\"article\" \/>\n<meta property=\"og:title\" content=\"Clinical Quality Director - Addictions Recovery Center\" \/>\n<meta property=\"og:url\" content=\"https:\/\/www.addictionsrecovery.org\/es\/clinical-quality-director\/\" \/>\n<meta property=\"og:site_name\" content=\"Addictions Recovery Center\" \/>\n<meta property=\"article:publisher\" content=\"https:\/\/www.facebook.com\/ARC541\" \/>\n<meta property=\"article:modified_time\" content=\"2022-07-15T20:54:07+00:00\" \/>\n<meta name=\"twitter:card\" content=\"summary_large_image\" \/>\n<meta name=\"twitter:site\" content=\"@ARC541\" \/>\n<meta name=\"twitter:label1\" content=\"Tiempo de lectura\" \/>\n\t<meta name=\"twitter:data1\" content=\"6 minutos\" \/>\n<script type=\"application\/ld+json\" class=\"yoast-schema-graph\">{\"@context\":\"https:\/\/schema.org\",\"@graph\":[{\"@type\":\"WebPage\",\"@id\":\"https:\/\/www.addictionsrecovery.org\/clinical-quality-director\/\",\"url\":\"https:\/\/www.addictionsrecovery.org\/clinical-quality-director\/\",\"name\":\"Clinical Quality Director - Addictions Recovery Center\",\"isPartOf\":{\"@id\":\"https:\/\/www.addictionsrecovery.org\/#website\"},\"datePublished\":\"2022-02-10T22:56:35+00:00\",\"dateModified\":\"2022-07-15T20:54:07+00:00\",\"breadcrumb\":{\"@id\":\"https:\/\/www.addictionsrecovery.org\/clinical-quality-director\/#breadcrumb\"},\"inLanguage\":\"es\",\"potentialAction\":[{\"@type\":\"ReadAction\",\"target\":[\"https:\/\/www.addictionsrecovery.org\/clinical-quality-director\/\"]}]},{\"@type\":\"BreadcrumbList\",\"@id\":\"https:\/\/www.addictionsrecovery.org\/clinical-quality-director\/#breadcrumb\",\"itemListElement\":[{\"@type\":\"ListItem\",\"position\":1,\"name\":\"Home\",\"item\":\"https:\/\/www.addictionsrecovery.org\/\"},{\"@type\":\"ListItem\",\"position\":2,\"name\":\"Clinical Quality Director\"}]},{\"@type\":\"WebSite\",\"@id\":\"https:\/\/www.addictionsrecovery.org\/#website\",\"url\":\"https:\/\/www.addictionsrecovery.org\/\",\"name\":\"Addictions Recovery Center\",\"description\":\"Addictions Recovery Center\",\"potentialAction\":[{\"@type\":\"SearchAction\",\"target\":{\"@type\":\"EntryPoint\",\"urlTemplate\":\"https:\/\/www.addictionsrecovery.org\/?s={search_term_string}\"},\"query-input\":{\"@type\":\"PropertyValueSpecification\",\"valueRequired\":true,\"valueName\":\"search_term_string\"}}],\"inLanguage\":\"es\"}]}<\/script>\n<!-- \/ Yoast SEO plugin. -->","yoast_head_json":{"title":"Clinical Quality Director - Addictions Recovery Center","robots":{"index":"index","follow":"follow","max-snippet":"max-snippet:-1","max-image-preview":"max-image-preview:large","max-video-preview":"max-video-preview:-1"},"canonical":"https:\/\/www.addictionsrecovery.org\/es\/clinical-quality-director\/","og_locale":"es_MX","og_type":"article","og_title":"Clinical Quality Director - Addictions Recovery Center","og_url":"https:\/\/www.addictionsrecovery.org\/es\/clinical-quality-director\/","og_site_name":"Addictions Recovery Center","article_publisher":"https:\/\/www.facebook.com\/ARC541","article_modified_time":"2022-07-15T20:54:07+00:00","twitter_card":"summary_large_image","twitter_site":"@ARC541","twitter_misc":{"Tiempo de lectura":"6 minutos"},"schema":{"@context":"https:\/\/schema.org","@graph":[{"@type":"WebPage","@id":"https:\/\/www.addictionsrecovery.org\/clinical-quality-director\/","url":"https:\/\/www.addictionsrecovery.org\/clinical-quality-director\/","name":"Clinical Quality Director - Addictions Recovery Center","isPartOf":{"@id":"https:\/\/www.addictionsrecovery.org\/#website"},"datePublished":"2022-02-10T22:56:35+00:00","dateModified":"2022-07-15T20:54:07+00:00","breadcrumb":{"@id":"https:\/\/www.addictionsrecovery.org\/clinical-quality-director\/#breadcrumb"},"inLanguage":"es","potentialAction":[{"@type":"ReadAction","target":["https:\/\/www.addictionsrecovery.org\/clinical-quality-director\/"]}]},{"@type":"BreadcrumbList","@id":"https:\/\/www.addictionsrecovery.org\/clinical-quality-director\/#breadcrumb","itemListElement":[{"@type":"ListItem","position":1,"name":"Home","item":"https:\/\/www.addictionsrecovery.org\/"},{"@type":"ListItem","position":2,"name":"Clinical Quality Director"}]},{"@type":"WebSite","@id":"https:\/\/www.addictionsrecovery.org\/#website","url":"https:\/\/www.addictionsrecovery.org\/","name":"Addictions Recovery Center","description":"Addictions Recovery Center","potentialAction":[{"@type":"SearchAction","target":{"@type":"EntryPoint","urlTemplate":"https:\/\/www.addictionsrecovery.org\/?s={search_term_string}"},"query-input":{"@type":"PropertyValueSpecification","valueRequired":true,"valueName":"search_term_string"}}],"inLanguage":"es"}]}},"_links":{"self":[{"href":"https:\/\/www.addictionsrecovery.org\/es\/wp-json\/wp\/v2\/pages\/47404","targetHints":{"allow":["GET"]}}],"collection":[{"href":"https:\/\/www.addictionsrecovery.org\/es\/wp-json\/wp\/v2\/pages"}],"about":[{"href":"https:\/\/www.addictionsrecovery.org\/es\/wp-json\/wp\/v2\/types\/page"}],"author":[{"embeddable":true,"href":"https:\/\/www.addictionsrecovery.org\/es\/wp-json\/wp\/v2\/users\/5"}],"replies":[{"embeddable":true,"href":"https:\/\/www.addictionsrecovery.org\/es\/wp-json\/wp\/v2\/comments?post=47404"}],"version-history":[{"count":0,"href":"https:\/\/www.addictionsrecovery.org\/es\/wp-json\/wp\/v2\/pages\/47404\/revisions"}],"wp:attachment":[{"href":"https:\/\/www.addictionsrecovery.org\/es\/wp-json\/wp\/v2\/media?parent=47404"}],"curies":[{"name":"wp","href":"https:\/\/api.w.org\/{rel}","templated":true}]}}