{"id":41417,"date":"2021-02-11T22:24:55","date_gmt":"2021-02-11T22:24:55","guid":{"rendered":"https:\/\/www.addictionsrecovery.org\/?page_id=41417"},"modified":"2022-07-11T16:34:39","modified_gmt":"2022-07-11T16:34:39","slug":"womens-residential-support-specialist-swing-shift","status":"publish","type":"page","link":"https:\/\/www.addictionsrecovery.org\/es\/womens-residential-support-specialist-swing-shift\/","title":{"rendered":"Women\u2019s Residential Support Specialist \u2013 Swing Shift"},"content":{"rendered":"<p><div class=\"fusion-fullwidth fullwidth-box fusion-builder-row-1 nonhundred-percent-fullwidth non-hundred-percent-height-scrolling\" style=\"--awb-border-radius-top-left:0px;--awb-border-radius-top-right:0px;--awb-border-radius-bottom-right:0px;--awb-border-radius-bottom-left:0px;--awb-flex-wrap:wrap;\" ><div class=\"fusion-builder-row fusion-row\"><div class=\"fusion-layout-column fusion_builder_column fusion-builder-column-0 fusion_builder_column_1_1 1_1 fusion-one-full fusion-column-first fusion-column-last\" style=\"--awb-bg-size:cover;\"><div class=\"fusion-column-wrapper fusion-flex-column-wrapper-legacy\"><div class=\"fusion-clearfix\"><\/div><\/div><\/div><\/div><\/div><div class=\"fusion-fullwidth fullwidth-box fusion-builder-row-2 nonhundred-percent-fullwidth non-hundred-percent-height-scrolling\" style=\"--awb-border-sizes-top:3px;--awb-border-sizes-bottom:3px;--awb-border-sizes-left:3px;--awb-border-sizes-right:3px;--awb-border-color:#ffffff;--awb-border-radius-top-left:0px;--awb-border-radius-top-right:0px;--awb-border-radius-bottom-right:0px;--awb-border-radius-bottom-left:0px;--awb-padding-top:6px;--awb-padding-right:12px;--awb-padding-bottom:6px;--awb-padding-left:12px;--awb-background-color:#29292a;--awb-flex-wrap:wrap;\" ><div class=\"fusion-builder-row fusion-row\"><div class=\"fusion-layout-column fusion_builder_column fusion-builder-column-1 fusion_builder_column_1_1 1_1 fusion-one-full fusion-column-first fusion-column-last\" style=\"--awb-bg-size:cover;--awb-margin-bottom:0px;\"><div class=\"fusion-column-wrapper fusion-flex-column-wrapper-legacy\"><div class=\"fusion-text fusion-text-1\"><\/div><div class=\"fusion-clearfix\"><\/div><\/div><\/div><div class=\"fusion-layout-column fusion_builder_column fusion-builder-column-2 fusion_builder_column_1_1 1_1 fusion-one-full fusion-column-first fusion-column-last\" style=\"--awb-bg-size:cover;\"><div class=\"fusion-column-wrapper fusion-column-has-shadow fusion-flex-column-wrapper-legacy\"><div class=\"fusion-text fusion-text-2\"><p style=\"text-align: center;\"><b style=\"color: var(--body_typography-color); font-family: var(--body_typography-font-family); font-size: 20px; letter-spacing: var(--body_typography-letter-spacing); font-style: var(--body_typography-font-style,normal);\"><i><span style=\"color: rgb(255, 252, 252); font-size: 18px;\" data-fusion-font=\"true\"><br \/>Addictions Recovery Center, Inc. (ARC) est\u00e1 comprometido con la salud y el bienestar de nuestro personal. Para cumplir esta promesa, hemos implementado una semana laboral m\u00e1xima de cuatro d\u00edas para todo el equipo de ARC.<\/span><\/i><\/b><\/p>\n<p data-fusion-font=\"true\" style=\"text-align: center; font-size: 20px;\"><b><i><span style=\"color: rgb(255, 252, 252); font-size: 18px;\" data-fusion-font=\"true\">Con este nuevo horario, la mayor\u00eda de los empleados no trabajar\u00e1n m\u00e1s de 32 horas a la semana y ning\u00fan empleado trabajar\u00e1 m\u00e1s de 36 horas a la semana. Combinado con nuestros salarios superiores al mercado y nuestros s\u00f3lidos beneficios, esto garantizar\u00e1 que todos los miembros del personal puedan mantener un equilibrio saludable entre el trabajo y la vida personal.<\/span><\/i><\/b><\/p>\n<p style=\"text-align: center;\"><span style=\"color: var(--body_typography-color); font-family: var(--body_typography-font-family); font-size: 20px; letter-spacing: var(--body_typography-letter-spacing);\" data-fusion-font=\"true\"><b style=\"\"><i><span style=\"color: rgb(255, 252, 252); font-size: 18px;\" data-fusion-font=\"true\">Click on one of the links below to find a career that will truly offer the opportunity to choose a healthier way of life.<\/span><\/i><\/b><\/span><\/p>\n<\/div><div class=\"fusion-clearfix\"><\/div><\/div><\/div><\/div><\/div><div class=\"fusion-fullwidth fullwidth-box fusion-builder-row-3 nonhundred-percent-fullwidth non-hundred-percent-height-scrolling\" style=\"--awb-border-radius-top-left:0px;--awb-border-radius-top-right:0px;--awb-border-radius-bottom-right:0px;--awb-border-radius-bottom-left:0px;--awb-flex-wrap:wrap;\" ><div class=\"fusion-builder-row fusion-row\"><div class=\"fusion-layout-column fusion_builder_column fusion-builder-column-3 fusion_builder_column_1_1 1_1 fusion-one-full fusion-column-first fusion-column-last\" style=\"--awb-bg-size:cover;\"><div class=\"fusion-column-wrapper fusion-flex-column-wrapper-legacy\"><div class=\"fusion-text fusion-text-3\"><h3 data-fontsize=\"17\" data-lineheight=\"21.25px\" class=\"fusion-responsive-typography-calculated\" style=\"--fontSize:17; line-height: 1.25; --minFontSize:17;\">Addictions Recovery Center, Inc (ARC) in Medford, Oregon is a behavioral health agency providing a trauma-informed, comprehensive continuum of substance use and co-occurring mental health disorder treatment services in Southern Oregon. We are seeking<span style=\"font-size: 16px;\"> Residential Support Specialists with Certified Recovery Mentor (CRM) or Peer Support Specialist (PSS) certification to provide patient-centered care for clients in our Women\u2019s residential treatment facility. Residential Support Specialists are an integral part of our residential clinical team, requiring the ability to motivate, deescalate and coach clients during their stay in residential. The CRM\/PSS certification includes training in motivational interviewing which sets the foundation for successful communication and general interaction with clients and coworkers.<\/span><\/h3>\n<h3 data-fontsize=\"17\" data-lineheight=\"21.25px\" class=\"fusion-responsive-typography-calculated\" style=\"--fontSize:17; line-height: 1.25; --minFontSize:17;\">Residential Support Specialists provide services 24 hours a day\/7 days a week, including graveyard shifts and holidays. Once trained, the successful candidates will receive a set night shift schedule, either Tuesday to Friday or Friday to Monday, from 1:00 pm to 11:00 pm.<\/h3>\n<h3 class=\"\" data-fontsize=\"17\" data-lineheight=\"21.25px\">Las funciones incluir\u00e1n, entre otras, las siguientes:<\/h3>\n<h3 style=\"padding-left: 40px; --fontSize:17; line-height: 1.25; --minFontSize:17;\" data-fontsize=\"17\" data-lineheight=\"21.25px\" class=\"fusion-responsive-typography-calculated\">\u2022 Gathering and assessing patient and client information to evaluate needs;<br \/>\n\u2022 Ensuring clients maintain their daily treatment schedule;<br \/>\n\u2022 Assisting clients with medication, taking vitals (temperature, pulse rate, respiration rate, blood pressure) and performing UAs;<br \/>\n\u2022 Completing required documentation;<br \/>\n\u2022 Performing client room and chore checks; and<br \/>\n\u2022 Assisting the team with unit laundry, supply maintenance, light cleaning and visit preparation.<\/h3>\n<h3 class=\"fusion-responsive-typography-calculated\" data-fontsize=\"17\" data-lineheight=\"21.25px\" style=\"--fontSize:17; line-height: 1.25; --minFontSize:17;\">La capacitaci\u00f3n, las credenciales y las habilidades deben incluir lo siguiente:<\/h3>\n<h3 style=\"padding-left: 40px; --fontSize:17; line-height: 1.25; --minFontSize:17;\" data-fontsize=\"17\" data-lineheight=\"21.25px\" class=\"fusion-responsive-typography-calculated\">\u2022 A valid CRM certification through MHACBO or PSS \u2013 Adult Addiction certification through OHA (ARC may assist a qualified candidate with obtaining CRM\/PSS certification);<br \/>\n\u2022 Client care experience in addictions treatment, medical, or other human services environment;<br \/>\n\u2022 Ability to learn and provide trauma-informed crisis intervention and de-escalation;<br \/>\n\u2022 Commitment to client success and great listening skills;<br \/>\n\u2022 Professional demeanor and good communication skills;<br \/>\n\u2022 High School diploma or equivalent is preferred;<br \/>\n\u2022 Valid driver license and proof of insurance is required;<br \/>\n\u2022 Current CPR and First Aid Certification (or obtain within 90 days of hire);<br \/>\n\u2022 Moderate competency in computer use, keyboarding, and MS Office products;<\/h3>\n<h3 data-fontsize=\"17\" data-lineheight=\"21.25px\" class=\"fusion-responsive-typography-calculated\" style=\"--fontSize:17; line-height: 1.25; --minFontSize:17;\">La remuneraci\u00f3n y los beneficios incluyen los siguientes:<\/h3>\n<h3 style=\"padding-left: 40px; --fontSize:17; line-height: 1.25; --minFontSize:17;\" data-fontsize=\"17\" data-lineheight=\"21.25px\" class=\"fusion-responsive-typography-calculated\">\u2022 ARC employees work no more than four-days a week to ensure they can maintain a healthy work and life balance;<br \/>\n\u2022 Starting salary for candidate with CRM certification ranging from $18.98 to 21.83 per hour, depending on credentials, skills and experience; or<br \/>\n\u2022 Starting wage for candidate needing CRM training\/certification ranging from $17.10 to $19.67 per hour, depending on skills and experience;<br \/>\n\u2022 $1.00 per hour additional night differential for eligible night shift hours;<br \/>\n\u2022 $1,250.00 sign-on bonus for the successful candidate (paid in two installments, 50% at three months active employment, remaining 50% at six months active employment);<br \/>\n\u2022 Health, dental, life, and LTD benefits at no cost for employee;<br \/>\n\u2022 Voluntary 401k retirement with employer match &amp; immediate vesting;<br \/>\n\u2022 Additional optional benefits include vision, flexible spending account, and supplemental life;<br \/>\u2022 Generous Paid Leave including three (3) weeks vacation accrual annually to start, 10 paid holidays, 96 hours sick time accrual annually, plus 20 hours professional training; and<br \/>\u2022 Qualified Public Service Student Loan Forgiveness and HRSA SUD Student Loan Repayment Employer.<\/h3>\n<h3 data-fontsize=\"17\" data-lineheight=\"21.25px\" class=\"fusion-responsive-typography-calculated\" style=\"--fontSize:17; line-height: 1.25; --minFontSize:17;\">Applicants must be able to pass a criminal background check and pre-employment drug screen\u2014including medical and recreational marijuana. All inquiries confidential. Open until filled.<\/h3>\n<h3 class=\"fusion-responsive-typography-calculated\" data-fontsize=\"17\" data-lineheight=\"21.25px\" style=\"--fontSize:17; line-height: 1.25; --minFontSize:17;\">Env\u00ede un curr\u00edculum v\u00edtae completo y una carta de presentaci\u00f3n en la que explique brevemente de qu\u00e9 modo califica para este puesto y los motivos por los que lo solicita. Para presentar su solicitud en l\u00ednea, complete el formulario y adjunte un curr\u00edculum vitae. Tambi\u00e9n puede enviar su carta de presentaci\u00f3n y su curr\u00edculum vitae por correo electr\u00f3nico a HumanResources@AddictionsRecovery.org.<\/h3>\n<\/div><div class=\"fusion-clearfix\"><\/div><\/div><\/div><\/div><\/div><div class=\"fusion-fullwidth fullwidth-box fusion-builder-row-4 nonhundred-percent-fullwidth non-hundred-percent-height-scrolling\" style=\"--awb-border-radius-top-left:0px;--awb-border-radius-top-right:0px;--awb-border-radius-bottom-right:0px;--awb-border-radius-bottom-left:0px;--awb-flex-wrap:wrap;\" ><div class=\"fusion-builder-row fusion-row\"><div class=\"fusion-layout-column fusion_builder_column fusion-builder-column-4 fusion_builder_column_1_1 1_1 fusion-one-full fusion-column-first fusion-column-last\" style=\"--awb-bg-size:cover;\"><div class=\"fusion-column-wrapper fusion-flex-column-wrapper-legacy\"><div class=\"fusion-text fusion-text-4\"><h2 class=\"\" style=\"text-align: center;\" data-fontsize=\"24\" data-lineheight=\"21.6px\">No pierda esta oportunidad: \u00a1presente su solicitud hoy mismo!<\/h2>\n<h3 class=\"\" style=\"text-align: center;\" data-fontsize=\"17\" data-lineheight=\"21.25px\"><em>Note to applicants: As of Oct. 18, 2021, Oregon is requiring all healthcare employees to be vaccinated against COVID-19, with limited exceptions. This requirement applies to all Addictions Recovery Center, Inc. employees.<\/em><\/h3>\n<h3 class=\"\" style=\"text-align: center;\" data-fontsize=\"17\" data-lineheight=\"21.25px\">ARC is an Equal Employment Opportunity and Affirmative Action employer. We do not discriminate based upon race, religion, color, national origin, gender (including pregnancy, childbirth, or related medical conditions), sexual orientation, gender identity, gender expression, age, status as a protected veteran, status as an individual with a disability, or other applicable legally protected characteristics. LGBTQIA2S+ applicants are encouraged to apply \ud83c\udff3\ufe0f\u200d\ud83c\udf08.<\/h3>\n<p style=\"text-align: center;\">\n<div class=\"wpcf7 no-js\" id=\"wpcf7-f42186-o1\" lang=\"en-US\" dir=\"ltr\" data-wpcf7-id=\"42186\">\n<div class=\"screen-reader-response\"><p role=\"status\" aria-live=\"polite\" aria-atomic=\"true\"><\/p> <ul><\/ul><\/div>\n<form action=\"\/es\/wp-json\/wp\/v2\/pages\/41417#wpcf7-f42186-o1\" method=\"post\" class=\"wpcf7-form init\" aria-label=\"Contact form\" enctype=\"multipart\/form-data\" novalidate=\"novalidate\" data-status=\"init\" data-trp-original-action=\"\/es\/wp-json\/wp\/v2\/pages\/41417#wpcf7-f42186-o1\">\n<fieldset class=\"hidden-fields-container\"><input type=\"hidden\" name=\"_wpcf7\" value=\"42186\" \/><input type=\"hidden\" name=\"_wpcf7_version\" value=\"6.1.4\" \/><input type=\"hidden\" name=\"_wpcf7_locale\" value=\"en_US\" \/><input type=\"hidden\" name=\"_wpcf7_unit_tag\" value=\"wpcf7-f42186-o1\" \/><input type=\"hidden\" name=\"_wpcf7_container_post\" value=\"0\" \/><input type=\"hidden\" name=\"_wpcf7_posted_data_hash\" value=\"\" \/><input type=\"hidden\" name=\"_wpcf7_recaptcha_response\" value=\"\" \/>\n<\/fieldset>\n<p>Su nombre (obligatorio)\n<\/p>\n<p><span class=\"wpcf7-form-control-wrap\" data-name=\"your-name\"><input size=\"40\" maxlength=\"400\" class=\"wpcf7-form-control wpcf7-text wpcf7-validates-as-required\" aria-required=\"true\" aria-invalid=\"false\" value=\"\" type=\"text\" name=\"your-name\" \/><\/span>\n<\/p>\n<p>Su correo electr\u00f3nico (obligatorio)\n<\/p>\n<p><span class=\"wpcf7-form-control-wrap\" data-name=\"your-email\"><input size=\"40\" maxlength=\"400\" class=\"wpcf7-form-control wpcf7-email wpcf7-validates-as-required wpcf7-text wpcf7-validates-as-email\" aria-required=\"true\" aria-invalid=\"false\" value=\"\" type=\"email\" name=\"your-email\" \/><\/span>\n<\/p>\n<p>N\u00famero de tel\u00e9fono de contacto (requerido)\n<\/p>\n<p><span class=\"wpcf7-form-control-wrap\" data-name=\"tel-274\"><input size=\"40\" maxlength=\"400\" class=\"wpcf7-form-control wpcf7-tel wpcf7-validates-as-required wpcf7-text wpcf7-validates-as-tel classbar\" id=\"idfoo\" aria-required=\"true\" aria-invalid=\"false\" placeholder=\"\" value=\"\" type=\"tel\" name=\"tel-274\" \/><\/span>\n<\/p>\n<p>\u00bfPosici\u00f3n que est\u00e1s solicitando? (requerido)\n<\/p>\n<p><span class=\"wpcf7-form-control-wrap\" data-name=\"your-subject\"><input size=\"40\" maxlength=\"400\" class=\"wpcf7-form-control wpcf7-text wpcf7-validates-as-required\" aria-required=\"true\" aria-invalid=\"false\" value=\"\" type=\"text\" name=\"your-subject\" \/><\/span>\n<\/p>\n<p>Carta de presentaci\u00f3n (obligatoria)\n<\/p>\n<p><span class=\"wpcf7-form-control-wrap\" data-name=\"your-message\"><textarea cols=\"40\" rows=\"10\" maxlength=\"2000\" class=\"wpcf7-form-control wpcf7-textarea wpcf7-validates-as-required\" aria-required=\"true\" aria-invalid=\"false\" name=\"your-message\"><\/textarea><\/span>\n<\/p>\n<p>Enviar curr\u00edculum (pdf\/doc\/docx - 5mb m\u00e1x.)<br \/>\n<span class=\"wpcf7-form-control-wrap\" data-name=\"file-795\"><input size=\"40\" class=\"wpcf7-form-control wpcf7-file wpcf7-validates-as-required classbar\" accept=\".pdf,.doc,.docx,.txt\" aria-required=\"true\" aria-invalid=\"false\" type=\"file\" name=\"file-795\" \/><\/span>\n<\/p>\n<p><input class=\"wpcf7-form-control wpcf7-submit has-spinner\" type=\"submit\" value=\"Enviar\" \/>\n<\/p><input type='hidden' class='wpcf7-pum' value='{\"closepopup\":false,\"closedelay\":0,\"openpopup\":false,\"openpopup_id\":0}' \/><div class=\"fusion-alert alert custom alert-custom fusion-alert-center wpcf7-response-output fusion-alert-capitalize awb-alert-native-link-color alert-dismissable awb-alert-close-boxed\" style=\"--awb-border-top-left-radius:0px;--awb-border-top-right-radius:0px;--awb-border-bottom-left-radius:0px;--awb-border-bottom-right-radius:0px;\" role=\"alert\"><div class=\"fusion-alert-content-wrapper\"><span class=\"fusion-alert-content\"><\/span><\/div><button type=\"button\" class=\"close toggle-alert\" data-dismiss=\"alert\" aria-label=\"Close\">\u00d7<\/button><\/div>\n<input type=\"hidden\" name=\"trp-form-language\" value=\"es\"\/><\/form>\n<\/div>\n<\/p>\n<p style=\"text-align: center;\">\n<\/div><div class=\"fusion-clearfix\"><\/div><\/div><\/div><\/div><\/div><div class=\"fusion-fullwidth fullwidth-box fusion-builder-row-5 nonhundred-percent-fullwidth non-hundred-percent-height-scrolling\" style=\"--awb-border-radius-top-left:0px;--awb-border-radius-top-right:0px;--awb-border-radius-bottom-right:0px;--awb-border-radius-bottom-left:0px;--awb-flex-wrap:wrap;\" ><div class=\"fusion-builder-row fusion-row\"><div class=\"fusion-layout-column fusion_builder_column fusion-builder-column-5 fusion_builder_column_1_1 1_1 fusion-one-full fusion-column-first fusion-column-last\" style=\"--awb-bg-size:cover;\"><div class=\"fusion-column-wrapper fusion-flex-column-wrapper-legacy\"><div class=\"fusion-text fusion-text-5\"><\/div><div class=\"fusion-clearfix\"><\/div><\/div><\/div><\/div><\/div><\/p>","protected":false},"excerpt":{"rendered":"","protected":false},"author":5,"featured_media":20311,"parent":0,"menu_order":0,"comment_status":"closed","ping_status":"closed","template":"","meta":{"ngg_post_thumbnail":0,"footnotes":""},"class_list":["post-41417","page","type-page","status-publish","has-post-thumbnail","hentry"],"yoast_head":"<!-- This site is optimized with the Yoast SEO plugin v26.7 - https:\/\/yoast.com\/wordpress\/plugins\/seo\/ -->\n<title>Women\u2019s Residential Support Specialist \u2013 Swing Shift - Addictions Recovery Center<\/title>\n<meta name=\"robots\" content=\"index, follow, max-snippet:-1, max-image-preview:large, max-video-preview:-1\" \/>\n<link rel=\"canonical\" href=\"https:\/\/www.addictionsrecovery.org\/es\/womens-residential-support-specialist-swing-shift\/\" \/>\n<meta property=\"og:locale\" content=\"es_MX\" \/>\n<meta property=\"og:type\" content=\"article\" \/>\n<meta property=\"og:title\" content=\"Women\u2019s Residential Support Specialist \u2013 Swing Shift - Addictions Recovery Center\" \/>\n<meta property=\"og:url\" content=\"https:\/\/www.addictionsrecovery.org\/es\/womens-residential-support-specialist-swing-shift\/\" \/>\n<meta property=\"og:site_name\" content=\"Addictions Recovery Center\" \/>\n<meta property=\"article:publisher\" content=\"https:\/\/www.facebook.com\/ARC541\" \/>\n<meta property=\"article:modified_time\" content=\"2022-07-11T16:34:39+00:00\" \/>\n<meta property=\"og:image\" content=\"https:\/\/www.addictionsrecovery.org\/wp-content\/uploads\/2019\/05\/Reddy_House_Slider-1024x512.jpg\" \/>\n\t<meta property=\"og:image:width\" content=\"1024\" \/>\n\t<meta property=\"og:image:height\" content=\"512\" \/>\n\t<meta property=\"og:image:type\" content=\"image\/jpeg\" \/>\n<meta name=\"twitter:card\" content=\"summary_large_image\" \/>\n<meta name=\"twitter:site\" content=\"@ARC541\" \/>\n<meta name=\"twitter:label1\" content=\"Tiempo de lectura\" \/>\n\t<meta name=\"twitter:data1\" content=\"9 minutos\" \/>\n<script type=\"application\/ld+json\" class=\"yoast-schema-graph\">{\"@context\":\"https:\/\/schema.org\",\"@graph\":[{\"@type\":\"WebPage\",\"@id\":\"https:\/\/www.addictionsrecovery.org\/womens-residential-support-specialist-swing-shift\/\",\"url\":\"https:\/\/www.addictionsrecovery.org\/womens-residential-support-specialist-swing-shift\/\",\"name\":\"Women\u2019s Residential Support Specialist \u2013 Swing Shift - Addictions Recovery Center\",\"isPartOf\":{\"@id\":\"https:\/\/www.addictionsrecovery.org\/#website\"},\"primaryImageOfPage\":{\"@id\":\"https:\/\/www.addictionsrecovery.org\/womens-residential-support-specialist-swing-shift\/#primaryimage\"},\"image\":{\"@id\":\"https:\/\/www.addictionsrecovery.org\/womens-residential-support-specialist-swing-shift\/#primaryimage\"},\"thumbnailUrl\":\"https:\/\/www.addictionsrecovery.org\/wp-content\/uploads\/2019\/05\/Reddy_House_Slider.jpg\",\"datePublished\":\"2021-02-11T22:24:55+00:00\",\"dateModified\":\"2022-07-11T16:34:39+00:00\",\"breadcrumb\":{\"@id\":\"https:\/\/www.addictionsrecovery.org\/womens-residential-support-specialist-swing-shift\/#breadcrumb\"},\"inLanguage\":\"es\",\"potentialAction\":[{\"@type\":\"ReadAction\",\"target\":[\"https:\/\/www.addictionsrecovery.org\/womens-residential-support-specialist-swing-shift\/\"]}]},{\"@type\":\"ImageObject\",\"inLanguage\":\"es\",\"@id\":\"https:\/\/www.addictionsrecovery.org\/womens-residential-support-specialist-swing-shift\/#primaryimage\",\"url\":\"https:\/\/www.addictionsrecovery.org\/wp-content\/uploads\/2019\/05\/Reddy_House_Slider.jpg\",\"contentUrl\":\"https:\/\/www.addictionsrecovery.org\/wp-content\/uploads\/2019\/05\/Reddy_House_Slider.jpg\",\"width\":5569,\"height\":2785,\"caption\":\"Group of Women Socialize Teamwork Happiness Concept\"},{\"@type\":\"BreadcrumbList\",\"@id\":\"https:\/\/www.addictionsrecovery.org\/womens-residential-support-specialist-swing-shift\/#breadcrumb\",\"itemListElement\":[{\"@type\":\"ListItem\",\"position\":1,\"name\":\"Home\",\"item\":\"https:\/\/www.addictionsrecovery.org\/\"},{\"@type\":\"ListItem\",\"position\":2,\"name\":\"Women\u2019s Residential Support Specialist \u2013 Swing Shift\"}]},{\"@type\":\"WebSite\",\"@id\":\"https:\/\/www.addictionsrecovery.org\/#website\",\"url\":\"https:\/\/www.addictionsrecovery.org\/\",\"name\":\"Addictions Recovery Center\",\"description\":\"Addictions Recovery Center\",\"potentialAction\":[{\"@type\":\"SearchAction\",\"target\":{\"@type\":\"EntryPoint\",\"urlTemplate\":\"https:\/\/www.addictionsrecovery.org\/?s={search_term_string}\"},\"query-input\":{\"@type\":\"PropertyValueSpecification\",\"valueRequired\":true,\"valueName\":\"search_term_string\"}}],\"inLanguage\":\"es\"}]}<\/script>\n<!-- \/ Yoast SEO plugin. -->","yoast_head_json":{"title":"Women\u2019s Residential Support Specialist \u2013 Swing Shift - Addictions Recovery Center","robots":{"index":"index","follow":"follow","max-snippet":"max-snippet:-1","max-image-preview":"max-image-preview:large","max-video-preview":"max-video-preview:-1"},"canonical":"https:\/\/www.addictionsrecovery.org\/es\/womens-residential-support-specialist-swing-shift\/","og_locale":"es_MX","og_type":"article","og_title":"Women\u2019s Residential Support Specialist \u2013 Swing Shift - Addictions Recovery Center","og_url":"https:\/\/www.addictionsrecovery.org\/es\/womens-residential-support-specialist-swing-shift\/","og_site_name":"Addictions Recovery Center","article_publisher":"https:\/\/www.facebook.com\/ARC541","article_modified_time":"2022-07-11T16:34:39+00:00","og_image":[{"width":1024,"height":512,"url":"https:\/\/www.addictionsrecovery.org\/wp-content\/uploads\/2019\/05\/Reddy_House_Slider-1024x512.jpg","type":"image\/jpeg"}],"twitter_card":"summary_large_image","twitter_site":"@ARC541","twitter_misc":{"Tiempo de lectura":"9 minutos"},"schema":{"@context":"https:\/\/schema.org","@graph":[{"@type":"WebPage","@id":"https:\/\/www.addictionsrecovery.org\/womens-residential-support-specialist-swing-shift\/","url":"https:\/\/www.addictionsrecovery.org\/womens-residential-support-specialist-swing-shift\/","name":"Women\u2019s Residential Support Specialist \u2013 Swing Shift - Addictions Recovery Center","isPartOf":{"@id":"https:\/\/www.addictionsrecovery.org\/#website"},"primaryImageOfPage":{"@id":"https:\/\/www.addictionsrecovery.org\/womens-residential-support-specialist-swing-shift\/#primaryimage"},"image":{"@id":"https:\/\/www.addictionsrecovery.org\/womens-residential-support-specialist-swing-shift\/#primaryimage"},"thumbnailUrl":"https:\/\/www.addictionsrecovery.org\/wp-content\/uploads\/2019\/05\/Reddy_House_Slider.jpg","datePublished":"2021-02-11T22:24:55+00:00","dateModified":"2022-07-11T16:34:39+00:00","breadcrumb":{"@id":"https:\/\/www.addictionsrecovery.org\/womens-residential-support-specialist-swing-shift\/#breadcrumb"},"inLanguage":"es","potentialAction":[{"@type":"ReadAction","target":["https:\/\/www.addictionsrecovery.org\/womens-residential-support-specialist-swing-shift\/"]}]},{"@type":"ImageObject","inLanguage":"es","@id":"https:\/\/www.addictionsrecovery.org\/womens-residential-support-specialist-swing-shift\/#primaryimage","url":"https:\/\/www.addictionsrecovery.org\/wp-content\/uploads\/2019\/05\/Reddy_House_Slider.jpg","contentUrl":"https:\/\/www.addictionsrecovery.org\/wp-content\/uploads\/2019\/05\/Reddy_House_Slider.jpg","width":5569,"height":2785,"caption":"Group of Women Socialize Teamwork Happiness Concept"},{"@type":"BreadcrumbList","@id":"https:\/\/www.addictionsrecovery.org\/womens-residential-support-specialist-swing-shift\/#breadcrumb","itemListElement":[{"@type":"ListItem","position":1,"name":"Home","item":"https:\/\/www.addictionsrecovery.org\/"},{"@type":"ListItem","position":2,"name":"Women\u2019s Residential Support Specialist \u2013 Swing Shift"}]},{"@type":"WebSite","@id":"https:\/\/www.addictionsrecovery.org\/#website","url":"https:\/\/www.addictionsrecovery.org\/","name":"Addictions Recovery Center","description":"Addictions Recovery Center","potentialAction":[{"@type":"SearchAction","target":{"@type":"EntryPoint","urlTemplate":"https:\/\/www.addictionsrecovery.org\/?s={search_term_string}"},"query-input":{"@type":"PropertyValueSpecification","valueRequired":true,"valueName":"search_term_string"}}],"inLanguage":"es"}]}},"_links":{"self":[{"href":"https:\/\/www.addictionsrecovery.org\/es\/wp-json\/wp\/v2\/pages\/41417","targetHints":{"allow":["GET"]}}],"collection":[{"href":"https:\/\/www.addictionsrecovery.org\/es\/wp-json\/wp\/v2\/pages"}],"about":[{"href":"https:\/\/www.addictionsrecovery.org\/es\/wp-json\/wp\/v2\/types\/page"}],"author":[{"embeddable":true,"href":"https:\/\/www.addictionsrecovery.org\/es\/wp-json\/wp\/v2\/users\/5"}],"replies":[{"embeddable":true,"href":"https:\/\/www.addictionsrecovery.org\/es\/wp-json\/wp\/v2\/comments?post=41417"}],"version-history":[{"count":0,"href":"https:\/\/www.addictionsrecovery.org\/es\/wp-json\/wp\/v2\/pages\/41417\/revisions"}],"wp:featuredmedia":[{"embeddable":true,"href":"https:\/\/www.addictionsrecovery.org\/es\/wp-json\/wp\/v2\/media\/20311"}],"wp:attachment":[{"href":"https:\/\/www.addictionsrecovery.org\/es\/wp-json\/wp\/v2\/media?parent=41417"}],"curies":[{"name":"wp","href":"https:\/\/api.w.org\/{rel}","templated":true}]}}