{"id":33933,"date":"2020-02-25T00:24:37","date_gmt":"2020-02-25T00:24:37","guid":{"rendered":"https:\/\/www.addictionsrecovery.org\/?page_id=33933"},"modified":"2021-10-06T19:17:54","modified_gmt":"2021-10-06T19:17:54","slug":"medical-receptionist","status":"publish","type":"page","link":"https:\/\/www.addictionsrecovery.org\/es\/medical-receptionist\/","title":{"rendered":"Medical Receptionist"},"content":{"rendered":"<p><div class=\"fusion-fullwidth fullwidth-box fusion-builder-row-1 nonhundred-percent-fullwidth non-hundred-percent-height-scrolling\" style=\"--awb-border-radius-top-left:0px;--awb-border-radius-top-right:0px;--awb-border-radius-bottom-right:0px;--awb-border-radius-bottom-left:0px;--awb-flex-wrap:wrap;\" ><div class=\"fusion-builder-row fusion-row\"><div class=\"fusion-layout-column fusion_builder_column fusion-builder-column-0 fusion_builder_column_1_1 1_1 fusion-one-full fusion-column-first fusion-column-last\" style=\"--awb-bg-size:cover;\"><div class=\"fusion-column-wrapper fusion-flex-column-wrapper-legacy\"><div class=\"fusion-clearfix\"><\/div><\/div><\/div><\/div><\/div><div class=\"fusion-fullwidth fullwidth-box fusion-builder-row-2 nonhundred-percent-fullwidth non-hundred-percent-height-scrolling\" style=\"--awb-border-radius-top-left:0px;--awb-border-radius-top-right:0px;--awb-border-radius-bottom-right:0px;--awb-border-radius-bottom-left:0px;--awb-flex-wrap:wrap;\" ><div class=\"fusion-builder-row fusion-row\"><div class=\"fusion-layout-column fusion_builder_column fusion-builder-column-1 fusion_builder_column_1_1 1_1 fusion-one-full fusion-column-first fusion-column-last\" style=\"--awb-bg-size:cover;\"><div class=\"fusion-column-wrapper fusion-flex-column-wrapper-legacy\"><div class=\"fusion-text fusion-text-1\"><p>&nbsp;<\/p>\n<h3 class=\"fusion-responsive-typography-calculated\" style=\"text-align: center;\" data-fontsize=\"17\" data-lineheight=\"21.25px\"><em>Note to applicants: As of Oct. 18, 2021, Oregon is requiring all healthcare employees to be vaccinated against COVID-19, with limited exceptions. This requirement applies to all Addictions Recovery Center, Inc. employees.<\/em><\/h3>\n<h3>Addictions Recovery Center, Inc. (ARC) in Medford, Oregon is seeking a well-organized, computer proficient, detail-oriented individual with medical office experience and exceptional customer service skills to support our Addiction Medicine Clinic.<\/h3>\n<h3>The successful candidate will work full-time in a fast-paced medical office environment and be the first point of contact for all existing or potential clients.<\/h3>\n<h3>Duties include, but are not limited to:<\/h3>\n<h3 style=\"padding-left: 40px;\">\u2022 Assisting patients with appointments, referrals or other needs to support their treatment;<br \/>\n\u2022 Answering multiple phone lines providing information, routing calls and taking accurate and detailed messages;<br \/>\n\u2022 Assisting with required documentation in patient records;<br \/>\n\u2022 Coordinating communication among ARC providers regarding patient compliance and needs; and<br \/>\n\u2022 Receiving, sort and follow up on provider or pharmacy requests.<\/h3>\n<h3>Credentials\/Skills required include:<\/h3>\n<h3 style=\"padding-left: 40px;\">\u2022 Medical office training or experience in addictions treatment or other human services environment, required;<br \/>\n\u2022 Medical Assistant certification, preferred;<br \/>\n\u2022 Professional appearance and demeanor;<br \/>\n\u2022 Excellent client engagement and service skills;<br \/>\n\u2022 Advanced communication skills, including the ability to listen and respond accordingly; and<br \/>\n\u2022 Organizational and multi-tasking skills necessary for a variety of office activities.<\/h3>\n<h3>Compensation and benefits, including:<\/h3>\n<h3 style=\"padding-left: 40px;\">\u2022 Competitive wage from $15.50 to $17.83 per hour, based on level of skill and experience;<br \/>\n\u2022 $750.00 sign-on bonus for the successful candidate (paid in two installments, 50% at three months active employment, remaining 50% at six months active employment);<br \/>\n\u2022 Health, dental, life, and LTD benefits (at no cost for employee);<br \/>\n\u2022 Additional optional benefits: vision coverage and a flexible spending account;<br \/>\n\u2022 401k retirement plans with employer match &amp; immediate vesting;<br \/>\n\u2022 Generous Paid Leave accrual : 17 vacation days, 10 paid holidays, 9 sick days, plus 20 hours professional training; and<br \/>\n\u2022 Qualified Public Service Student Loan Forgiveness.<\/h3>\n<h3>Addictions Recovery Center, Inc. se compromete a proporcionar un ambiente seguro y saludable para nuestro personal y clientes manteniendo un lugar de trabajo libre de drogas. Los candidatos deben aprobar un control de antecedentes penales y una prueba de detecci\u00f3n de drogas previos a la contrataci\u00f3n, incluyendo una prueba de detecci\u00f3n de marihuana medicinal y recreativa. Todas las consultas son confidenciales. Abierto hasta cubrir las vacantes..<\/h3>\n<h3>Please submit a complete resume with a cover letter that briefly shares how you are qualified and why you are applying for this position. To apply online, fill out the form and attach a resume below. You may also submit your cover letter and resume by emailing <a href=\"mailto:HumanResources@AddictionsRecovery.org\"><span style=\"text-decoration: underline;\">HumanResources@AddictionsRecovery.org<\/span><\/a>.<\/h3>\n<\/div><div class=\"fusion-clearfix\"><\/div><\/div><\/div><div class=\"fusion-layout-column fusion_builder_column fusion-builder-column-2 fusion_builder_column_1_1 1_1 fusion-one-full fusion-column-first fusion-column-last\" style=\"--awb-bg-size:cover;\"><div class=\"fusion-column-wrapper fusion-flex-column-wrapper-legacy\"><div class=\"fusion-text fusion-text-2\"><h2 style=\"text-align: center;\">DON\u2019T MISS AN OPPORTUNITY TO BE PART OF THIS EXTRAORDINARY TEAM OF HEALERS\u2026 APPLY TODAY!<\/h2>\n<p style=\"text-align: center;\">\n<div class=\"wpcf7 no-js\" id=\"wpcf7-f43695-o1\" lang=\"en-US\" dir=\"ltr\" data-wpcf7-id=\"43695\">\n<div class=\"screen-reader-response\"><p role=\"status\" aria-live=\"polite\" aria-atomic=\"true\"><\/p> <ul><\/ul><\/div>\n<form action=\"\/es\/wp-json\/wp\/v2\/pages\/33933#wpcf7-f43695-o1\" method=\"post\" class=\"wpcf7-form init\" aria-label=\"Contact form\" enctype=\"multipart\/form-data\" novalidate=\"novalidate\" data-status=\"init\" data-trp-original-action=\"\/es\/wp-json\/wp\/v2\/pages\/33933#wpcf7-f43695-o1\">\n<fieldset class=\"hidden-fields-container\"><input type=\"hidden\" name=\"_wpcf7\" value=\"43695\" \/><input type=\"hidden\" name=\"_wpcf7_version\" value=\"6.1.4\" \/><input type=\"hidden\" name=\"_wpcf7_locale\" value=\"en_US\" \/><input type=\"hidden\" name=\"_wpcf7_unit_tag\" value=\"wpcf7-f43695-o1\" \/><input type=\"hidden\" name=\"_wpcf7_container_post\" value=\"0\" \/><input type=\"hidden\" name=\"_wpcf7_posted_data_hash\" value=\"\" \/><input type=\"hidden\" name=\"_wpcf7_recaptcha_response\" value=\"\" \/>\n<\/fieldset>\n<p>Su nombre (obligatorio)\n<\/p>\n<p><span class=\"wpcf7-form-control-wrap\" data-name=\"your-name\"><input size=\"40\" maxlength=\"400\" class=\"wpcf7-form-control wpcf7-text wpcf7-validates-as-required\" aria-required=\"true\" aria-invalid=\"false\" value=\"\" type=\"text\" name=\"your-name\" \/><\/span>\n<\/p>\n<p>Su correo electr\u00f3nico (obligatorio)\n<\/p>\n<p><span class=\"wpcf7-form-control-wrap\" data-name=\"your-email\"><input size=\"40\" maxlength=\"400\" class=\"wpcf7-form-control wpcf7-email wpcf7-validates-as-required wpcf7-text wpcf7-validates-as-email\" aria-required=\"true\" aria-invalid=\"false\" value=\"\" type=\"email\" name=\"your-email\" \/><\/span>\n<\/p>\n<p>N\u00famero de tel\u00e9fono de contacto (requerido)\n<\/p>\n<p><span class=\"wpcf7-form-control-wrap\" data-name=\"tel-274\"><input size=\"40\" maxlength=\"400\" class=\"wpcf7-form-control wpcf7-tel wpcf7-validates-as-required wpcf7-text wpcf7-validates-as-tel classbar\" id=\"idfoo\" aria-required=\"true\" aria-invalid=\"false\" placeholder=\"\" value=\"\" type=\"tel\" name=\"tel-274\" \/><\/span>\n<\/p>\n<p>\u00bfPosici\u00f3n que est\u00e1s solicitando? (requerido)\n<\/p>\n<p><span class=\"wpcf7-form-control-wrap\" data-name=\"your-subject\"><input size=\"40\" maxlength=\"400\" class=\"wpcf7-form-control wpcf7-text wpcf7-validates-as-required\" aria-required=\"true\" aria-invalid=\"false\" value=\"\" type=\"text\" name=\"your-subject\" \/><\/span>\n<\/p>\n<p>Carta de presentaci\u00f3n (obligatoria)\n<\/p>\n<p><span class=\"wpcf7-form-control-wrap\" data-name=\"your-message\"><textarea cols=\"40\" rows=\"10\" maxlength=\"2000\" class=\"wpcf7-form-control wpcf7-textarea wpcf7-validates-as-required\" aria-required=\"true\" aria-invalid=\"false\" name=\"your-message\"><\/textarea><\/span>\n<\/p>\n<p>Enviar curr\u00edculum (pdf\/doc\/docx - 5mb m\u00e1x.)<br \/>\n<span class=\"wpcf7-form-control-wrap\" data-name=\"file-795\"><input size=\"40\" class=\"wpcf7-form-control wpcf7-file wpcf7-validates-as-required classbar\" accept=\".pdf,.doc,.docx,.txt\" aria-required=\"true\" aria-invalid=\"false\" type=\"file\" name=\"file-795\" \/><\/span>\n<\/p>\n<p><input class=\"wpcf7-form-control wpcf7-submit has-spinner\" type=\"submit\" value=\"Enviar\" \/>\n<\/p><input type='hidden' class='wpcf7-pum' value='{\"closepopup\":false,\"closedelay\":0,\"openpopup\":false,\"openpopup_id\":0}' \/><div class=\"fusion-alert alert custom alert-custom fusion-alert-center wpcf7-response-output fusion-alert-capitalize awb-alert-native-link-color alert-dismissable awb-alert-close-boxed\" style=\"--awb-border-top-left-radius:0px;--awb-border-top-right-radius:0px;--awb-border-bottom-left-radius:0px;--awb-border-bottom-right-radius:0px;\" role=\"alert\"><div class=\"fusion-alert-content-wrapper\"><span class=\"fusion-alert-content\"><\/span><\/div><button type=\"button\" class=\"close toggle-alert\" data-dismiss=\"alert\" aria-label=\"Close\">\u00d7<\/button><\/div>\n<input type=\"hidden\" name=\"trp-form-language\" value=\"es\"\/><\/form>\n<\/div>\n<\/p>\n<h3 style=\"text-align: center;\">Addictions Recovery Center, Inc. is an Equal Employment Opportunity and Affirmative Action employer. We do not discriminate based upon race, religion, color, national origin, gender (including pregnancy, childbirth, or related medical conditions), sexual orientation, gender identity, gender expression, age, status as a protected veteran, status as an individual with a disability, or other applicable legally protected characteristics. LGBTQIA+ applicants are encouraged to apply.<\/h3>\n<\/div><div class=\"fusion-clearfix\"><\/div><\/div><\/div><\/div><\/div><\/p>","protected":false},"excerpt":{"rendered":"","protected":false},"author":5,"featured_media":0,"parent":0,"menu_order":0,"comment_status":"closed","ping_status":"closed","template":"","meta":{"ngg_post_thumbnail":0,"footnotes":""},"class_list":["post-33933","page","type-page","status-publish","hentry"],"yoast_head":"<!-- This site is optimized with the Yoast SEO plugin v26.7 - https:\/\/yoast.com\/wordpress\/plugins\/seo\/ -->\n<title>Medical Receptionist - Addictions Recovery Center<\/title>\n<meta name=\"robots\" content=\"index, follow, max-snippet:-1, max-image-preview:large, max-video-preview:-1\" \/>\n<link rel=\"canonical\" href=\"https:\/\/www.addictionsrecovery.org\/es\/medical-receptionist\/\" \/>\n<meta property=\"og:locale\" content=\"es_MX\" \/>\n<meta property=\"og:type\" content=\"article\" \/>\n<meta property=\"og:title\" content=\"Medical Receptionist - Addictions Recovery Center\" \/>\n<meta property=\"og:url\" content=\"https:\/\/www.addictionsrecovery.org\/es\/medical-receptionist\/\" \/>\n<meta property=\"og:site_name\" content=\"Addictions Recovery Center\" \/>\n<meta property=\"article:publisher\" content=\"https:\/\/www.facebook.com\/ARC541\" \/>\n<meta property=\"article:modified_time\" content=\"2021-10-06T19:17:54+00:00\" \/>\n<meta name=\"twitter:card\" content=\"summary_large_image\" \/>\n<meta name=\"twitter:site\" content=\"@ARC541\" \/>\n<meta name=\"twitter:label1\" content=\"Tiempo de lectura\" \/>\n\t<meta name=\"twitter:data1\" content=\"5 minutos\" \/>\n<script type=\"application\/ld+json\" class=\"yoast-schema-graph\">{\"@context\":\"https:\/\/schema.org\",\"@graph\":[{\"@type\":\"WebPage\",\"@id\":\"https:\/\/www.addictionsrecovery.org\/medical-receptionist\/\",\"url\":\"https:\/\/www.addictionsrecovery.org\/medical-receptionist\/\",\"name\":\"Medical Receptionist - Addictions Recovery Center\",\"isPartOf\":{\"@id\":\"https:\/\/www.addictionsrecovery.org\/#website\"},\"datePublished\":\"2020-02-25T00:24:37+00:00\",\"dateModified\":\"2021-10-06T19:17:54+00:00\",\"breadcrumb\":{\"@id\":\"https:\/\/www.addictionsrecovery.org\/medical-receptionist\/#breadcrumb\"},\"inLanguage\":\"es\",\"potentialAction\":[{\"@type\":\"ReadAction\",\"target\":[\"https:\/\/www.addictionsrecovery.org\/medical-receptionist\/\"]}]},{\"@type\":\"BreadcrumbList\",\"@id\":\"https:\/\/www.addictionsrecovery.org\/medical-receptionist\/#breadcrumb\",\"itemListElement\":[{\"@type\":\"ListItem\",\"position\":1,\"name\":\"Home\",\"item\":\"https:\/\/www.addictionsrecovery.org\/\"},{\"@type\":\"ListItem\",\"position\":2,\"name\":\"Medical Receptionist\"}]},{\"@type\":\"WebSite\",\"@id\":\"https:\/\/www.addictionsrecovery.org\/#website\",\"url\":\"https:\/\/www.addictionsrecovery.org\/\",\"name\":\"Addictions Recovery Center\",\"description\":\"Addictions Recovery Center\",\"potentialAction\":[{\"@type\":\"SearchAction\",\"target\":{\"@type\":\"EntryPoint\",\"urlTemplate\":\"https:\/\/www.addictionsrecovery.org\/?s={search_term_string}\"},\"query-input\":{\"@type\":\"PropertyValueSpecification\",\"valueRequired\":true,\"valueName\":\"search_term_string\"}}],\"inLanguage\":\"es\"}]}<\/script>\n<!-- \/ Yoast SEO plugin. -->","yoast_head_json":{"title":"Medical Receptionist - Addictions Recovery Center","robots":{"index":"index","follow":"follow","max-snippet":"max-snippet:-1","max-image-preview":"max-image-preview:large","max-video-preview":"max-video-preview:-1"},"canonical":"https:\/\/www.addictionsrecovery.org\/es\/medical-receptionist\/","og_locale":"es_MX","og_type":"article","og_title":"Medical Receptionist - Addictions Recovery Center","og_url":"https:\/\/www.addictionsrecovery.org\/es\/medical-receptionist\/","og_site_name":"Addictions Recovery Center","article_publisher":"https:\/\/www.facebook.com\/ARC541","article_modified_time":"2021-10-06T19:17:54+00:00","twitter_card":"summary_large_image","twitter_site":"@ARC541","twitter_misc":{"Tiempo de lectura":"5 minutos"},"schema":{"@context":"https:\/\/schema.org","@graph":[{"@type":"WebPage","@id":"https:\/\/www.addictionsrecovery.org\/medical-receptionist\/","url":"https:\/\/www.addictionsrecovery.org\/medical-receptionist\/","name":"Medical Receptionist - Addictions Recovery Center","isPartOf":{"@id":"https:\/\/www.addictionsrecovery.org\/#website"},"datePublished":"2020-02-25T00:24:37+00:00","dateModified":"2021-10-06T19:17:54+00:00","breadcrumb":{"@id":"https:\/\/www.addictionsrecovery.org\/medical-receptionist\/#breadcrumb"},"inLanguage":"es","potentialAction":[{"@type":"ReadAction","target":["https:\/\/www.addictionsrecovery.org\/medical-receptionist\/"]}]},{"@type":"BreadcrumbList","@id":"https:\/\/www.addictionsrecovery.org\/medical-receptionist\/#breadcrumb","itemListElement":[{"@type":"ListItem","position":1,"name":"Home","item":"https:\/\/www.addictionsrecovery.org\/"},{"@type":"ListItem","position":2,"name":"Medical Receptionist"}]},{"@type":"WebSite","@id":"https:\/\/www.addictionsrecovery.org\/#website","url":"https:\/\/www.addictionsrecovery.org\/","name":"Addictions Recovery Center","description":"Addictions Recovery Center","potentialAction":[{"@type":"SearchAction","target":{"@type":"EntryPoint","urlTemplate":"https:\/\/www.addictionsrecovery.org\/?s={search_term_string}"},"query-input":{"@type":"PropertyValueSpecification","valueRequired":true,"valueName":"search_term_string"}}],"inLanguage":"es"}]}},"_links":{"self":[{"href":"https:\/\/www.addictionsrecovery.org\/es\/wp-json\/wp\/v2\/pages\/33933","targetHints":{"allow":["GET"]}}],"collection":[{"href":"https:\/\/www.addictionsrecovery.org\/es\/wp-json\/wp\/v2\/pages"}],"about":[{"href":"https:\/\/www.addictionsrecovery.org\/es\/wp-json\/wp\/v2\/types\/page"}],"author":[{"embeddable":true,"href":"https:\/\/www.addictionsrecovery.org\/es\/wp-json\/wp\/v2\/users\/5"}],"replies":[{"embeddable":true,"href":"https:\/\/www.addictionsrecovery.org\/es\/wp-json\/wp\/v2\/comments?post=33933"}],"version-history":[{"count":0,"href":"https:\/\/www.addictionsrecovery.org\/es\/wp-json\/wp\/v2\/pages\/33933\/revisions"}],"wp:attachment":[{"href":"https:\/\/www.addictionsrecovery.org\/es\/wp-json\/wp\/v2\/media?parent=33933"}],"curies":[{"name":"wp","href":"https:\/\/api.w.org\/{rel}","templated":true}]}}