{"id":280,"date":"2015-07-02T18:15:23","date_gmt":"2015-07-02T18:15:23","guid":{"rendered":"http:\/\/173.192.145.140\/~addictionsrec\/?page_id=280"},"modified":"2024-06-27T20:23:27","modified_gmt":"2024-06-27T20:23:27","slug":"privacy-policy","status":"publish","type":"page","link":"https:\/\/www.addictionsrecovery.org\/es\/privacy-policy\/","title":{"rendered":"Pol\u00edtica de Privacidad"},"content":{"rendered":"<p><div class=\"fusion-fullwidth fullwidth-box fusion-builder-row-1 fusion-flex-container has-pattern-background has-mask-background nonhundred-percent-fullwidth non-hundred-percent-height-scrolling\" style=\"--awb-border-radius-top-left:0px;--awb-border-radius-top-right:0px;--awb-border-radius-bottom-right:0px;--awb-border-radius-bottom-left:0px;--awb-flex-wrap:wrap;\" ><div class=\"fusion-builder-row fusion-row fusion-flex-align-items-flex-start fusion-flex-content-wrap\" style=\"max-width:1456px;margin-left: calc(-4% \/ 2 );margin-right: calc(-4% \/ 2 );\"><div class=\"fusion-layout-column fusion_builder_column fusion-builder-column-0 fusion_builder_column_1_1 1_1 fusion-flex-column\" style=\"--awb-bg-size:cover;--awb-width-large:100%;--awb-margin-top-large:0px;--awb-spacing-right-large:1.92%;--awb-margin-bottom-large:20px;--awb-spacing-left-large:1.92%;--awb-width-medium:100%;--awb-order-medium:0;--awb-spacing-right-medium:1.92%;--awb-spacing-left-medium:1.92%;--awb-width-small:100%;--awb-order-small:0;--awb-spacing-right-small:1.92%;--awb-spacing-left-small:1.92%;\"><div class=\"fusion-column-wrapper fusion-column-has-shadow fusion-flex-justify-content-flex-start fusion-content-layout-column\"><\/div><\/div><\/div><\/div><div class=\"fusion-fullwidth fullwidth-box fusion-builder-row-2 nonhundred-percent-fullwidth non-hundred-percent-height-scrolling\" style=\"--awb-background-position:left top;--awb-border-sizes-top:0px;--awb-border-sizes-bottom:0px;--awb-border-sizes-left:0px;--awb-border-sizes-right:0px;--awb-border-radius-top-left:0px;--awb-border-radius-top-right:0px;--awb-border-radius-bottom-right:0px;--awb-border-radius-bottom-left:0px;--awb-padding-top:20px;--awb-padding-right:0px;--awb-padding-bottom:20px;--awb-padding-left:0px;--awb-flex-wrap:wrap;\" ><div class=\"fusion-builder-row fusion-row\"><div class=\"fusion-layout-column fusion_builder_column fusion-builder-column-1 fusion_builder_column_1_1 1_1 fusion-one-full fusion-column-first fusion-column-last\" style=\"--awb-bg-size:cover;\"><div class=\"fusion-column-wrapper fusion-flex-column-wrapper-legacy\"><div class=\"fusion-text fusion-text-1\"><p><span style=\"color: rgb(255, 255, 255); font-size: 20px; line-height: 25px; letter-spacing: 1px;\" data-fusion-font=\"true\">Esta pol\u00edtica de privacidad engloba las pr\u00e1cticas de privacidad de <\/span><span style=\"text-decoration: underline;\"><a href=\"https:\/\/www.addictionsrecovery.org\/es\/\" style=\"color: rgb(255, 255, 255); font-size: 20px; line-height: 25px; letter-spacing: 1px;\" data-fusion-font=\"true\">https:\/\/www.addictionsrecovery.org\/<\/a><\/span><span style=\"color: rgb(255, 255, 255); font-size: 20px; line-height: 25px; letter-spacing: 1px;\" data-fusion-font=\"true\">Esta pol\u00edtica de privacidad se aplica exclusivamente a la informaci\u00f3n recolectada por este sitio web. Se le notificar\u00e1 lo siguiente:<\/span><\/p>\n<ol>\n<li>\n<div><span style=\"color: rgb(255, 255, 255); font-size: 20px; line-height: 25px; letter-spacing: 1px;\" data-fusion-font=\"true\">qu\u00e9 informaci\u00f3n personal identificable se recolecta de usted a trav\u00e9s del sitio web, c\u00f3mo se utiliza y con qui\u00e9n puede compartirse;<\/span><\/div>\n<\/li>\n<li>\n<div><span style=\"color: rgb(255, 255, 255); font-size: 20px; line-height: 25px; letter-spacing: 1px;\" data-fusion-font=\"true\">qu\u00e9 opciones tiene en relaci\u00f3n con el uso de sus datos;<\/span><\/div>\n<\/li>\n<li>\n<div><span style=\"color: rgb(255, 255, 255); font-size: 20px; line-height: 25px; letter-spacing: 1px;\" data-fusion-font=\"true\">qu\u00e9 procedimientos de seguridad se implementaron para proteger el uso indebido de su informaci\u00f3n; y<\/span><\/div>\n<\/li>\n<li>\n<div><span style=\"color: rgb(255, 255, 255); font-size: 20px; line-height: 25px; letter-spacing: 1px;\" data-fusion-font=\"true\">c\u00f3mo puede corregir cualquier inexactitud en la informaci\u00f3n.<\/span><\/div>\n<\/li>\n<\/ol>\n<p><b><i><span style=\"color: rgb(255, 255, 255); font-size: 20px; line-height: 25px; letter-spacing: 1px;\" data-fusion-font=\"true\">Recolecci\u00f3n, uso e intercambio de informaci\u00f3n<\/span><br \/><\/i><\/b><span style=\"color: rgb(255, 255, 255); font-size: 20px; line-height: 25px; letter-spacing: 1px;\" data-fusion-font=\"true\"><br \/>\nSomos los \u00fanicos propietarios de la informaci\u00f3n recolectada en este sitio. Solamente recolectamos y tenemos acceso a la informaci\u00f3n que usted nos proporciona voluntariamente por correo electr\u00f3nico o por otro medio de contacto directo. No venderemos ni alquilaremos esta informaci\u00f3n a otros.<\/span><\/p>\n<p style=\"color: rgb(255, 255, 255); font-size: 20px; line-height: 25px; letter-spacing: 1px;\" data-fusion-font=\"true\">Utilizaremos su informaci\u00f3n para responderle en relaci\u00f3n con el motivo por el que se comunic\u00f3 con nosotros. No compartiremos su informaci\u00f3n con terceros ajenos a nuestra organizaci\u00f3n, salvo cuando sea necesario para satisfacer su solicitud, por ejemplo, para el env\u00edo de un pedido.<\/p>\n<p style=\"color: rgb(255, 255, 255); font-size: 20px; line-height: 25px; letter-spacing: 1px;\" data-fusion-font=\"true\">Salvo que nos pida que no lo hagamos, es posible que nos pongamos en contacto con usted por correo electr\u00f3nico en el futuro para informarle sobre ofertas especiales, nuevos productos o servicios, o cambios en esta pol\u00edtica de privacidad.<\/p>\n<p><span style=\"color: rgb(255, 255, 255); font-size: 20px; line-height: 25px; letter-spacing: 1px;\" data-fusion-font=\"true\"><b><i><span style=\"color: rgb(255, 255, 255);\">Acceso y control de la informaci\u00f3n<\/span><\/i><\/b><\/span><\/p>\n<p><span style=\"color: rgb(255, 255, 255); font-size: 20px; line-height: 25px; letter-spacing: 1px;\" data-fusion-font=\"true\">En cualquier momento usted puede optar por que no lo volvamos a contactar. Puede hacer lo siguiente cuando lo desee, poni\u00e9ndose en contacto con nosotros a trav\u00e9s de la direcci\u00f3n de correo electr\u00f3nico o del n\u00famero de tel\u00e9fono que figura en nuestro sitio web:<\/span><\/p>\n<ul>\n<li><span style=\"color: rgb(255, 255, 255); font-size: 20px; letter-spacing: 1px; font-family: var(--awb-text-font-family); font-style: var(--awb-text-font-style); font-weight: var(--awb-text-font-weight); text-align: var(--awb-content-alignment); text-transform: var(--awb-text-transform); background-color: var(--awb-bg-color);\">ver qu\u00e9 datos tenemos sobre usted, si los hay;<\/span><\/li>\n<li><span style=\"color: rgb(255, 255, 255); font-size: 20px; letter-spacing: 1px; font-family: var(--awb-text-font-family); font-style: var(--awb-text-font-style); font-weight: var(--awb-text-font-weight); text-align: var(--awb-content-alignment); text-transform: var(--awb-text-transform); background-color: var(--awb-bg-color);\">modificar o corregir los datos que tengamos sobre usted;<\/span><\/li>\n<li><span style=\"color: rgb(255, 255, 255); font-size: 20px; letter-spacing: 1px; font-family: var(--awb-text-font-family); font-style: var(--awb-text-font-style); font-weight: var(--awb-text-font-weight); text-align: var(--awb-content-alignment); text-transform: var(--awb-text-transform); background-color: var(--awb-bg-color);\">pedirnos que borremos los datos que tenemos sobre usted; y<\/span><\/li>\n<li><span style=\"color: rgb(255, 255, 255); font-size: 20px; letter-spacing: 1px; font-family: var(--awb-text-font-family); font-style: var(--awb-text-font-style); font-weight: var(--awb-text-font-weight); text-align: var(--awb-content-alignment); text-transform: var(--awb-text-transform); background-color: var(--awb-bg-color);\">expresar cualquier preocupaci\u00f3n que tenga sobre el uso que hacemos de sus datos.<\/span><\/li>\n<\/ul>\n<p><span style=\"color: rgb(255, 255, 255);\"><\/span><\/p>\n<\/p>\n<p><b><i><span style=\"color: rgb(255, 255, 255); font-size: 20px; line-height: 25px; letter-spacing: 1px;\" data-fusion-font=\"true\">Seguridad<\/span><\/i><\/b><\/p>\n<p><span style=\"color: rgb(255, 255, 255); font-size: 20px; letter-spacing: 1px; font-family: var(--awb-text-font-family); font-style: var(--awb-text-font-style); font-weight: var(--awb-text-font-weight); text-align: var(--awb-content-alignment); text-transform: var(--awb-text-transform); background-color: var(--awb-bg-color-hover);\">Tomamos precauciones para proteger su informaci\u00f3n. Cuando usted env\u00eda informaci\u00f3n sensible a trav\u00e9s del sitio web, sus datos est\u00e1n protegidos tanto en l\u00ednea como fuera de l\u00ednea.<\/span><b><i><br \/><\/i><\/b><\/p>\n<p style=\"color: rgb(255, 255, 255); font-size: 20px; line-height: 25px; letter-spacing: 1px;\" data-fusion-font=\"true\">Siempre que recolectamos informaci\u00f3n sensible (como datos de tarjetas de cr\u00e9dito), esa informaci\u00f3n se cifra y se nos transmite de forma segura. Puede comprobarlo buscando un icono de candado cerrado en la parte inferior de su navegador o \"https\" al inicio de la direcci\u00f3n de la p\u00e1gina web.<\/p>\n<p style=\"color: rgb(255, 255, 255); font-size: 20px; line-height: 25px; letter-spacing: 1px;\" data-fusion-font=\"true\">Aunque utilizamos el cifrado para proteger informaci\u00f3n sensible transmitida en l\u00ednea, tambi\u00e9n protegemos su informaci\u00f3n fuera de l\u00ednea. Solamente los empleados que necesitan la informaci\u00f3n para realizar un trabajo espec\u00edfico (por ejemplo, facturaci\u00f3n o atenci\u00f3n al cliente) tienen acceso a la informaci\u00f3n de identificaci\u00f3n personal. Las computadoras y los servidores en los que guardamos informaci\u00f3n de identificaci\u00f3n personal se mantienen en un entorno seguro.<\/p>\n<p><span style=\"color: rgb(255, 255, 255); font-size: 20px; line-height: 25px; letter-spacing: 1px;\" data-fusion-font=\"true\"><b><i>Actualizaciones<\/i><\/b><\/span><\/p>\n<p style=\"color: rgb(255, 255, 255); font-size: 20px; line-height: 25px; letter-spacing: 1px;\" data-fusion-font=\"true\">Nuestra pol\u00edtica de privacidad puede modificarse de vez en cuando y todas las actualizaciones se publicar\u00e1n en esta p\u00e1gina.<\/p>\n<p><strong style=\"color: rgb(255, 255, 255); font-size: 20px; line-height: 25px; letter-spacing: 1px;\" data-fusion-font=\"true\">Si usted considera que no estamos cumpliendo esta pol\u00edtica de privacidad, p\u00f3ngase en contacto con nosotros inmediatamente por tel\u00e9fono llamando al (541) 326-4901 o a trav\u00e9s del formulario de contacto de esta p\u00e1gina web.<\/strong><\/p>\n<\/div><div class=\"fusion-clearfix\"><\/div><\/div><\/div><\/div><\/div><\/p>","protected":false},"excerpt":{"rendered":"","protected":false},"author":1,"featured_media":0,"parent":0,"menu_order":0,"comment_status":"open","ping_status":"open","template":"","meta":{"ngg_post_thumbnail":0,"footnotes":""},"class_list":["post-280","page","type-page","status-publish","hentry"],"yoast_head":"<!-- This site is optimized with the Yoast SEO plugin v26.7 - https:\/\/yoast.com\/wordpress\/plugins\/seo\/ -->\n<title>Privacy Policy - Addictions Recovery Center<\/title>\n<meta name=\"robots\" content=\"index, follow, max-snippet:-1, max-image-preview:large, max-video-preview:-1\" \/>\n<link rel=\"canonical\" href=\"https:\/\/www.addictionsrecovery.org\/es\/privacy-policy\/\" \/>\n<meta property=\"og:locale\" content=\"es_MX\" \/>\n<meta property=\"og:type\" content=\"article\" \/>\n<meta property=\"og:title\" content=\"Privacy Policy - Addictions Recovery Center\" \/>\n<meta property=\"og:url\" content=\"https:\/\/www.addictionsrecovery.org\/es\/privacy-policy\/\" \/>\n<meta property=\"og:site_name\" content=\"Addictions Recovery Center\" \/>\n<meta property=\"article:publisher\" content=\"https:\/\/www.facebook.com\/ARC541\" \/>\n<meta property=\"article:modified_time\" content=\"2024-06-27T20:23:27+00:00\" \/>\n<meta name=\"twitter:card\" content=\"summary_large_image\" \/>\n<meta name=\"twitter:site\" content=\"@ARC541\" \/>\n<meta name=\"twitter:label1\" content=\"Tiempo de lectura\" \/>\n\t<meta name=\"twitter:data1\" content=\"5 minutos\" \/>\n<script type=\"application\/ld+json\" class=\"yoast-schema-graph\">{\"@context\":\"https:\/\/schema.org\",\"@graph\":[{\"@type\":\"WebPage\",\"@id\":\"https:\/\/www.addictionsrecovery.org\/privacy-policy\/\",\"url\":\"https:\/\/www.addictionsrecovery.org\/privacy-policy\/\",\"name\":\"Privacy Policy - Addictions Recovery Center\",\"isPartOf\":{\"@id\":\"https:\/\/www.addictionsrecovery.org\/#website\"},\"datePublished\":\"2015-07-02T18:15:23+00:00\",\"dateModified\":\"2024-06-27T20:23:27+00:00\",\"breadcrumb\":{\"@id\":\"https:\/\/www.addictionsrecovery.org\/privacy-policy\/#breadcrumb\"},\"inLanguage\":\"es\",\"potentialAction\":[{\"@type\":\"ReadAction\",\"target\":[\"https:\/\/www.addictionsrecovery.org\/privacy-policy\/\"]}]},{\"@type\":\"BreadcrumbList\",\"@id\":\"https:\/\/www.addictionsrecovery.org\/privacy-policy\/#breadcrumb\",\"itemListElement\":[{\"@type\":\"ListItem\",\"position\":1,\"name\":\"Home\",\"item\":\"https:\/\/www.addictionsrecovery.org\/\"},{\"@type\":\"ListItem\",\"position\":2,\"name\":\"Privacy Policy\"}]},{\"@type\":\"WebSite\",\"@id\":\"https:\/\/www.addictionsrecovery.org\/#website\",\"url\":\"https:\/\/www.addictionsrecovery.org\/\",\"name\":\"Addictions Recovery Center\",\"description\":\"Addictions Recovery Center\",\"potentialAction\":[{\"@type\":\"SearchAction\",\"target\":{\"@type\":\"EntryPoint\",\"urlTemplate\":\"https:\/\/www.addictionsrecovery.org\/?s={search_term_string}\"},\"query-input\":{\"@type\":\"PropertyValueSpecification\",\"valueRequired\":true,\"valueName\":\"search_term_string\"}}],\"inLanguage\":\"es\"}]}<\/script>\n<!-- \/ Yoast SEO plugin. -->","yoast_head_json":{"title":"Privacy Policy - Addictions Recovery Center","robots":{"index":"index","follow":"follow","max-snippet":"max-snippet:-1","max-image-preview":"max-image-preview:large","max-video-preview":"max-video-preview:-1"},"canonical":"https:\/\/www.addictionsrecovery.org\/es\/privacy-policy\/","og_locale":"es_MX","og_type":"article","og_title":"Privacy Policy - Addictions Recovery Center","og_url":"https:\/\/www.addictionsrecovery.org\/es\/privacy-policy\/","og_site_name":"Addictions Recovery Center","article_publisher":"https:\/\/www.facebook.com\/ARC541","article_modified_time":"2024-06-27T20:23:27+00:00","twitter_card":"summary_large_image","twitter_site":"@ARC541","twitter_misc":{"Tiempo de lectura":"5 minutos"},"schema":{"@context":"https:\/\/schema.org","@graph":[{"@type":"WebPage","@id":"https:\/\/www.addictionsrecovery.org\/privacy-policy\/","url":"https:\/\/www.addictionsrecovery.org\/privacy-policy\/","name":"Privacy Policy - Addictions Recovery Center","isPartOf":{"@id":"https:\/\/www.addictionsrecovery.org\/#website"},"datePublished":"2015-07-02T18:15:23+00:00","dateModified":"2024-06-27T20:23:27+00:00","breadcrumb":{"@id":"https:\/\/www.addictionsrecovery.org\/privacy-policy\/#breadcrumb"},"inLanguage":"es","potentialAction":[{"@type":"ReadAction","target":["https:\/\/www.addictionsrecovery.org\/privacy-policy\/"]}]},{"@type":"BreadcrumbList","@id":"https:\/\/www.addictionsrecovery.org\/privacy-policy\/#breadcrumb","itemListElement":[{"@type":"ListItem","position":1,"name":"Home","item":"https:\/\/www.addictionsrecovery.org\/"},{"@type":"ListItem","position":2,"name":"Privacy Policy"}]},{"@type":"WebSite","@id":"https:\/\/www.addictionsrecovery.org\/#website","url":"https:\/\/www.addictionsrecovery.org\/","name":"Addictions Recovery Center","description":"Addictions Recovery Center","potentialAction":[{"@type":"SearchAction","target":{"@type":"EntryPoint","urlTemplate":"https:\/\/www.addictionsrecovery.org\/?s={search_term_string}"},"query-input":{"@type":"PropertyValueSpecification","valueRequired":true,"valueName":"search_term_string"}}],"inLanguage":"es"}]}},"_links":{"self":[{"href":"https:\/\/www.addictionsrecovery.org\/es\/wp-json\/wp\/v2\/pages\/280","targetHints":{"allow":["GET"]}}],"collection":[{"href":"https:\/\/www.addictionsrecovery.org\/es\/wp-json\/wp\/v2\/pages"}],"about":[{"href":"https:\/\/www.addictionsrecovery.org\/es\/wp-json\/wp\/v2\/types\/page"}],"author":[{"embeddable":true,"href":"https:\/\/www.addictionsrecovery.org\/es\/wp-json\/wp\/v2\/users\/1"}],"replies":[{"embeddable":true,"href":"https:\/\/www.addictionsrecovery.org\/es\/wp-json\/wp\/v2\/comments?post=280"}],"version-history":[{"count":0,"href":"https:\/\/www.addictionsrecovery.org\/es\/wp-json\/wp\/v2\/pages\/280\/revisions"}],"wp:attachment":[{"href":"https:\/\/www.addictionsrecovery.org\/es\/wp-json\/wp\/v2\/media?parent=280"}],"curies":[{"name":"wp","href":"https:\/\/api.w.org\/{rel}","templated":true}]}}