{"id":187,"date":"2015-06-24T21:33:45","date_gmt":"2015-06-24T21:33:45","guid":{"rendered":"http:\/\/173.192.145.140\/~addictionsrec\/?page_id=187"},"modified":"2019-10-23T23:37:30","modified_gmt":"2019-10-23T23:37:30","slug":"our-story","status":"publish","type":"page","link":"https:\/\/www.addictionsrecovery.org\/es\/about-arc\/our-story\/","title":{"rendered":"Nuestra historia"},"content":{"rendered":"<div class=\"fusion-fullwidth fullwidth-box fusion-builder-row-1 nonhundred-percent-fullwidth non-hundred-percent-height-scrolling\" style=\"--awb-background-position:left top;--awb-border-radius-top-left:0px;--awb-border-radius-top-right:0px;--awb-border-radius-bottom-right:0px;--awb-border-radius-bottom-left:0px;--awb-padding-top:20px;--awb-padding-right:0px;--awb-padding-bottom:20px;--awb-padding-left:0px;--awb-border-sizes-top:0px;--awb-border-sizes-bottom:0px;--awb-flex-wrap:wrap;\" ><div class=\"fusion-builder-row fusion-row\"><div class=\"fusion-layout-column fusion_builder_column fusion-builder-column-0 fusion_builder_column_1_1 1_1 fusion-one-full fusion-column-first fusion-column-last fusion-column-no-min-height\" style=\"--awb-bg-size:cover;--awb-margin-bottom:0px;\"><div class=\"fusion-column-wrapper fusion-flex-column-wrapper-legacy\"><div class=\"fusion-text fusion-text-1\"><div id=\"lipsum\">\n<h3>Desde nuestros humildes comienzos hace casi 50 a\u00f1os en un rancho cerca de Grants Pass, Oregon, Addictions Recovery Center tiene una vasta historia de expansi\u00f3n para satisfacer la necesidad de tratamiento integral de trastornos por consumo de sustancias y servicios de apoyo a la recuperaci\u00f3n en el sur de Oregon.<\/h3>\n<h3>A finales de los a\u00f1os sesenta, con poco dinero y un enorme optimismo, Mariam Kelley y su marido David imaginaron un programa de tratamiento que proporcionara alivio, apoyo y recursos a los veteranos adictos al alcohol. As\u00ed naci\u00f3 el \u201cAlcohol Rehabilitation Center (Centro de Rehabilitaci\u00f3n de Alcoh\u00f3licos)\".<\/h3>\n<h3>En los a\u00f1os setenta, el centro se traslad\u00f3 a Gold Hill y se convirti\u00f3 en una organizaci\u00f3n sin fines de lucro. Fue en esta \u00e9poca cuando en la agencia se increment\u00f3 la capacidad para hombres y se realiz\u00f3 una ampliaci\u00f3n con el fin de incorporar el tratamiento hospitalario para mujeres.<\/h3>\n<h3>A medida que aumentaba la poblaci\u00f3n de la zona, la direcci\u00f3n de la agencia reconoci\u00f3 la necesidad creciente no solo de tratamientos para el alcoholismo, sino tambi\u00e9n de servicios para quienes luchaban contra otros problemas de adicci\u00f3n. En 1986, la organizaci\u00f3n se convirti\u00f3 oficialmente en Addictions Recovery Center (Centro de Recuperaci\u00f3n de Adicciones) (ARC) y pronto comenz\u00f3 a cambiar el enfoque para abarcar plenamente nuestra funci\u00f3n como proveedor de servicios de salud conductual.<\/h3>\n<h3>En 1989, ARC se traslad\u00f3 de nuevo, esta vez a Medford, y pocos a\u00f1os despu\u00e9s agregamos servicios de tratamiento ambulatorio a su atenci\u00f3n continua en expansi\u00f3n. Alrededor de esta \u00e9poca, en ARC tambi\u00e9n ampliamos los servicios para incluir el tratamiento de la ludopat\u00eda sin costo para las personas y sus familias, clases por conducir bajo la influencia de intoxicantes y servicios de desintoxicaci\u00f3n para todo el condado de Jackson. En 2006 incorporamos nuestros servicios alojamiento de transici\u00f3n limitado; asimismo, inauguramos una cl\u00ednica de evaluaci\u00f3n sin cita previa independiente para facilitar el acceso de los clientes a la atenci\u00f3n.<\/h3>\n<h3>En oto\u00f1o de 2015, y en respuesta a la necesidad de la comunidad, en ARC pusimos en marcha los \u00fanicos servicios de desintoxicaci\u00f3n con supervisi\u00f3n m\u00e9dica ofrecidos al sur de Eugene (desde la apertura hemos aumentado la capacidad de 8 camas a 10). En diciembre de ese a\u00f1o, compramos un campus de 4 edificios en East Main Street, en Medford, lo que nos proporcion\u00f3 24,000 pies cuadrados para seguir expandiendo los programas y para ampliar la capacidad. En abril de 2016 implementamos un programa de tratamiento de salud mental para trastornos mentales y por consumo de sustancias concomitantes. Al a\u00f1o siguiente compramos un edificio adyacente, lo que sum\u00f3 15,000 pies cuadrados a nuestro campus de East Main Street. Este espacio se adapt\u00f3 para albergar nuestra cl\u00ednica sin cita previa, servicios ambulatorios y, por \u00faltimo, una cl\u00ednica de medicina de la adicci\u00f3n para comenzar a brindar tratamientos asistidos con medicamentos.<\/h3>\n<h3>En junio de 2019, inauguramos en ARC el centro de tratamiento residencial Reddy House para mujeres y madres que acaban de dar a luz, gracias a lo cual se agregaron 14 camas nuevas de tratamiento residencial a nuestra \u00e1rea y tambi\u00e9n pudimos ampliar y convertir nuestro centro existente de 25 camas en un centro de tratamiento para hombres. De cara al futuro, tenemos previsto inaugurar un Centro de Compromiso y Respuesta M\u00f3vil sin cita previa. Esto nos permitir\u00e1 establecer mejores contactos con quienes se plantean iniciar un tratamiento y tambi\u00e9n reunirnos con posibles clientes en la comunidad para hacerles saber que una vida en recuperaci\u00f3n est\u00e1 a su alcance.<\/h3>\n<\/div>\n<\/div><div class=\"fusion-clearfix\"><\/div><\/div><\/div><\/div><\/div>","protected":false},"excerpt":{"rendered":"","protected":false},"author":1,"featured_media":0,"parent":9,"menu_order":0,"comment_status":"open","ping_status":"open","template":"","meta":{"ngg_post_thumbnail":0,"footnotes":""},"class_list":["post-187","page","type-page","status-publish","hentry"],"yoast_head":"<!-- This site is optimized with the Yoast SEO plugin v26.7 - https:\/\/yoast.com\/wordpress\/plugins\/seo\/ -->\n<title>Our Story - Addictions Recovery Center<\/title>\n<meta name=\"robots\" content=\"index, follow, max-snippet:-1, max-image-preview:large, max-video-preview:-1\" \/>\n<link rel=\"canonical\" href=\"https:\/\/www.addictionsrecovery.org\/es\/about-arc\/our-story\/\" \/>\n<meta property=\"og:locale\" content=\"es_MX\" \/>\n<meta property=\"og:type\" content=\"article\" \/>\n<meta property=\"og:title\" content=\"Our Story - Addictions Recovery Center\" \/>\n<meta property=\"og:url\" content=\"https:\/\/www.addictionsrecovery.org\/es\/about-arc\/our-story\/\" \/>\n<meta property=\"og:site_name\" content=\"Addictions Recovery Center\" \/>\n<meta property=\"article:publisher\" content=\"https:\/\/www.facebook.com\/ARC541\" \/>\n<meta property=\"article:modified_time\" content=\"2019-10-23T23:37:30+00:00\" \/>\n<meta name=\"twitter:card\" content=\"summary_large_image\" \/>\n<meta name=\"twitter:site\" content=\"@ARC541\" \/>\n<meta name=\"twitter:label1\" content=\"Tiempo de lectura\" \/>\n\t<meta name=\"twitter:data1\" content=\"3 minutos\" \/>\n<script type=\"application\/ld+json\" class=\"yoast-schema-graph\">{\"@context\":\"https:\/\/schema.org\",\"@graph\":[{\"@type\":\"WebPage\",\"@id\":\"https:\/\/www.addictionsrecovery.org\/about-arc\/our-story\/\",\"url\":\"https:\/\/www.addictionsrecovery.org\/about-arc\/our-story\/\",\"name\":\"Our Story - Addictions Recovery Center\",\"isPartOf\":{\"@id\":\"https:\/\/www.addictionsrecovery.org\/#website\"},\"datePublished\":\"2015-06-24T21:33:45+00:00\",\"dateModified\":\"2019-10-23T23:37:30+00:00\",\"breadcrumb\":{\"@id\":\"https:\/\/www.addictionsrecovery.org\/about-arc\/our-story\/#breadcrumb\"},\"inLanguage\":\"es\",\"potentialAction\":[{\"@type\":\"ReadAction\",\"target\":[\"https:\/\/www.addictionsrecovery.org\/about-arc\/our-story\/\"]}]},{\"@type\":\"BreadcrumbList\",\"@id\":\"https:\/\/www.addictionsrecovery.org\/about-arc\/our-story\/#breadcrumb\",\"itemListElement\":[{\"@type\":\"ListItem\",\"position\":1,\"name\":\"Home\",\"item\":\"https:\/\/www.addictionsrecovery.org\/\"},{\"@type\":\"ListItem\",\"position\":2,\"name\":\"About ARC\",\"item\":\"https:\/\/www.addictionsrecovery.org\/about-arc\/\"},{\"@type\":\"ListItem\",\"position\":3,\"name\":\"Our Story\"}]},{\"@type\":\"WebSite\",\"@id\":\"https:\/\/www.addictionsrecovery.org\/#website\",\"url\":\"https:\/\/www.addictionsrecovery.org\/\",\"name\":\"Addictions Recovery Center\",\"description\":\"Addictions Recovery Center\",\"potentialAction\":[{\"@type\":\"SearchAction\",\"target\":{\"@type\":\"EntryPoint\",\"urlTemplate\":\"https:\/\/www.addictionsrecovery.org\/?s={search_term_string}\"},\"query-input\":{\"@type\":\"PropertyValueSpecification\",\"valueRequired\":true,\"valueName\":\"search_term_string\"}}],\"inLanguage\":\"es\"}]}<\/script>\n<!-- \/ Yoast SEO plugin. -->","yoast_head_json":{"title":"Our Story - Addictions Recovery Center","robots":{"index":"index","follow":"follow","max-snippet":"max-snippet:-1","max-image-preview":"max-image-preview:large","max-video-preview":"max-video-preview:-1"},"canonical":"https:\/\/www.addictionsrecovery.org\/es\/about-arc\/our-story\/","og_locale":"es_MX","og_type":"article","og_title":"Our Story - Addictions Recovery Center","og_url":"https:\/\/www.addictionsrecovery.org\/es\/about-arc\/our-story\/","og_site_name":"Addictions Recovery Center","article_publisher":"https:\/\/www.facebook.com\/ARC541","article_modified_time":"2019-10-23T23:37:30+00:00","twitter_card":"summary_large_image","twitter_site":"@ARC541","twitter_misc":{"Tiempo de lectura":"3 minutos"},"schema":{"@context":"https:\/\/schema.org","@graph":[{"@type":"WebPage","@id":"https:\/\/www.addictionsrecovery.org\/about-arc\/our-story\/","url":"https:\/\/www.addictionsrecovery.org\/about-arc\/our-story\/","name":"Our Story - Addictions Recovery Center","isPartOf":{"@id":"https:\/\/www.addictionsrecovery.org\/#website"},"datePublished":"2015-06-24T21:33:45+00:00","dateModified":"2019-10-23T23:37:30+00:00","breadcrumb":{"@id":"https:\/\/www.addictionsrecovery.org\/about-arc\/our-story\/#breadcrumb"},"inLanguage":"es","potentialAction":[{"@type":"ReadAction","target":["https:\/\/www.addictionsrecovery.org\/about-arc\/our-story\/"]}]},{"@type":"BreadcrumbList","@id":"https:\/\/www.addictionsrecovery.org\/about-arc\/our-story\/#breadcrumb","itemListElement":[{"@type":"ListItem","position":1,"name":"Home","item":"https:\/\/www.addictionsrecovery.org\/"},{"@type":"ListItem","position":2,"name":"About ARC","item":"https:\/\/www.addictionsrecovery.org\/about-arc\/"},{"@type":"ListItem","position":3,"name":"Our Story"}]},{"@type":"WebSite","@id":"https:\/\/www.addictionsrecovery.org\/#website","url":"https:\/\/www.addictionsrecovery.org\/","name":"Addictions Recovery Center","description":"Addictions Recovery Center","potentialAction":[{"@type":"SearchAction","target":{"@type":"EntryPoint","urlTemplate":"https:\/\/www.addictionsrecovery.org\/?s={search_term_string}"},"query-input":{"@type":"PropertyValueSpecification","valueRequired":true,"valueName":"search_term_string"}}],"inLanguage":"es"}]}},"_links":{"self":[{"href":"https:\/\/www.addictionsrecovery.org\/es\/wp-json\/wp\/v2\/pages\/187","targetHints":{"allow":["GET"]}}],"collection":[{"href":"https:\/\/www.addictionsrecovery.org\/es\/wp-json\/wp\/v2\/pages"}],"about":[{"href":"https:\/\/www.addictionsrecovery.org\/es\/wp-json\/wp\/v2\/types\/page"}],"author":[{"embeddable":true,"href":"https:\/\/www.addictionsrecovery.org\/es\/wp-json\/wp\/v2\/users\/1"}],"replies":[{"embeddable":true,"href":"https:\/\/www.addictionsrecovery.org\/es\/wp-json\/wp\/v2\/comments?post=187"}],"version-history":[{"count":0,"href":"https:\/\/www.addictionsrecovery.org\/es\/wp-json\/wp\/v2\/pages\/187\/revisions"}],"up":[{"embeddable":true,"href":"https:\/\/www.addictionsrecovery.org\/es\/wp-json\/wp\/v2\/pages\/9"}],"wp:attachment":[{"href":"https:\/\/www.addictionsrecovery.org\/es\/wp-json\/wp\/v2\/media?parent=187"}],"curies":[{"name":"wp","href":"https:\/\/api.w.org\/{rel}","templated":true}]}}