{"id":179,"date":"2015-06-24T21:31:27","date_gmt":"2015-06-24T21:31:27","guid":{"rendered":"http:\/\/173.192.145.140\/~addictionsrec\/?page_id=179"},"modified":"2024-07-16T17:50:39","modified_gmt":"2024-07-16T17:50:39","slug":"duii-classes","status":"publish","type":"page","link":"https:\/\/www.addictionsrecovery.org\/es\/other-services\/duii-classes\/","title":{"rendered":"Clases por conducir bajo la influencia de intoxicantes"},"content":{"rendered":"<p><div class=\"fusion-fullwidth fullwidth-box fusion-builder-row-1 fusion-flex-container nonhundred-percent-fullwidth non-hundred-percent-height-scrolling\" style=\"--awb-border-radius-top-left:0px;--awb-border-radius-top-right:0px;--awb-border-radius-bottom-right:0px;--awb-border-radius-bottom-left:0px;--awb-flex-wrap:wrap;\" ><div class=\"fusion-builder-row fusion-row fusion-flex-align-items-flex-start fusion-flex-content-wrap\" style=\"max-width:1456px;margin-left: calc(-4% \/ 2 );margin-right: calc(-4% \/ 2 );\"><div class=\"fusion-layout-column fusion_builder_column fusion-builder-column-0 fusion_builder_column_1_1 1_1 fusion-flex-column\" style=\"--awb-bg-size:cover;--awb-width-large:100%;--awb-margin-top-large:0px;--awb-spacing-right-large:1.92%;--awb-margin-bottom-large:20px;--awb-spacing-left-large:1.92%;--awb-width-medium:100%;--awb-order-medium:0;--awb-spacing-right-medium:1.92%;--awb-spacing-left-medium:1.92%;--awb-width-small:100%;--awb-order-small:0;--awb-spacing-right-small:1.92%;--awb-spacing-left-small:1.92%;\"><div class=\"fusion-column-wrapper fusion-column-has-shadow fusion-flex-justify-content-flex-start fusion-content-layout-column\"><\/div><\/div><\/div><\/div><div class=\"fusion-fullwidth fullwidth-box fusion-builder-row-2 hundred-percent-fullwidth non-hundred-percent-height-scrolling\" style=\"--awb-border-radius-top-left:0px;--awb-border-radius-top-right:0px;--awb-border-radius-bottom-right:0px;--awb-border-radius-bottom-left:0px;--awb-overflow:visible;--awb-background-color:29292A;--awb-flex-wrap:wrap;\" ><div class=\"fusion-builder-row fusion-row\"><div class=\"fusion-layout-column fusion_builder_column fusion-builder-column-1 fusion_builder_column_1_1 1_1 fusion-one-full fusion-column-first fusion-column-last\" style=\"--awb-bg-size:cover;\"><div class=\"fusion-column-wrapper fusion-flex-column-wrapper-legacy\"><div class=\"fusion-text fusion-text-1\"><div id=\"lipsum\">\n<h3 data-fontsize=\"17\" data-lineheight=\"21.25px\" class=\"fusion-responsive-typography-calculated\" style=\"--fontSize:17; line-height: 1.25; --minFontSize:17;\">El programa DUII Flex*<span style=\"font-size: 13.3333px; line-height: 20px;\">*<\/span> de Addictions Recovery Center (ARC) es un recurso educativo para clientes con problemas por conducir bajo <span style=\"text-decoration: underline;\"><a href=\"http:\/\/www.oregon.gov\/oha\/amh\/duii\/pages\/index.aspx\" target=\"_blank\" rel=\"noopener noreferrer\">la influencia de intoxicantes<\/a><\/span> (DUII) issues who may or may not also exhibit addiction problems.<\/h3>\n<h3 data-fontsize=\"17\" data-lineheight=\"21.25px\" class=\"fusion-responsive-typography-calculated\" style=\"--fontSize:17; line-height: 1.25; --minFontSize:17;\">El programa est\u00e1 dise\u00f1ado para las personas que han cometido errores relacionados con el consumo de alcohol y la conducci\u00f3n y se basa en el modelo de etapas del cambio. Se trata de un enfoque basado en la fortaleza para la educaci\u00f3n en DUII que trata a cada cliente con dignidad y respeto.<\/h3>\n<h3 data-fontsize=\"17\" data-lineheight=\"21.25px\" class=\"fusion-responsive-typography-calculated\" style=\"--fontSize:17; line-height: 1.25; --minFontSize:17;\">El programa DUII Flex de ARC est\u00e1 disponible para todos los niveles de atenci\u00f3n. Se presenta en una atm\u00f3sfera de aprendizaje y se esfuerza por adaptarse al horario del cliente. Cada grupo se complementa con conferencias sobre una variedad de temas, incluida la qu\u00edmica del cerebro, la familia adicta y la planificaci\u00f3n para la prevenci\u00f3n de la conducci\u00f3n bajo los efectos del alcohol. El programa tambi\u00e9n ofrece una clase especial para veteranos inscritos en el<a href=\"https:\/\/www.southernoregon.va.gov\/services\/SORCC_Addiction_Treatment_Program_SATP.asp\" target=\"_blank\" rel=\"noopener noreferrer\"><span style=\"text-decoration: underline;\"> el programa de tratamiento de adicciones de Centros y Cl\u00ednicas de Rehabilitaci\u00f3n del Sur de Oregon (SORCC, por sus siglas en ingl\u00e9s).<\/span><\/a>.<\/h3>\n<h3 data-fontsize=\"17\" data-lineheight=\"21.25px\" class=\"fusion-responsive-typography-calculated\" style=\"--fontSize:17; line-height: 1.25; --minFontSize:17;\">El programa DUII Flex se desarrolla en todos los estados de los Estados Unidos, desde Alaska hasta Florida y desde Wisconsin hasta Luisiana. En otras palabras, si un cliente recibi\u00f3 su DUII en otro estado, podemos ayudar.<\/h3>\n<\/div>\n<h3 data-fontsize=\"17\" data-lineheight=\"21.25px\" class=\"fusion-responsive-typography-calculated\" style=\"--fontSize:17; line-height: 1.25; --minFontSize:17;\">Para obtener m\u00e1s informaci\u00f3n sobre el programa o para dar el siguiente paso, ll\u00e1menos al (541) 779-1282 o vis\u00edtenos en 1025 East Main St. en Medford.<\/h3>\n<hr>\n<div id=\"lipsum\">\n<h6 data-fontsize=\"11\" data-lineheight=\"17.05px\" class=\"fusion-responsive-typography-calculated\" style=\"--fontSize:11; line-height: 1.55; --minFontSize:11;\">* Addictions Recovery Center recibi\u00f3 el premio \"DUII Treatment Provider of the Year\" para el estado de Oregon en 2011 y 2013 por el grupo operativo de formaci\u00f3n multidisciplinaria de DUII.<\/h6>\n<\/div>\n<\/div><div class=\"fusion-clearfix\"><\/div><\/div><\/div><\/div><\/div><\/p>","protected":false},"excerpt":{"rendered":"","protected":false},"author":1,"featured_media":0,"parent":7,"menu_order":0,"comment_status":"open","ping_status":"open","template":"","meta":{"ngg_post_thumbnail":0,"footnotes":""},"class_list":["post-179","page","type-page","status-publish","hentry"],"yoast_head":"<!-- This site is optimized with the Yoast SEO plugin v26.7 - https:\/\/yoast.com\/wordpress\/plugins\/seo\/ -->\n<title>DUII Classes - Addictions Recovery Center<\/title>\n<meta name=\"robots\" content=\"index, follow, max-snippet:-1, max-image-preview:large, max-video-preview:-1\" \/>\n<link rel=\"canonical\" href=\"https:\/\/www.addictionsrecovery.org\/es\/other-services\/duii-classes\/\" \/>\n<meta property=\"og:locale\" content=\"es_MX\" \/>\n<meta property=\"og:type\" content=\"article\" \/>\n<meta property=\"og:title\" content=\"DUII Classes - Addictions Recovery Center\" \/>\n<meta property=\"og:url\" content=\"https:\/\/www.addictionsrecovery.org\/es\/other-services\/duii-classes\/\" \/>\n<meta property=\"og:site_name\" content=\"Addictions Recovery Center\" \/>\n<meta property=\"article:publisher\" content=\"https:\/\/www.facebook.com\/ARC541\" \/>\n<meta property=\"article:modified_time\" content=\"2024-07-16T17:50:39+00:00\" \/>\n<meta name=\"twitter:card\" content=\"summary_large_image\" \/>\n<meta name=\"twitter:site\" content=\"@ARC541\" \/>\n<meta name=\"twitter:label1\" content=\"Tiempo de lectura\" \/>\n\t<meta name=\"twitter:data1\" content=\"3 minutos\" \/>\n<script type=\"application\/ld+json\" class=\"yoast-schema-graph\">{\"@context\":\"https:\/\/schema.org\",\"@graph\":[{\"@type\":\"WebPage\",\"@id\":\"https:\/\/www.addictionsrecovery.org\/other-services\/duii-classes\/\",\"url\":\"https:\/\/www.addictionsrecovery.org\/other-services\/duii-classes\/\",\"name\":\"DUII Classes - Addictions Recovery Center\",\"isPartOf\":{\"@id\":\"https:\/\/www.addictionsrecovery.org\/#website\"},\"datePublished\":\"2015-06-24T21:31:27+00:00\",\"dateModified\":\"2024-07-16T17:50:39+00:00\",\"breadcrumb\":{\"@id\":\"https:\/\/www.addictionsrecovery.org\/other-services\/duii-classes\/#breadcrumb\"},\"inLanguage\":\"es\",\"potentialAction\":[{\"@type\":\"ReadAction\",\"target\":[\"https:\/\/www.addictionsrecovery.org\/other-services\/duii-classes\/\"]}]},{\"@type\":\"BreadcrumbList\",\"@id\":\"https:\/\/www.addictionsrecovery.org\/other-services\/duii-classes\/#breadcrumb\",\"itemListElement\":[{\"@type\":\"ListItem\",\"position\":1,\"name\":\"Home\",\"item\":\"https:\/\/www.addictionsrecovery.org\/\"},{\"@type\":\"ListItem\",\"position\":2,\"name\":\"Other Services\",\"item\":\"https:\/\/www.addictionsrecovery.org\/other-services\/\"},{\"@type\":\"ListItem\",\"position\":3,\"name\":\"DUII Classes\"}]},{\"@type\":\"WebSite\",\"@id\":\"https:\/\/www.addictionsrecovery.org\/#website\",\"url\":\"https:\/\/www.addictionsrecovery.org\/\",\"name\":\"Addictions Recovery Center\",\"description\":\"Addictions Recovery Center\",\"potentialAction\":[{\"@type\":\"SearchAction\",\"target\":{\"@type\":\"EntryPoint\",\"urlTemplate\":\"https:\/\/www.addictionsrecovery.org\/?s={search_term_string}\"},\"query-input\":{\"@type\":\"PropertyValueSpecification\",\"valueRequired\":true,\"valueName\":\"search_term_string\"}}],\"inLanguage\":\"es\"}]}<\/script>\n<!-- \/ Yoast SEO plugin. -->","yoast_head_json":{"title":"DUII Classes - Addictions Recovery Center","robots":{"index":"index","follow":"follow","max-snippet":"max-snippet:-1","max-image-preview":"max-image-preview:large","max-video-preview":"max-video-preview:-1"},"canonical":"https:\/\/www.addictionsrecovery.org\/es\/other-services\/duii-classes\/","og_locale":"es_MX","og_type":"article","og_title":"DUII Classes - Addictions Recovery Center","og_url":"https:\/\/www.addictionsrecovery.org\/es\/other-services\/duii-classes\/","og_site_name":"Addictions Recovery Center","article_publisher":"https:\/\/www.facebook.com\/ARC541","article_modified_time":"2024-07-16T17:50:39+00:00","twitter_card":"summary_large_image","twitter_site":"@ARC541","twitter_misc":{"Tiempo de lectura":"3 minutos"},"schema":{"@context":"https:\/\/schema.org","@graph":[{"@type":"WebPage","@id":"https:\/\/www.addictionsrecovery.org\/other-services\/duii-classes\/","url":"https:\/\/www.addictionsrecovery.org\/other-services\/duii-classes\/","name":"DUII Classes - Addictions Recovery Center","isPartOf":{"@id":"https:\/\/www.addictionsrecovery.org\/#website"},"datePublished":"2015-06-24T21:31:27+00:00","dateModified":"2024-07-16T17:50:39+00:00","breadcrumb":{"@id":"https:\/\/www.addictionsrecovery.org\/other-services\/duii-classes\/#breadcrumb"},"inLanguage":"es","potentialAction":[{"@type":"ReadAction","target":["https:\/\/www.addictionsrecovery.org\/other-services\/duii-classes\/"]}]},{"@type":"BreadcrumbList","@id":"https:\/\/www.addictionsrecovery.org\/other-services\/duii-classes\/#breadcrumb","itemListElement":[{"@type":"ListItem","position":1,"name":"Home","item":"https:\/\/www.addictionsrecovery.org\/"},{"@type":"ListItem","position":2,"name":"Other Services","item":"https:\/\/www.addictionsrecovery.org\/other-services\/"},{"@type":"ListItem","position":3,"name":"DUII Classes"}]},{"@type":"WebSite","@id":"https:\/\/www.addictionsrecovery.org\/#website","url":"https:\/\/www.addictionsrecovery.org\/","name":"Addictions Recovery Center","description":"Addictions Recovery Center","potentialAction":[{"@type":"SearchAction","target":{"@type":"EntryPoint","urlTemplate":"https:\/\/www.addictionsrecovery.org\/?s={search_term_string}"},"query-input":{"@type":"PropertyValueSpecification","valueRequired":true,"valueName":"search_term_string"}}],"inLanguage":"es"}]}},"_links":{"self":[{"href":"https:\/\/www.addictionsrecovery.org\/es\/wp-json\/wp\/v2\/pages\/179","targetHints":{"allow":["GET"]}}],"collection":[{"href":"https:\/\/www.addictionsrecovery.org\/es\/wp-json\/wp\/v2\/pages"}],"about":[{"href":"https:\/\/www.addictionsrecovery.org\/es\/wp-json\/wp\/v2\/types\/page"}],"author":[{"embeddable":true,"href":"https:\/\/www.addictionsrecovery.org\/es\/wp-json\/wp\/v2\/users\/1"}],"replies":[{"embeddable":true,"href":"https:\/\/www.addictionsrecovery.org\/es\/wp-json\/wp\/v2\/comments?post=179"}],"version-history":[{"count":0,"href":"https:\/\/www.addictionsrecovery.org\/es\/wp-json\/wp\/v2\/pages\/179\/revisions"}],"up":[{"embeddable":true,"href":"https:\/\/www.addictionsrecovery.org\/es\/wp-json\/wp\/v2\/pages\/7"}],"wp:attachment":[{"href":"https:\/\/www.addictionsrecovery.org\/es\/wp-json\/wp\/v2\/media?parent=179"}],"curies":[{"name":"wp","href":"https:\/\/api.w.org\/{rel}","templated":true}]}}