{"id":175,"date":"2015-06-24T21:31:02","date_gmt":"2015-06-24T21:31:02","guid":{"rendered":"http:\/\/173.192.145.140\/~addictionsrec\/?page_id=175"},"modified":"2024-04-30T21:37:37","modified_gmt":"2024-04-30T21:37:37","slug":"gambling-addiction","status":"publish","type":"page","link":"https:\/\/www.addictionsrecovery.org\/es\/other-services\/gambling-addiction\/","title":{"rendered":"Tratamiento de la adicci\u00f3n al juego"},"content":{"rendered":"<p><div class=\"fusion-fullwidth fullwidth-box fusion-builder-row-1 fusion-flex-container nonhundred-percent-fullwidth non-hundred-percent-height-scrolling\" style=\"--awb-border-radius-top-left:0px;--awb-border-radius-top-right:0px;--awb-border-radius-bottom-right:0px;--awb-border-radius-bottom-left:0px;--awb-flex-wrap:wrap;\" ><div class=\"fusion-builder-row fusion-row fusion-flex-align-items-flex-start fusion-flex-content-wrap\" style=\"max-width:1456px;margin-left: calc(-4% \/ 2 );margin-right: calc(-4% \/ 2 );\"><div class=\"fusion-layout-column fusion_builder_column fusion-builder-column-0 fusion_builder_column_1_1 1_1 fusion-flex-column\" style=\"--awb-bg-size:cover;--awb-width-large:100%;--awb-margin-top-large:0px;--awb-spacing-right-large:1.92%;--awb-margin-bottom-large:20px;--awb-spacing-left-large:1.92%;--awb-width-medium:100%;--awb-order-medium:0;--awb-spacing-right-medium:1.92%;--awb-spacing-left-medium:1.92%;--awb-width-small:100%;--awb-order-small:0;--awb-spacing-right-small:1.92%;--awb-spacing-left-small:1.92%;\"><div class=\"fusion-column-wrapper fusion-column-has-shadow fusion-flex-justify-content-flex-start fusion-content-layout-column\"><\/div><\/div><\/div><\/div><div class=\"fusion-fullwidth fullwidth-box fusion-builder-row-2 hundred-percent-fullwidth non-hundred-percent-height-scrolling\" style=\"--awb-border-radius-top-left:0px;--awb-border-radius-top-right:0px;--awb-border-radius-bottom-right:0px;--awb-border-radius-bottom-left:0px;--awb-overflow:visible;--awb-background-color:29292A;--awb-flex-wrap:wrap;\" ><div class=\"fusion-builder-row fusion-row\"><div class=\"fusion-layout-column fusion_builder_column fusion-builder-column-1 fusion_builder_column_1_1 1_1 fusion-one-full fusion-column-first fusion-column-last\" style=\"--awb-bg-size:cover;\"><div class=\"fusion-column-wrapper fusion-flex-column-wrapper-legacy\"><div class=\"fusion-text fusion-text-1\"><p><div class=\"fusion-fullwidth fullwidth-box fusion-builder-row-2-1 nonhundred-percent-fullwidth non-hundred-percent-height-scrolling\" style=\"--awb-background-position:left top;--awb-border-sizes-top:0px;--awb-border-sizes-bottom:0px;--awb-border-sizes-left:0px;--awb-border-sizes-right:0px;--awb-border-radius-top-left:0px;--awb-border-radius-top-right:0px;--awb-border-radius-bottom-right:0px;--awb-border-radius-bottom-left:0px;--awb-padding-top:20px;--awb-padding-right:0px;--awb-padding-bottom:20px;--awb-padding-left:0px;--awb-flex-wrap:wrap;\" ><\/div><div class=\"fusion-builder-row fusion-row\"><\/div><div class=\"fusion-layout-column fusion_builder_column fusion-builder-column-2 fusion_builder_column_1_1 1_1 fusion-one-full fusion-column-first fusion-column-last fusion-column-no-min-height\" style=\"--awb-bg-size:cover;--awb-margin-bottom:0px;\"><div class=\"fusion-column-wrapper fusion-flex-column-wrapper-legacy\"><div class=\"fusion-clearfix\"><\/div><\/div><\/div><div class=\"fusion-text fusion-text-1\"><\/div><span style=\"color: var(--h3_typography-color); font-family: var(--h3_typography-font-family); font-size: 20px; font-style: var(--h3_typography-font-style,normal); font-weight: 700; letter-spacing: 1px; line-height: 25px;\" data-fusion-font=\"true\">Gracias a este esfuerzo conjunto de Addictions Recovery Center y el condado de Jackson, se ofrecen servicios integrales de tratamiento a personas y familias con problemas de ludopat\u00eda.<\/span><\/p>\n<p data-fusion-font=\"true\" style=\"font-size: 20px; line-height: 25px; letter-spacing: 1px;\">\n<div id=\"lipsum\">\n<h3 data-fontsize=\"17\" style=\"--fontSize: 17; line-height: 25px; --minFontSize: 17; font-size: 20px; letter-spacing: 1px;\" data-lineheight=\"21.25px\" class=\"fusion-responsive-typography-calculated\" data-fusion-font=\"true\">Los servicios incluyen evaluaci\u00f3n diagn\u00f3stica, asesoramiento individual y familiar, terapia grupal y educaci\u00f3n. El tratamiento se proporciona en un entorno seguro y confidencial, y se individualiza para satisfacer las necesidades espec\u00edficas del cliente.<\/h3>\n<h3 data-fontsize=\"17\" style=\"--fontSize: 17; line-height: 25px; --minFontSize: 17; font-size: 20px; letter-spacing: 1px;\" data-lineheight=\"21.25px\" class=\"fusion-responsive-typography-calculated\" data-fusion-font=\"true\">Seg\u00fan la Encuesta de Bienestar Estudiantil de Oregon (Oregon Student Wellness Survey) de 2014, el 36 % de los alumnos de octavo grado del condado de Jackson afirman haber participado en alg\u00fan tipo de juego en los \u00faltimos 30 d\u00edas. Adem\u00e1s, casi el 5 % de los alumnos de octavo grado del condado de Jackson muestran signos de ludopat\u00eda, lo que los pone en riesgo de desarrollar un problema de juego grave.<\/h3>\n<h3 data-fontsize=\"17\" style=\"--fontSize: 17; line-height: 25px; --minFontSize: 17; font-size: 20px; letter-spacing: 1px;\" data-lineheight=\"21.25px\" class=\"fusion-responsive-typography-calculated\" data-fusion-font=\"true\">Los servicios de tratamiento de la ludopat\u00eda son gratis. Si usted es familiar, puede inscribirse de forma independiente. Estamos aqu\u00ed para ayudar.<\/h3>\n<h3 style=\"text-align: left; --fontSize: 17; line-height: 1.25; --minFontSize: 17;\" data-fontsize=\"17\" data-lineheight=\"21.25px\" class=\"fusion-responsive-typography-calculated\"><span data-fusion-font=\"true\" style=\"font-size: 20px; line-height: 25px; letter-spacing: 1px;\">Para obtener m\u00e1s informaci\u00f3n o para programar una evaluaci\u00f3n o una cita, llame a nuestra l\u00ednea principal las 24 horas del d\u00eda, los 7 d\u00edas de la semana: (541) 779-1282, opci\u00f3n 2. Para obtener m\u00e1s informaci\u00f3n sobre la ayuda disponible, visite  <\/span><span style=\"text-decoration: underline;\"><a href=\"https:\/\/www.opgr.org\/\" data-fusion-font=\"true\" style=\"font-size: 20px; line-height: 25px; letter-spacing: 1px;\">https:\/\/www.opgr.org\/<\/a><\/span><\/h3>\n<\/div>\n<\/div><div class=\"fusion-clearfix\"><\/div><\/div><\/div><\/div><\/div>","protected":false},"excerpt":{"rendered":"","protected":false},"author":1,"featured_media":41273,"parent":7,"menu_order":0,"comment_status":"open","ping_status":"open","template":"","meta":{"ngg_post_thumbnail":0,"footnotes":""},"class_list":["post-175","page","type-page","status-publish","has-post-thumbnail","hentry"],"yoast_head":"<!-- This site is optimized with the Yoast SEO plugin v26.7 - https:\/\/yoast.com\/wordpress\/plugins\/seo\/ -->\n<title>Gambling Addiction - Addictions Recovery Center<\/title>\n<meta name=\"robots\" content=\"index, follow, max-snippet:-1, max-image-preview:large, max-video-preview:-1\" \/>\n<link rel=\"canonical\" href=\"https:\/\/www.addictionsrecovery.org\/es\/other-services\/gambling-addiction\/\" \/>\n<meta property=\"og:locale\" content=\"es_MX\" \/>\n<meta property=\"og:type\" content=\"article\" \/>\n<meta property=\"og:title\" content=\"Gambling Addiction - Addictions Recovery Center\" \/>\n<meta property=\"og:url\" content=\"https:\/\/www.addictionsrecovery.org\/es\/other-services\/gambling-addiction\/\" \/>\n<meta property=\"og:site_name\" content=\"Addictions Recovery Center\" \/>\n<meta property=\"article:publisher\" content=\"https:\/\/www.facebook.com\/ARC541\" \/>\n<meta property=\"article:modified_time\" content=\"2024-04-30T21:37:37+00:00\" \/>\n<meta property=\"og:image\" content=\"https:\/\/www.addictionsrecovery.org\/wp-content\/uploads\/2021\/02\/AdobeStock_327791996-scaled.jpeg\" \/>\n\t<meta property=\"og:image:width\" content=\"2560\" \/>\n\t<meta property=\"og:image:height\" content=\"932\" \/>\n\t<meta property=\"og:image:type\" content=\"image\/jpeg\" \/>\n<meta name=\"twitter:card\" content=\"summary_large_image\" \/>\n<meta name=\"twitter:site\" content=\"@ARC541\" \/>\n<meta name=\"twitter:label1\" content=\"Tiempo de lectura\" \/>\n\t<meta name=\"twitter:data1\" content=\"4 minutos\" \/>\n<script type=\"application\/ld+json\" class=\"yoast-schema-graph\">{\"@context\":\"https:\/\/schema.org\",\"@graph\":[{\"@type\":\"WebPage\",\"@id\":\"https:\/\/www.addictionsrecovery.org\/other-services\/gambling-addiction\/\",\"url\":\"https:\/\/www.addictionsrecovery.org\/other-services\/gambling-addiction\/\",\"name\":\"Gambling Addiction - Addictions Recovery Center\",\"isPartOf\":{\"@id\":\"https:\/\/www.addictionsrecovery.org\/#website\"},\"primaryImageOfPage\":{\"@id\":\"https:\/\/www.addictionsrecovery.org\/other-services\/gambling-addiction\/#primaryimage\"},\"image\":{\"@id\":\"https:\/\/www.addictionsrecovery.org\/other-services\/gambling-addiction\/#primaryimage\"},\"thumbnailUrl\":\"https:\/\/www.addictionsrecovery.org\/wp-content\/uploads\/2021\/02\/AdobeStock_327791996-scaled.jpeg\",\"datePublished\":\"2015-06-24T21:31:02+00:00\",\"dateModified\":\"2024-04-30T21:37:37+00:00\",\"breadcrumb\":{\"@id\":\"https:\/\/www.addictionsrecovery.org\/other-services\/gambling-addiction\/#breadcrumb\"},\"inLanguage\":\"es\",\"potentialAction\":[{\"@type\":\"ReadAction\",\"target\":[\"https:\/\/www.addictionsrecovery.org\/other-services\/gambling-addiction\/\"]}]},{\"@type\":\"ImageObject\",\"inLanguage\":\"es\",\"@id\":\"https:\/\/www.addictionsrecovery.org\/other-services\/gambling-addiction\/#primaryimage\",\"url\":\"https:\/\/www.addictionsrecovery.org\/wp-content\/uploads\/2021\/02\/AdobeStock_327791996-scaled.jpeg\",\"contentUrl\":\"https:\/\/www.addictionsrecovery.org\/wp-content\/uploads\/2021\/02\/AdobeStock_327791996-scaled.jpeg\",\"width\":2560,\"height\":932,\"caption\":\"Mentor discussing problem with therapy group members at meeting in rehab, cropped image, panorama\"},{\"@type\":\"BreadcrumbList\",\"@id\":\"https:\/\/www.addictionsrecovery.org\/other-services\/gambling-addiction\/#breadcrumb\",\"itemListElement\":[{\"@type\":\"ListItem\",\"position\":1,\"name\":\"Home\",\"item\":\"https:\/\/www.addictionsrecovery.org\/\"},{\"@type\":\"ListItem\",\"position\":2,\"name\":\"Other Services\",\"item\":\"https:\/\/www.addictionsrecovery.org\/other-services\/\"},{\"@type\":\"ListItem\",\"position\":3,\"name\":\"Gambling Addiction\"}]},{\"@type\":\"WebSite\",\"@id\":\"https:\/\/www.addictionsrecovery.org\/#website\",\"url\":\"https:\/\/www.addictionsrecovery.org\/\",\"name\":\"Addictions Recovery Center\",\"description\":\"Addictions Recovery Center\",\"potentialAction\":[{\"@type\":\"SearchAction\",\"target\":{\"@type\":\"EntryPoint\",\"urlTemplate\":\"https:\/\/www.addictionsrecovery.org\/?s={search_term_string}\"},\"query-input\":{\"@type\":\"PropertyValueSpecification\",\"valueRequired\":true,\"valueName\":\"search_term_string\"}}],\"inLanguage\":\"es\"}]}<\/script>\n<!-- \/ Yoast SEO plugin. -->","yoast_head_json":{"title":"Gambling Addiction - Addictions Recovery Center","robots":{"index":"index","follow":"follow","max-snippet":"max-snippet:-1","max-image-preview":"max-image-preview:large","max-video-preview":"max-video-preview:-1"},"canonical":"https:\/\/www.addictionsrecovery.org\/es\/other-services\/gambling-addiction\/","og_locale":"es_MX","og_type":"article","og_title":"Gambling Addiction - Addictions Recovery Center","og_url":"https:\/\/www.addictionsrecovery.org\/es\/other-services\/gambling-addiction\/","og_site_name":"Addictions Recovery Center","article_publisher":"https:\/\/www.facebook.com\/ARC541","article_modified_time":"2024-04-30T21:37:37+00:00","og_image":[{"width":2560,"height":932,"url":"https:\/\/www.addictionsrecovery.org\/wp-content\/uploads\/2021\/02\/AdobeStock_327791996-scaled.jpeg","type":"image\/jpeg"}],"twitter_card":"summary_large_image","twitter_site":"@ARC541","twitter_misc":{"Tiempo de lectura":"4 minutos"},"schema":{"@context":"https:\/\/schema.org","@graph":[{"@type":"WebPage","@id":"https:\/\/www.addictionsrecovery.org\/other-services\/gambling-addiction\/","url":"https:\/\/www.addictionsrecovery.org\/other-services\/gambling-addiction\/","name":"Gambling Addiction - Addictions Recovery Center","isPartOf":{"@id":"https:\/\/www.addictionsrecovery.org\/#website"},"primaryImageOfPage":{"@id":"https:\/\/www.addictionsrecovery.org\/other-services\/gambling-addiction\/#primaryimage"},"image":{"@id":"https:\/\/www.addictionsrecovery.org\/other-services\/gambling-addiction\/#primaryimage"},"thumbnailUrl":"https:\/\/www.addictionsrecovery.org\/wp-content\/uploads\/2021\/02\/AdobeStock_327791996-scaled.jpeg","datePublished":"2015-06-24T21:31:02+00:00","dateModified":"2024-04-30T21:37:37+00:00","breadcrumb":{"@id":"https:\/\/www.addictionsrecovery.org\/other-services\/gambling-addiction\/#breadcrumb"},"inLanguage":"es","potentialAction":[{"@type":"ReadAction","target":["https:\/\/www.addictionsrecovery.org\/other-services\/gambling-addiction\/"]}]},{"@type":"ImageObject","inLanguage":"es","@id":"https:\/\/www.addictionsrecovery.org\/other-services\/gambling-addiction\/#primaryimage","url":"https:\/\/www.addictionsrecovery.org\/wp-content\/uploads\/2021\/02\/AdobeStock_327791996-scaled.jpeg","contentUrl":"https:\/\/www.addictionsrecovery.org\/wp-content\/uploads\/2021\/02\/AdobeStock_327791996-scaled.jpeg","width":2560,"height":932,"caption":"Mentor discussing problem with therapy group members at meeting in rehab, cropped image, panorama"},{"@type":"BreadcrumbList","@id":"https:\/\/www.addictionsrecovery.org\/other-services\/gambling-addiction\/#breadcrumb","itemListElement":[{"@type":"ListItem","position":1,"name":"Home","item":"https:\/\/www.addictionsrecovery.org\/"},{"@type":"ListItem","position":2,"name":"Other Services","item":"https:\/\/www.addictionsrecovery.org\/other-services\/"},{"@type":"ListItem","position":3,"name":"Gambling Addiction"}]},{"@type":"WebSite","@id":"https:\/\/www.addictionsrecovery.org\/#website","url":"https:\/\/www.addictionsrecovery.org\/","name":"Addictions Recovery Center","description":"Addictions Recovery Center","potentialAction":[{"@type":"SearchAction","target":{"@type":"EntryPoint","urlTemplate":"https:\/\/www.addictionsrecovery.org\/?s={search_term_string}"},"query-input":{"@type":"PropertyValueSpecification","valueRequired":true,"valueName":"search_term_string"}}],"inLanguage":"es"}]}},"_links":{"self":[{"href":"https:\/\/www.addictionsrecovery.org\/es\/wp-json\/wp\/v2\/pages\/175","targetHints":{"allow":["GET"]}}],"collection":[{"href":"https:\/\/www.addictionsrecovery.org\/es\/wp-json\/wp\/v2\/pages"}],"about":[{"href":"https:\/\/www.addictionsrecovery.org\/es\/wp-json\/wp\/v2\/types\/page"}],"author":[{"embeddable":true,"href":"https:\/\/www.addictionsrecovery.org\/es\/wp-json\/wp\/v2\/users\/1"}],"replies":[{"embeddable":true,"href":"https:\/\/www.addictionsrecovery.org\/es\/wp-json\/wp\/v2\/comments?post=175"}],"version-history":[{"count":0,"href":"https:\/\/www.addictionsrecovery.org\/es\/wp-json\/wp\/v2\/pages\/175\/revisions"}],"up":[{"embeddable":true,"href":"https:\/\/www.addictionsrecovery.org\/es\/wp-json\/wp\/v2\/pages\/7"}],"wp:featuredmedia":[{"embeddable":true,"href":"https:\/\/www.addictionsrecovery.org\/es\/wp-json\/wp\/v2\/media\/41273"}],"wp:attachment":[{"href":"https:\/\/www.addictionsrecovery.org\/es\/wp-json\/wp\/v2\/media?parent=175"}],"curies":[{"name":"wp","href":"https:\/\/api.w.org\/{rel}","templated":true}]}}