{"id":150,"date":"2015-06-24T21:26:27","date_gmt":"2015-06-24T21:26:27","guid":{"rendered":"http:\/\/173.192.145.140\/~addictionsrec\/?page_id=150"},"modified":"2024-06-26T23:52:52","modified_gmt":"2024-06-26T23:52:52","slug":"withdrawalmanagement","status":"publish","type":"page","link":"https:\/\/www.addictionsrecovery.org\/es\/withdrawalmanagement\/","title":{"rendered":"El manejo de la abstinencia Fresh Start"},"content":{"rendered":"<p><div class=\"fusion-fullwidth fullwidth-box fusion-builder-row-1 fusion-flex-container nonhundred-percent-fullwidth non-hundred-percent-height-scrolling\" style=\"--awb-border-radius-top-left:0px;--awb-border-radius-top-right:0px;--awb-border-radius-bottom-right:0px;--awb-border-radius-bottom-left:0px;--awb-flex-wrap:wrap;\" ><div class=\"fusion-builder-row fusion-row fusion-flex-align-items-flex-start fusion-flex-content-wrap\" style=\"max-width:1456px;margin-left: calc(-4% \/ 2 );margin-right: calc(-4% \/ 2 );\"><div class=\"fusion-layout-column fusion_builder_column fusion-builder-column-0 fusion_builder_column_1_1 1_1 fusion-flex-column\" style=\"--awb-bg-size:cover;--awb-width-large:100%;--awb-margin-top-large:0px;--awb-spacing-right-large:1.92%;--awb-margin-bottom-large:20px;--awb-spacing-left-large:1.92%;--awb-width-medium:100%;--awb-order-medium:0;--awb-spacing-right-medium:1.92%;--awb-spacing-left-medium:1.92%;--awb-width-small:100%;--awb-order-small:0;--awb-spacing-right-small:1.92%;--awb-spacing-left-small:1.92%;\"><div class=\"fusion-column-wrapper fusion-column-has-shadow fusion-flex-justify-content-flex-start fusion-content-layout-column\"><\/div><\/div><\/div><\/div><div class=\"fusion-fullwidth fullwidth-box fusion-builder-row-2 hundred-percent-fullwidth non-hundred-percent-height-scrolling\" style=\"--awb-border-radius-top-left:0px;--awb-border-radius-top-right:0px;--awb-border-radius-bottom-right:0px;--awb-border-radius-bottom-left:0px;--awb-overflow:visible;--awb-background-color:29292A;--awb-flex-wrap:wrap;\" ><div class=\"fusion-builder-row fusion-row\"><div class=\"fusion-layout-column fusion_builder_column fusion-builder-column-1 fusion_builder_column_1_1 1_1 fusion-one-full fusion-column-first fusion-column-last\" style=\"--awb-bg-size:cover;\"><div class=\"fusion-column-wrapper fusion-flex-column-wrapper-legacy\"><div class=\"fusion-text fusion-text-1\"><p><div class=\"fusion-fullwidth fullwidth-box fusion-builder-row-2-1 nonhundred-percent-fullwidth non-hundred-percent-height-scrolling\" style=\"--awb-background-position:left top;--awb-border-sizes-top:0px;--awb-border-sizes-bottom:0px;--awb-border-sizes-left:0px;--awb-border-sizes-right:0px;--awb-border-radius-top-left:0px;--awb-border-radius-top-right:0px;--awb-border-radius-bottom-right:0px;--awb-border-radius-bottom-left:0px;--awb-padding-top:20px;--awb-padding-right:0px;--awb-padding-bottom:20px;--awb-padding-left:0px;--awb-flex-wrap:wrap;\" ><\/div><div class=\"fusion-builder-row fusion-row\"><\/div><div class=\"fusion-layout-column fusion_builder_column fusion-builder-column-2 fusion_builder_column_1_1 1_1 fusion-one-full fusion-column-first fusion-column-last fusion-column-no-min-height\" style=\"--awb-bg-size:cover;--awb-margin-bottom:0px;\"><div class=\"fusion-column-wrapper fusion-flex-column-wrapper-legacy\"><div class=\"fusion-clearfix\"><\/div><\/div><\/div><div class=\"fusion-text fusion-text-1\"><\/div><\/p>\n<h4 class=\"\" style=\"--fontsize: 16; line-height: 1.5; --minfontsize: 16;\" data-fontsize=\"16\" data-lineheight=\"24.64px\" data-fusion-font=\"true\"><span style=\"font-size: 20px; line-height: 25px; letter-spacing: 1px;\" data-fusion-font=\"true\">Addictions Recovery Center, Inc. (ARC) ofrece servicios de manejo de la abstinencia (desintoxicaci\u00f3n) con supervisi\u00f3n m\u00e9dica y de estabilizaci\u00f3n a las personas que necesitan este nivel de atenci\u00f3n. Nuestro objetivo es brindar un entorno de estabilidad f\u00edsica y emocional mientras el paciente completa el proceso de desintoxicaci\u00f3n y se prepara para la transici\u00f3n a otro nivel de servicios de tratamiento. El personal trabaja con los pacientes para desarrollar e implementar planes de tratamiento individualizados y basados en pruebas.<\/span><\/h4>\n<h4 class=\"\" style=\"--fontsize: 16; line-height: 1.5; --minfontsize: 16;\" data-fontsize=\"16\" data-lineheight=\"24.64px\" data-fusion-font=\"true\"><span style=\"font-size: 20px; line-height: 25px; letter-spacing: 1px;\" data-fusion-font=\"true\">La elegibilidad para la admisi\u00f3n se determina mediante un control de admisi\u00f3n que incluye, seg\u00fan sea oportuno:<\/span><\/h4>\n<h4 class=\"\" style=\"--fontsize: 16; line-height: 1.54; --minfontsize: 16; padding-left: 40px;\" data-fontsize=\"16\" data-lineheight=\"24.64px\">\n<ul>\n<li><span style=\"line-height: 25px; font-size: 20px; letter-spacing: 1px;\" data-fusion-font=\"true\">historial de consumo de sustancias;<\/span><\/li>\n<li><span style=\"line-height: 1.5;\" data-fusion-font=\"true\"><span style=\"font-size: 19px;\" data-fusion-font=\"true\"><span data-fusion-font=\"true\" style=\"font-size: 20px; line-height: 25px; letter-spacing: 1px;\">antecedentes m\u00e9dicos y psicol\u00f3gicos;<\/span><\/span><\/span><\/li>\n<li><span style=\"line-height: 1.5;\" data-fusion-font=\"true\"><span style=\"font-size: 19px;\" data-fusion-font=\"true\"><span data-fusion-font=\"true\" style=\"font-size: 20px; line-height: 25px; letter-spacing: 1px;\">situaci\u00f3n familiar, interpersonal, laboral y legal; y<\/span><\/span><\/span><\/li>\n<li><span style=\"line-height: 1.5;\" data-fusion-font=\"true\"><span style=\"font-size: 19px;\" data-fusion-font=\"true\"><span data-fusion-font=\"true\" style=\"font-size: 20px; line-height: 25px; letter-spacing: 1px;\">necesidad y capacidad de beneficiarse de los servicios de tratamiento.<\/span><\/span><\/span><\/li>\n<\/ul>\n<\/h4>\n<h4 class=\"\" style=\"--fontsize: 16; line-height: 1.5; --minfontsize: 16;\" data-fontsize=\"16\" data-lineheight=\"24.64px\" data-fusion-font=\"true\"><span style=\"font-size: 20px; line-height: 25px; letter-spacing: 1px;\" data-fusion-font=\"true\">El programa de manejo de la abstinencia de ARC cuenta con profesionales m\u00e9dicos con licencia, incluyendo enfermeros de familia, enfermeros registrados, enfermeros pr\u00e1cticos con licencia y personal de apoyo. Un profesional m\u00e9dico autorizado est\u00e1 disponible las 24 horas del d\u00eda para proporcionar supervisi\u00f3n en el lugar de atenci\u00f3n y evaluaci\u00f3n continua para atender las necesidades inmediatas.<\/span><\/h4>\n<h4 class=\"\" style=\"--fontsize: 16; line-height: 1.5; --minfontsize: 16;\" data-fontsize=\"16\" data-lineheight=\"24.64px\" data-fusion-font=\"true\"><span style=\"font-size: 20px; line-height: 25px; letter-spacing: 1px;\" data-fusion-font=\"true\">El personal cl\u00ednico de ARC tambi\u00e9n ofrece sesiones de asesoramiento motivacional individual o grupal, as\u00ed como servicios de apoyo al paciente y de gesti\u00f3n de casos, seg\u00fan sea necesario.<\/span><\/h4>\n<h4 class=\"\" style=\"--fontsize: 16; line-height: 1.5; --minfontsize: 16;\" data-fontsize=\"16\" data-lineheight=\"24.64px\" data-fusion-font=\"true\"><span style=\"font-size: 20px; line-height: 25px; letter-spacing: 1px;\" data-fusion-font=\"true\">Tras una evaluaci\u00f3n puede determinarse que los pacientes que completan el programa de manejo de la abstinencia con supervisi\u00f3n m\u00e9dica de ARC requieren servicios de tratamiento adicionales en otros niveles de atenci\u00f3n, tales como programas de tratamiento residencial o ambulatorio. El personal de ARC trabajar\u00e1 con cada paciente para la asignaci\u00f3n apropiada al mejor programa en funci\u00f3n de las necesidades del paciente, ya sea en ARC o en otro proveedor de tratamiento.<\/span><\/h4>\n<\/div><div class=\"fusion-clearfix\"><\/div><\/div><\/div><\/div><\/div><div class=\"fusion-fullwidth fullwidth-box fusion-builder-row-3 nonhundred-percent-fullwidth non-hundred-percent-height-scrolling\" style=\"--awb-border-radius-top-left:0px;--awb-border-radius-top-right:0px;--awb-border-radius-bottom-right:0px;--awb-border-radius-bottom-left:0px;--awb-flex-wrap:wrap;\" ><div class=\"fusion-builder-row fusion-row\"><div class=\"fusion-layout-column fusion_builder_column fusion-builder-column-3 fusion_builder_column_1_1 1_1 fusion-one-full fusion-column-first fusion-column-last\" style=\"--awb-bg-size:cover;\"><div class=\"fusion-column-wrapper fusion-flex-column-wrapper-legacy\"><div class=\"fusion-clearfix\"><\/div><\/div><\/div><\/div><\/div><\/p>","protected":false},"excerpt":{"rendered":"","protected":false},"author":1,"featured_media":0,"parent":0,"menu_order":0,"comment_status":"open","ping_status":"open","template":"","meta":{"ngg_post_thumbnail":0,"footnotes":""},"class_list":["post-150","page","type-page","status-publish","hentry"],"yoast_head":"<!-- This site is optimized with the Yoast SEO plugin v26.7 - https:\/\/yoast.com\/wordpress\/plugins\/seo\/ -->\n<title>Fresh Start Withdrawal Management - Addictions Recovery Center<\/title>\n<meta name=\"robots\" content=\"index, follow, max-snippet:-1, max-image-preview:large, max-video-preview:-1\" \/>\n<link rel=\"canonical\" href=\"https:\/\/www.addictionsrecovery.org\/es\/withdrawalmanagement\/\" \/>\n<meta property=\"og:locale\" content=\"es_MX\" \/>\n<meta property=\"og:type\" content=\"article\" \/>\n<meta property=\"og:title\" content=\"Fresh Start Withdrawal Management - Addictions Recovery Center\" \/>\n<meta property=\"og:url\" content=\"https:\/\/www.addictionsrecovery.org\/es\/withdrawalmanagement\/\" \/>\n<meta property=\"og:site_name\" content=\"Addictions Recovery Center\" \/>\n<meta property=\"article:publisher\" content=\"https:\/\/www.facebook.com\/ARC541\" \/>\n<meta property=\"article:modified_time\" content=\"2024-06-26T23:52:52+00:00\" \/>\n<meta name=\"twitter:card\" content=\"summary_large_image\" \/>\n<meta name=\"twitter:site\" content=\"@ARC541\" \/>\n<meta name=\"twitter:label1\" content=\"Tiempo de lectura\" \/>\n\t<meta name=\"twitter:data1\" content=\"4 minutos\" \/>\n<script type=\"application\/ld+json\" class=\"yoast-schema-graph\">{\"@context\":\"https:\/\/schema.org\",\"@graph\":[{\"@type\":\"WebPage\",\"@id\":\"https:\/\/www.addictionsrecovery.org\/withdrawalmanagement\/\",\"url\":\"https:\/\/www.addictionsrecovery.org\/withdrawalmanagement\/\",\"name\":\"Fresh Start Withdrawal Management - Addictions Recovery Center\",\"isPartOf\":{\"@id\":\"https:\/\/www.addictionsrecovery.org\/#website\"},\"datePublished\":\"2015-06-24T21:26:27+00:00\",\"dateModified\":\"2024-06-26T23:52:52+00:00\",\"breadcrumb\":{\"@id\":\"https:\/\/www.addictionsrecovery.org\/withdrawalmanagement\/#breadcrumb\"},\"inLanguage\":\"es\",\"potentialAction\":[{\"@type\":\"ReadAction\",\"target\":[\"https:\/\/www.addictionsrecovery.org\/withdrawalmanagement\/\"]}]},{\"@type\":\"BreadcrumbList\",\"@id\":\"https:\/\/www.addictionsrecovery.org\/withdrawalmanagement\/#breadcrumb\",\"itemListElement\":[{\"@type\":\"ListItem\",\"position\":1,\"name\":\"Home\",\"item\":\"https:\/\/www.addictionsrecovery.org\/\"},{\"@type\":\"ListItem\",\"position\":2,\"name\":\"Fresh Start Withdrawal Management\"}]},{\"@type\":\"WebSite\",\"@id\":\"https:\/\/www.addictionsrecovery.org\/#website\",\"url\":\"https:\/\/www.addictionsrecovery.org\/\",\"name\":\"Addictions Recovery Center\",\"description\":\"Addictions Recovery Center\",\"potentialAction\":[{\"@type\":\"SearchAction\",\"target\":{\"@type\":\"EntryPoint\",\"urlTemplate\":\"https:\/\/www.addictionsrecovery.org\/?s={search_term_string}\"},\"query-input\":{\"@type\":\"PropertyValueSpecification\",\"valueRequired\":true,\"valueName\":\"search_term_string\"}}],\"inLanguage\":\"es\"}]}<\/script>\n<!-- \/ Yoast SEO plugin. -->","yoast_head_json":{"title":"Fresh Start Withdrawal Management - Addictions Recovery Center","robots":{"index":"index","follow":"follow","max-snippet":"max-snippet:-1","max-image-preview":"max-image-preview:large","max-video-preview":"max-video-preview:-1"},"canonical":"https:\/\/www.addictionsrecovery.org\/es\/withdrawalmanagement\/","og_locale":"es_MX","og_type":"article","og_title":"Fresh Start Withdrawal Management - Addictions Recovery Center","og_url":"https:\/\/www.addictionsrecovery.org\/es\/withdrawalmanagement\/","og_site_name":"Addictions Recovery Center","article_publisher":"https:\/\/www.facebook.com\/ARC541","article_modified_time":"2024-06-26T23:52:52+00:00","twitter_card":"summary_large_image","twitter_site":"@ARC541","twitter_misc":{"Tiempo de lectura":"4 minutos"},"schema":{"@context":"https:\/\/schema.org","@graph":[{"@type":"WebPage","@id":"https:\/\/www.addictionsrecovery.org\/withdrawalmanagement\/","url":"https:\/\/www.addictionsrecovery.org\/withdrawalmanagement\/","name":"Fresh Start Withdrawal Management - Addictions Recovery Center","isPartOf":{"@id":"https:\/\/www.addictionsrecovery.org\/#website"},"datePublished":"2015-06-24T21:26:27+00:00","dateModified":"2024-06-26T23:52:52+00:00","breadcrumb":{"@id":"https:\/\/www.addictionsrecovery.org\/withdrawalmanagement\/#breadcrumb"},"inLanguage":"es","potentialAction":[{"@type":"ReadAction","target":["https:\/\/www.addictionsrecovery.org\/withdrawalmanagement\/"]}]},{"@type":"BreadcrumbList","@id":"https:\/\/www.addictionsrecovery.org\/withdrawalmanagement\/#breadcrumb","itemListElement":[{"@type":"ListItem","position":1,"name":"Home","item":"https:\/\/www.addictionsrecovery.org\/"},{"@type":"ListItem","position":2,"name":"Fresh Start Withdrawal Management"}]},{"@type":"WebSite","@id":"https:\/\/www.addictionsrecovery.org\/#website","url":"https:\/\/www.addictionsrecovery.org\/","name":"Addictions Recovery Center","description":"Addictions Recovery Center","potentialAction":[{"@type":"SearchAction","target":{"@type":"EntryPoint","urlTemplate":"https:\/\/www.addictionsrecovery.org\/?s={search_term_string}"},"query-input":{"@type":"PropertyValueSpecification","valueRequired":true,"valueName":"search_term_string"}}],"inLanguage":"es"}]}},"_links":{"self":[{"href":"https:\/\/www.addictionsrecovery.org\/es\/wp-json\/wp\/v2\/pages\/150","targetHints":{"allow":["GET"]}}],"collection":[{"href":"https:\/\/www.addictionsrecovery.org\/es\/wp-json\/wp\/v2\/pages"}],"about":[{"href":"https:\/\/www.addictionsrecovery.org\/es\/wp-json\/wp\/v2\/types\/page"}],"author":[{"embeddable":true,"href":"https:\/\/www.addictionsrecovery.org\/es\/wp-json\/wp\/v2\/users\/1"}],"replies":[{"embeddable":true,"href":"https:\/\/www.addictionsrecovery.org\/es\/wp-json\/wp\/v2\/comments?post=150"}],"version-history":[{"count":0,"href":"https:\/\/www.addictionsrecovery.org\/es\/wp-json\/wp\/v2\/pages\/150\/revisions"}],"wp:attachment":[{"href":"https:\/\/www.addictionsrecovery.org\/es\/wp-json\/wp\/v2\/media?parent=150"}],"curies":[{"name":"wp","href":"https:\/\/api.w.org\/{rel}","templated":true}]}}