{"id":10685,"date":"2018-09-10T19:52:45","date_gmt":"2018-09-10T19:52:45","guid":{"rendered":"https:\/\/www.addictionsrecovery.org\/?page_id=10685"},"modified":"2020-03-26T22:30:59","modified_gmt":"2020-03-26T22:30:59","slug":"gateway-referral-program","status":"publish","type":"page","link":"https:\/\/www.addictionsrecovery.org\/es\/gateway-referral-program\/","title":{"rendered":"Programa de derivaci\u00f3n Gateway"},"content":{"rendered":"<p><div class=\"fusion-fullwidth fullwidth-box fusion-builder-row-1 nonhundred-percent-fullwidth non-hundred-percent-height-scrolling\" style=\"--awb-border-radius-top-left:0px;--awb-border-radius-top-right:0px;--awb-border-radius-bottom-right:0px;--awb-border-radius-bottom-left:0px;--awb-flex-wrap:wrap;\" ><div class=\"fusion-builder-row fusion-row\"><div class=\"fusion-layout-column fusion_builder_column fusion-builder-column-0 fusion_builder_column_1_1 1_1 fusion-one-full fusion-column-first fusion-column-last\" style=\"--awb-bg-size:cover;\"><div class=\"fusion-column-wrapper fusion-flex-column-wrapper-legacy\"><div class=\"fusion-clearfix\"><\/div><\/div><\/div><\/div><\/div><div class=\"fusion-fullwidth fullwidth-box fusion-builder-row-2 nonhundred-percent-fullwidth non-hundred-percent-height-scrolling\" style=\"--awb-border-radius-top-left:0px;--awb-border-radius-top-right:0px;--awb-border-radius-bottom-right:0px;--awb-border-radius-bottom-left:0px;--awb-flex-wrap:wrap;\" ><div class=\"fusion-builder-row fusion-row\"><div class=\"fusion-layout-column fusion_builder_column fusion-builder-column-1 fusion_builder_column_1_1 1_1 fusion-one-full fusion-column-first fusion-column-last\" style=\"--awb-bg-size:cover;\"><div class=\"fusion-column-wrapper fusion-flex-column-wrapper-legacy\"><div class=\"fusion-text fusion-text-1\"><h3><span style=\"text-decoration: underline;\"><a href=\"http:\/\/www.ashland.or.us\/SectionIndex.asp?SectionID=427\" target=\"_blank\" rel=\"noopener noreferrer\">El Departamento de Polic\u00eda de Ashland&nbsp;<\/a><\/span>se asoci\u00f3 con Addictions Recovery Center y la Iniciativa de Adicci\u00f3n y Recuperaci\u00f3n Asistida por la Polic\u00eda (Police Assisted Addiction and Recovery Initiative, P.A.A.R.I.) para tomar medidas directas contra la enfermedad de la adicci\u00f3n, y as\u00ed surgi\u00f3 el programa Gateway.<\/h3>\n<h3>Siguiendo el modelo del Programa \u00c1ngel (Angel Program) de Gloucester, Massachusetts, Gateway se desarroll\u00f3 en colaboraci\u00f3n con ARC para fortalecer las opciones de tratamiento de las personas drogodependientes o alcoh\u00f3licas.<\/h3>\n<h3>Este programa puede apoyar a cualquier adulto que entre en el Departamento de Polic\u00eda de Ashland o que sea contactado en el campo por un oficial de polic\u00eda y solicite ayuda para su adicci\u00f3n.<\/h3>\n<h3>En lugar de arrestar a un adicto a las drogas como manera de lidiar con el problema, el Departamento de Polic\u00eda de Ashland, Addictions Recovery Center y P.A.A.R.I. est\u00e1n comprometidos a:<\/h3>\n<h3 style=\"padding-left: 60px;\">1. alentar a las personas con trastornos por consumo de sustancias a buscar opciones de recuperaci\u00f3n;<br \/>\n2. conectar a los adictos con programas y centros de tratamiento; y<br \/>\n3. proporcionar recursos a otros departamentos de polic\u00eda y comunidades que quieran tener una mayor participaci\u00f3n.<\/h3>\n<h3>Gracias a su trabajo junto a la comunidad m\u00e9dica, el Departamento de Polic\u00eda de Ashland y ARC est\u00e1n marcando una diferencia en Rogue Valley al reducir la cantidad de personas que padecen un trastorno por consumo de sustancias no controlado. El Departamento de Polic\u00eda de Medford tambi\u00e9n participa en el programa Gateway con ARC.<\/h3>\n<h3>Juntos podemos eliminar el estigma asociado a la adicci\u00f3n.<\/h3>\n<\/div><div class=\"fusion-clearfix\"><\/div><\/div><\/div><\/div><\/div><\/p>","protected":false},"excerpt":{"rendered":"","protected":false},"author":2,"featured_media":0,"parent":0,"menu_order":0,"comment_status":"closed","ping_status":"closed","template":"","meta":{"ngg_post_thumbnail":0,"footnotes":""},"class_list":["post-10685","page","type-page","status-publish","hentry"],"yoast_head":"<!-- This site is optimized with the Yoast SEO plugin v26.7 - https:\/\/yoast.com\/wordpress\/plugins\/seo\/ -->\n<title>Gateway Referral Program - Addictions Recovery Center<\/title>\n<meta name=\"robots\" content=\"index, follow, max-snippet:-1, max-image-preview:large, max-video-preview:-1\" \/>\n<link rel=\"canonical\" href=\"https:\/\/www.addictionsrecovery.org\/es\/gateway-referral-program\/\" \/>\n<meta property=\"og:locale\" content=\"es_MX\" \/>\n<meta property=\"og:type\" content=\"article\" \/>\n<meta property=\"og:title\" content=\"Gateway Referral Program - Addictions Recovery Center\" \/>\n<meta property=\"og:url\" content=\"https:\/\/www.addictionsrecovery.org\/es\/gateway-referral-program\/\" \/>\n<meta property=\"og:site_name\" content=\"Addictions Recovery Center\" \/>\n<meta property=\"article:publisher\" content=\"https:\/\/www.facebook.com\/ARC541\" \/>\n<meta property=\"article:modified_time\" content=\"2020-03-26T22:30:59+00:00\" \/>\n<meta name=\"twitter:card\" content=\"summary_large_image\" \/>\n<meta name=\"twitter:site\" content=\"@ARC541\" \/>\n<meta name=\"twitter:label1\" content=\"Tiempo de lectura\" \/>\n\t<meta name=\"twitter:data1\" content=\"3 minutos\" \/>\n<script type=\"application\/ld+json\" class=\"yoast-schema-graph\">{\"@context\":\"https:\/\/schema.org\",\"@graph\":[{\"@type\":\"WebPage\",\"@id\":\"https:\/\/www.addictionsrecovery.org\/gateway-referral-program\/\",\"url\":\"https:\/\/www.addictionsrecovery.org\/gateway-referral-program\/\",\"name\":\"Gateway Referral Program - Addictions Recovery Center\",\"isPartOf\":{\"@id\":\"https:\/\/www.addictionsrecovery.org\/#website\"},\"datePublished\":\"2018-09-10T19:52:45+00:00\",\"dateModified\":\"2020-03-26T22:30:59+00:00\",\"breadcrumb\":{\"@id\":\"https:\/\/www.addictionsrecovery.org\/gateway-referral-program\/#breadcrumb\"},\"inLanguage\":\"es\",\"potentialAction\":[{\"@type\":\"ReadAction\",\"target\":[\"https:\/\/www.addictionsrecovery.org\/gateway-referral-program\/\"]}]},{\"@type\":\"BreadcrumbList\",\"@id\":\"https:\/\/www.addictionsrecovery.org\/gateway-referral-program\/#breadcrumb\",\"itemListElement\":[{\"@type\":\"ListItem\",\"position\":1,\"name\":\"Home\",\"item\":\"https:\/\/www.addictionsrecovery.org\/\"},{\"@type\":\"ListItem\",\"position\":2,\"name\":\"Gateway Referral Program\"}]},{\"@type\":\"WebSite\",\"@id\":\"https:\/\/www.addictionsrecovery.org\/#website\",\"url\":\"https:\/\/www.addictionsrecovery.org\/\",\"name\":\"Addictions Recovery Center\",\"description\":\"Addictions Recovery Center\",\"potentialAction\":[{\"@type\":\"SearchAction\",\"target\":{\"@type\":\"EntryPoint\",\"urlTemplate\":\"https:\/\/www.addictionsrecovery.org\/?s={search_term_string}\"},\"query-input\":{\"@type\":\"PropertyValueSpecification\",\"valueRequired\":true,\"valueName\":\"search_term_string\"}}],\"inLanguage\":\"es\"}]}<\/script>\n<!-- \/ Yoast SEO plugin. -->","yoast_head_json":{"title":"Gateway Referral Program - Addictions Recovery Center","robots":{"index":"index","follow":"follow","max-snippet":"max-snippet:-1","max-image-preview":"max-image-preview:large","max-video-preview":"max-video-preview:-1"},"canonical":"https:\/\/www.addictionsrecovery.org\/es\/gateway-referral-program\/","og_locale":"es_MX","og_type":"article","og_title":"Gateway Referral Program - Addictions Recovery Center","og_url":"https:\/\/www.addictionsrecovery.org\/es\/gateway-referral-program\/","og_site_name":"Addictions Recovery Center","article_publisher":"https:\/\/www.facebook.com\/ARC541","article_modified_time":"2020-03-26T22:30:59+00:00","twitter_card":"summary_large_image","twitter_site":"@ARC541","twitter_misc":{"Tiempo de lectura":"3 minutos"},"schema":{"@context":"https:\/\/schema.org","@graph":[{"@type":"WebPage","@id":"https:\/\/www.addictionsrecovery.org\/gateway-referral-program\/","url":"https:\/\/www.addictionsrecovery.org\/gateway-referral-program\/","name":"Gateway Referral Program - Addictions Recovery Center","isPartOf":{"@id":"https:\/\/www.addictionsrecovery.org\/#website"},"datePublished":"2018-09-10T19:52:45+00:00","dateModified":"2020-03-26T22:30:59+00:00","breadcrumb":{"@id":"https:\/\/www.addictionsrecovery.org\/gateway-referral-program\/#breadcrumb"},"inLanguage":"es","potentialAction":[{"@type":"ReadAction","target":["https:\/\/www.addictionsrecovery.org\/gateway-referral-program\/"]}]},{"@type":"BreadcrumbList","@id":"https:\/\/www.addictionsrecovery.org\/gateway-referral-program\/#breadcrumb","itemListElement":[{"@type":"ListItem","position":1,"name":"Home","item":"https:\/\/www.addictionsrecovery.org\/"},{"@type":"ListItem","position":2,"name":"Gateway Referral Program"}]},{"@type":"WebSite","@id":"https:\/\/www.addictionsrecovery.org\/#website","url":"https:\/\/www.addictionsrecovery.org\/","name":"Addictions Recovery Center","description":"Addictions Recovery Center","potentialAction":[{"@type":"SearchAction","target":{"@type":"EntryPoint","urlTemplate":"https:\/\/www.addictionsrecovery.org\/?s={search_term_string}"},"query-input":{"@type":"PropertyValueSpecification","valueRequired":true,"valueName":"search_term_string"}}],"inLanguage":"es"}]}},"_links":{"self":[{"href":"https:\/\/www.addictionsrecovery.org\/es\/wp-json\/wp\/v2\/pages\/10685","targetHints":{"allow":["GET"]}}],"collection":[{"href":"https:\/\/www.addictionsrecovery.org\/es\/wp-json\/wp\/v2\/pages"}],"about":[{"href":"https:\/\/www.addictionsrecovery.org\/es\/wp-json\/wp\/v2\/types\/page"}],"author":[{"embeddable":true,"href":"https:\/\/www.addictionsrecovery.org\/es\/wp-json\/wp\/v2\/users\/2"}],"replies":[{"embeddable":true,"href":"https:\/\/www.addictionsrecovery.org\/es\/wp-json\/wp\/v2\/comments?post=10685"}],"version-history":[{"count":0,"href":"https:\/\/www.addictionsrecovery.org\/es\/wp-json\/wp\/v2\/pages\/10685\/revisions"}],"wp:attachment":[{"href":"https:\/\/www.addictionsrecovery.org\/es\/wp-json\/wp\/v2\/media?parent=10685"}],"curies":[{"name":"wp","href":"https:\/\/api.w.org\/{rel}","templated":true}]}}