{"id":10647,"date":"2018-09-10T17:49:08","date_gmt":"2018-09-10T17:49:08","guid":{"rendered":"https:\/\/www.addictionsrecovery.org\/?page_id=10647"},"modified":"2024-07-01T20:10:34","modified_gmt":"2024-07-01T20:10:34","slug":"recovery-opportunity-court","status":"publish","type":"page","link":"https:\/\/www.addictionsrecovery.org\/es\/recovery-opportunity-court\/","title":{"rendered":"Tribunal de Oportunidades de Recuperaci\u00f3n;"},"content":{"rendered":"<p><div class=\"fusion-fullwidth fullwidth-box fusion-builder-row-1 fusion-flex-container nonhundred-percent-fullwidth non-hundred-percent-height-scrolling\" style=\"--awb-border-radius-top-left:0px;--awb-border-radius-top-right:0px;--awb-border-radius-bottom-right:0px;--awb-border-radius-bottom-left:0px;--awb-flex-wrap:wrap;\" ><div class=\"fusion-builder-row fusion-row fusion-flex-align-items-flex-start fusion-flex-content-wrap\" style=\"max-width:1456px;margin-left: calc(-4% \/ 2 );margin-right: calc(-4% \/ 2 );\"><div class=\"fusion-layout-column fusion_builder_column fusion-builder-column-0 fusion_builder_column_1_1 1_1 fusion-flex-column\" style=\"--awb-bg-size:cover;--awb-width-large:100%;--awb-margin-top-large:0px;--awb-spacing-right-large:1.92%;--awb-margin-bottom-large:20px;--awb-spacing-left-large:1.92%;--awb-width-medium:100%;--awb-order-medium:0;--awb-spacing-right-medium:1.92%;--awb-spacing-left-medium:1.92%;--awb-width-small:100%;--awb-order-small:0;--awb-spacing-right-small:1.92%;--awb-spacing-left-small:1.92%;\"><div class=\"fusion-column-wrapper fusion-column-has-shadow fusion-flex-justify-content-flex-start fusion-content-layout-column\"><\/div><\/div><\/div><\/div><div class=\"fusion-fullwidth fullwidth-box fusion-builder-row-2 nonhundred-percent-fullwidth non-hundred-percent-height-scrolling\" style=\"--awb-border-radius-top-left:0px;--awb-border-radius-top-right:0px;--awb-border-radius-bottom-right:0px;--awb-border-radius-bottom-left:0px;--awb-flex-wrap:wrap;\" ><\/div><div class=\"fusion-fullwidth fullwidth-box fusion-builder-row-3 nonhundred-percent-fullwidth non-hundred-percent-height-scrolling\" style=\"--awb-border-radius-top-left:0px;--awb-border-radius-top-right:0px;--awb-border-radius-bottom-right:0px;--awb-border-radius-bottom-left:0px;--awb-flex-wrap:wrap;\" ><div class=\"fusion-builder-row fusion-row\"><div class=\"fusion-layout-column fusion_builder_column fusion-builder-column-1 fusion_builder_column_1_1 1_1 fusion-one-full fusion-column-first fusion-column-last\" style=\"--awb-bg-size:cover;\"><div class=\"fusion-column-wrapper fusion-flex-column-wrapper-legacy\"><div class=\"fusion-text fusion-text-1\"><div class=\"fusion-text fusion-text-1\"><\/div>\n<h3 data-fontsize=\"17\" style=\"--fontSize: 17; line-height: 25px; --minFontSize: 17; font-size: 20px;\" data-lineheight=\"21.25px\" class=\"fusion-responsive-typography-calculated\" data-fusion-font=\"true\">Los programas de los Tribunales de Tratamiento del condado de Jackson coordinan los servicios destinados a rehabilitar a las familias y a las personas con causas en los tribunales. Estos programas intentan recuperar a los adictos a las drogas y al alcohol, reducir los impactos y fomentar el \u00e9xito social a largo plazo.<\/h3>\n<h3 data-fontsize=\"17\" style=\"--fontSize: 17; line-height: 25px; --minFontSize: 17; font-size: 20px;\" data-lineheight=\"21.25px\" class=\"fusion-responsive-typography-calculated\" data-fusion-font=\"true\">Con ese fin, Addictions Recovery Center es un socio orgulloso de Jackson County Community Justice y proveedor de servicios para el Tribunal de Oportunidades de Recuperaci\u00f3n (ROC, por sus siglas en ingl\u00e9s) del condado de Jackson.<\/h3>\n<h3 data-fontsize=\"17\" style=\"--fontSize: 17; line-height: 25px; --minFontSize: 17; font-size: 20px;\" data-lineheight=\"21.25px\" class=\"fusion-responsive-typography-calculated\" data-fusion-font=\"true\">El prop\u00f3sito del programa del ROC es reducir los impactos adversos y penales del trastorno por consumo de sustancias para los residentes del condado de Jackson, incluyendo la reducci\u00f3n de la delincuencia para la comunidad y la responsabilidad personal que da lugar a la autosuficiencia para el individuo.<\/h3>\n<h3 data-fontsize=\"17\" style=\"--fontSize: 17; line-height: 25px; --minFontSize: 17; font-size: 20px;\" data-lineheight=\"21.25px\" class=\"fusion-responsive-typography-calculated\" data-fusion-font=\"true\">Un agente de libertad condicional supervisar\u00e1 a todos los participantes del ROC. Los participantes deber\u00e1n cumplir todas las condiciones de la libertad condicional y aceptar inspecciones de su persona o de su hogar cuando se soliciten.<\/h3>\n<h3 data-fontsize=\"17\" style=\"--fontSize: 17; line-height: 25px; --minFontSize: 17; font-size: 20px;\" data-lineheight=\"21.25px\" class=\"fusion-responsive-typography-calculated\" data-fusion-font=\"true\">Puede ser necesario un tratamiento residencial en funci\u00f3n de la evaluaci\u00f3n y la necesidad terap\u00e9utica.<\/h3>\n<h3 data-fontsize=\"17\" style=\"--fontSize: 17; line-height: 25px; --minFontSize: 17; font-size: 20px;\" data-lineheight=\"21.25px\" class=\"fusion-responsive-typography-calculated\" data-fusion-font=\"true\">Todos los participantes, excepto los que se encuentran actualmente en tratamientos residenciales, deber\u00e1n asistir a un m\u00ednimo de dos reuniones semanales verificadas de grupos de apoyo a la recuperaci\u00f3n de la comunidad y tener un patrocinador o un coach para la recuperaci\u00f3n.<\/h3>\n<h3 data-fontsize=\"17\" style=\"--fontSize: 17; line-height: 25px; --minFontSize: 17; font-size: 20px;\" data-lineheight=\"21.25px\" class=\"fusion-responsive-typography-calculated\" data-fusion-font=\"true\">Asimismo, todos los participantes deber\u00e1n someterse a an\u00e1lisis de orina aleatorios a pedido de cualquier miembro del personal del programa o tratamiento, sin excepci\u00f3n.<\/h3>\n<h3 data-fontsize=\"17\" style=\"--fontSize: 17; line-height: 1.25; --minFontSize: 17;\" data-lineheight=\"21.25px\" class=\"fusion-responsive-typography-calculated\"><span data-fusion-font=\"true\" style=\"font-size: 20px; line-height: 25px;\">Para obtener m\u00e1s informaci\u00f3n sobre la inscripci\u00f3n o las expectativas establecidas por el tribunal, visite la p\u00e1gina <\/span><span style=\"text-decoration: underline;\"><span style=\"font-size: 20px; line-height: 25px;\"><a href=\"https:\/\/www.courts.oregon.gov\/courts\/jackson\/programs-services\/Pages\/treatment-courts.aspx#\" target=\"_blank\" rel=\"noopener noreferrer\">de servicios del programa del Tribunal de Circuito del condado de Jackson<\/a><\/span><\/span><span data-fusion-font=\"true\" style=\"font-size: 20px; line-height: 25px;\">.<\/span><\/h3><\/p>\n<\/div><div class=\"fusion-clearfix\"><\/div><\/div><\/div><\/div><\/div><div class=\"fusion-fullwidth fullwidth-box fusion-builder-row-4 fusion-flex-container nonhundred-percent-fullwidth non-hundred-percent-height-scrolling\" style=\"--awb-border-radius-top-left:0px;--awb-border-radius-top-right:0px;--awb-border-radius-bottom-right:0px;--awb-border-radius-bottom-left:0px;--awb-flex-wrap:wrap;\" ><\/div><\/p>","protected":false},"excerpt":{"rendered":"","protected":false},"author":2,"featured_media":0,"parent":0,"menu_order":0,"comment_status":"closed","ping_status":"closed","template":"","meta":{"ngg_post_thumbnail":0,"footnotes":""},"class_list":["post-10647","page","type-page","status-publish","hentry"],"yoast_head":"<!-- This site is optimized with the Yoast SEO plugin v26.7 - https:\/\/yoast.com\/wordpress\/plugins\/seo\/ -->\n<title>Recovery Opportunity Court - Addictions Recovery Center<\/title>\n<meta name=\"robots\" content=\"index, follow, max-snippet:-1, max-image-preview:large, max-video-preview:-1\" \/>\n<link rel=\"canonical\" href=\"https:\/\/www.addictionsrecovery.org\/es\/recovery-opportunity-court\/\" \/>\n<meta property=\"og:locale\" content=\"es_MX\" \/>\n<meta property=\"og:type\" content=\"article\" \/>\n<meta property=\"og:title\" content=\"Recovery Opportunity Court - Addictions Recovery Center\" \/>\n<meta property=\"og:url\" content=\"https:\/\/www.addictionsrecovery.org\/es\/recovery-opportunity-court\/\" \/>\n<meta property=\"og:site_name\" content=\"Addictions Recovery Center\" \/>\n<meta property=\"article:publisher\" content=\"https:\/\/www.facebook.com\/ARC541\" \/>\n<meta property=\"article:modified_time\" content=\"2024-07-01T20:10:34+00:00\" \/>\n<meta name=\"twitter:card\" content=\"summary_large_image\" \/>\n<meta name=\"twitter:site\" content=\"@ARC541\" \/>\n<meta name=\"twitter:label1\" content=\"Tiempo de lectura\" \/>\n\t<meta name=\"twitter:data1\" content=\"5 minutos\" \/>\n<script type=\"application\/ld+json\" class=\"yoast-schema-graph\">{\"@context\":\"https:\/\/schema.org\",\"@graph\":[{\"@type\":\"WebPage\",\"@id\":\"https:\/\/www.addictionsrecovery.org\/recovery-opportunity-court\/\",\"url\":\"https:\/\/www.addictionsrecovery.org\/recovery-opportunity-court\/\",\"name\":\"Recovery Opportunity Court - Addictions Recovery Center\",\"isPartOf\":{\"@id\":\"https:\/\/www.addictionsrecovery.org\/#website\"},\"datePublished\":\"2018-09-10T17:49:08+00:00\",\"dateModified\":\"2024-07-01T20:10:34+00:00\",\"breadcrumb\":{\"@id\":\"https:\/\/www.addictionsrecovery.org\/recovery-opportunity-court\/#breadcrumb\"},\"inLanguage\":\"es\",\"potentialAction\":[{\"@type\":\"ReadAction\",\"target\":[\"https:\/\/www.addictionsrecovery.org\/recovery-opportunity-court\/\"]}]},{\"@type\":\"BreadcrumbList\",\"@id\":\"https:\/\/www.addictionsrecovery.org\/recovery-opportunity-court\/#breadcrumb\",\"itemListElement\":[{\"@type\":\"ListItem\",\"position\":1,\"name\":\"Home\",\"item\":\"https:\/\/www.addictionsrecovery.org\/\"},{\"@type\":\"ListItem\",\"position\":2,\"name\":\"Recovery Opportunity Court\"}]},{\"@type\":\"WebSite\",\"@id\":\"https:\/\/www.addictionsrecovery.org\/#website\",\"url\":\"https:\/\/www.addictionsrecovery.org\/\",\"name\":\"Addictions Recovery Center\",\"description\":\"Addictions Recovery Center\",\"potentialAction\":[{\"@type\":\"SearchAction\",\"target\":{\"@type\":\"EntryPoint\",\"urlTemplate\":\"https:\/\/www.addictionsrecovery.org\/?s={search_term_string}\"},\"query-input\":{\"@type\":\"PropertyValueSpecification\",\"valueRequired\":true,\"valueName\":\"search_term_string\"}}],\"inLanguage\":\"es\"}]}<\/script>\n<!-- \/ Yoast SEO plugin. -->","yoast_head_json":{"title":"Recovery Opportunity Court - Addictions Recovery Center","robots":{"index":"index","follow":"follow","max-snippet":"max-snippet:-1","max-image-preview":"max-image-preview:large","max-video-preview":"max-video-preview:-1"},"canonical":"https:\/\/www.addictionsrecovery.org\/es\/recovery-opportunity-court\/","og_locale":"es_MX","og_type":"article","og_title":"Recovery Opportunity Court - Addictions Recovery Center","og_url":"https:\/\/www.addictionsrecovery.org\/es\/recovery-opportunity-court\/","og_site_name":"Addictions Recovery Center","article_publisher":"https:\/\/www.facebook.com\/ARC541","article_modified_time":"2024-07-01T20:10:34+00:00","twitter_card":"summary_large_image","twitter_site":"@ARC541","twitter_misc":{"Tiempo de lectura":"5 minutos"},"schema":{"@context":"https:\/\/schema.org","@graph":[{"@type":"WebPage","@id":"https:\/\/www.addictionsrecovery.org\/recovery-opportunity-court\/","url":"https:\/\/www.addictionsrecovery.org\/recovery-opportunity-court\/","name":"Recovery Opportunity Court - Addictions Recovery Center","isPartOf":{"@id":"https:\/\/www.addictionsrecovery.org\/#website"},"datePublished":"2018-09-10T17:49:08+00:00","dateModified":"2024-07-01T20:10:34+00:00","breadcrumb":{"@id":"https:\/\/www.addictionsrecovery.org\/recovery-opportunity-court\/#breadcrumb"},"inLanguage":"es","potentialAction":[{"@type":"ReadAction","target":["https:\/\/www.addictionsrecovery.org\/recovery-opportunity-court\/"]}]},{"@type":"BreadcrumbList","@id":"https:\/\/www.addictionsrecovery.org\/recovery-opportunity-court\/#breadcrumb","itemListElement":[{"@type":"ListItem","position":1,"name":"Home","item":"https:\/\/www.addictionsrecovery.org\/"},{"@type":"ListItem","position":2,"name":"Recovery Opportunity Court"}]},{"@type":"WebSite","@id":"https:\/\/www.addictionsrecovery.org\/#website","url":"https:\/\/www.addictionsrecovery.org\/","name":"Addictions Recovery Center","description":"Addictions Recovery Center","potentialAction":[{"@type":"SearchAction","target":{"@type":"EntryPoint","urlTemplate":"https:\/\/www.addictionsrecovery.org\/?s={search_term_string}"},"query-input":{"@type":"PropertyValueSpecification","valueRequired":true,"valueName":"search_term_string"}}],"inLanguage":"es"}]}},"_links":{"self":[{"href":"https:\/\/www.addictionsrecovery.org\/es\/wp-json\/wp\/v2\/pages\/10647","targetHints":{"allow":["GET"]}}],"collection":[{"href":"https:\/\/www.addictionsrecovery.org\/es\/wp-json\/wp\/v2\/pages"}],"about":[{"href":"https:\/\/www.addictionsrecovery.org\/es\/wp-json\/wp\/v2\/types\/page"}],"author":[{"embeddable":true,"href":"https:\/\/www.addictionsrecovery.org\/es\/wp-json\/wp\/v2\/users\/2"}],"replies":[{"embeddable":true,"href":"https:\/\/www.addictionsrecovery.org\/es\/wp-json\/wp\/v2\/comments?post=10647"}],"version-history":[{"count":0,"href":"https:\/\/www.addictionsrecovery.org\/es\/wp-json\/wp\/v2\/pages\/10647\/revisions"}],"wp:attachment":[{"href":"https:\/\/www.addictionsrecovery.org\/es\/wp-json\/wp\/v2\/media?parent=10647"}],"curies":[{"name":"wp","href":"https:\/\/api.w.org\/{rel}","templated":true}]}}