{"id":10646,"date":"2018-09-10T17:48:21","date_gmt":"2018-09-10T17:48:21","guid":{"rendered":"https:\/\/www.addictionsrecovery.org\/?page_id=10646"},"modified":"2020-04-21T20:44:41","modified_gmt":"2020-04-21T20:44:41","slug":"community-family-court","status":"publish","type":"page","link":"https:\/\/www.addictionsrecovery.org\/es\/community-family-court\/","title":{"rendered":"Community Family Court"},"content":{"rendered":"<p><div class=\"fusion-fullwidth fullwidth-box fusion-builder-row-1 nonhundred-percent-fullwidth non-hundred-percent-height-scrolling\" style=\"--awb-border-radius-top-left:0px;--awb-border-radius-top-right:0px;--awb-border-radius-bottom-right:0px;--awb-border-radius-bottom-left:0px;--awb-flex-wrap:wrap;\" ><div class=\"fusion-builder-row fusion-row\"><div class=\"fusion-layout-column fusion_builder_column fusion-builder-column-0 fusion_builder_column_1_1 1_1 fusion-one-full fusion-column-first fusion-column-last\" style=\"--awb-bg-size:cover;\"><div class=\"fusion-column-wrapper fusion-flex-column-wrapper-legacy\"><div class=\"fusion-clearfix\"><\/div><\/div><\/div><\/div><\/div><div class=\"fusion-fullwidth fullwidth-box fusion-builder-row-2 nonhundred-percent-fullwidth non-hundred-percent-height-scrolling\" style=\"--awb-border-radius-top-left:0px;--awb-border-radius-top-right:0px;--awb-border-radius-bottom-right:0px;--awb-border-radius-bottom-left:0px;--awb-flex-wrap:wrap;\" ><div class=\"fusion-builder-row fusion-row\"><div class=\"fusion-layout-column fusion_builder_column fusion-builder-column-1 fusion_builder_column_1_1 1_1 fusion-one-full fusion-column-first fusion-column-last\" style=\"--awb-bg-size:cover;\"><div class=\"fusion-column-wrapper fusion-flex-column-wrapper-legacy\"><div class=\"fusion-text fusion-text-1\"><h2>&nbsp;<\/h2>\n<h3 style=\"text-align: center;\">Addictions Recovery Center is now conducting admissions and assessments via phone. This includes admissions for new clients to all ARC services, including medically monitored detox, residential treatment and outpatient services.<\/h3>\n<h3 style=\"text-align: center;\">Outpatient services \u2013 including individual and group treatment and peer-mentored recovery support &#8211; are now being conducted via telehealth. This allows clients to access a Certified Alcohol and Drug counselor or Certified Recovery Mentor by phone or video.<\/h3>\n<h3 style=\"text-align: center;\">Para obtener m\u00e1s informaci\u00f3n o para programar una evaluaci\u00f3n o una cita, llame a nuestra l\u00ednea principal: (541) 779-1282.<\/h3>\n<h3 style=\"text-align: center;\">&nbsp;<\/h3>\n<hr>\n<h3>&nbsp;<\/h3>\n<h3>Los programas de los Tribunales de Tratamiento del condado de Jackson coordinan los servicios destinados a rehabilitar a las familias y a las personas con causas en los tribunales. Estos programas intentan recuperar a los adictos a las drogas y al alcohol, reducir los impactos y fomentar el \u00e9xito social a largo plazo.<\/h3>\n<h3>To that end, Addictions Recovery Center is a proud partner of Jackson County Community Justice, and provider of services for the Jackson County Community Family Court (CFC).<\/h3>\n<h3>With families a priority, participants in CFC can be required to enter treatment at any level and\/or change levels depending on assessment and therapeutic need.<\/h3>\n<h3>Puede ser necesario un tratamiento residencial en funci\u00f3n de la evaluaci\u00f3n y la necesidad terap\u00e9utica.<\/h3>\n<h3>Todos los participantes, excepto los que se encuentran actualmente en tratamientos residenciales, deber\u00e1n asistir a un m\u00ednimo de dos reuniones semanales verificadas de grupos de apoyo a la recuperaci\u00f3n de la comunidad y tener un patrocinador o un coach para la recuperaci\u00f3n.<\/h3>\n<h3>Asimismo, todos los participantes deber\u00e1n someterse a an\u00e1lisis de orina aleatorios a pedido de cualquier miembro del personal del programa o tratamiento, sin excepci\u00f3n.<\/h3>\n<h3 class=\"translation-block\">Para obtener m\u00e1s informaci\u00f3n sobre la inscripci\u00f3n o las expectativas establecidas por el tribunal, visite la p\u00e1gina<\/h3>\n<\/div><div class=\"fusion-clearfix\"><\/div><\/div><\/div><\/div><\/div><\/p>","protected":false},"excerpt":{"rendered":"","protected":false},"author":2,"featured_media":0,"parent":0,"menu_order":0,"comment_status":"closed","ping_status":"closed","template":"","meta":{"ngg_post_thumbnail":0,"footnotes":""},"class_list":["post-10646","page","type-page","status-publish","hentry"],"yoast_head":"<!-- This site is optimized with the Yoast SEO plugin v26.7 - https:\/\/yoast.com\/wordpress\/plugins\/seo\/ -->\n<title>Community Family Court - Addictions Recovery Center<\/title>\n<meta name=\"robots\" content=\"index, follow, max-snippet:-1, max-image-preview:large, max-video-preview:-1\" \/>\n<link rel=\"canonical\" href=\"https:\/\/www.addictionsrecovery.org\/es\/community-family-court\/\" \/>\n<meta property=\"og:locale\" content=\"es_MX\" \/>\n<meta property=\"og:type\" content=\"article\" \/>\n<meta property=\"og:title\" content=\"Community Family Court - Addictions Recovery Center\" \/>\n<meta property=\"og:url\" content=\"https:\/\/www.addictionsrecovery.org\/es\/community-family-court\/\" \/>\n<meta property=\"og:site_name\" content=\"Addictions Recovery Center\" \/>\n<meta property=\"article:publisher\" content=\"https:\/\/www.facebook.com\/ARC541\" \/>\n<meta property=\"article:modified_time\" content=\"2020-04-21T20:44:41+00:00\" \/>\n<meta name=\"twitter:card\" content=\"summary_large_image\" \/>\n<meta name=\"twitter:site\" content=\"@ARC541\" \/>\n<meta name=\"twitter:label1\" content=\"Tiempo de lectura\" \/>\n\t<meta name=\"twitter:data1\" content=\"3 minutos\" \/>\n<script type=\"application\/ld+json\" class=\"yoast-schema-graph\">{\"@context\":\"https:\/\/schema.org\",\"@graph\":[{\"@type\":\"WebPage\",\"@id\":\"https:\/\/www.addictionsrecovery.org\/community-family-court\/\",\"url\":\"https:\/\/www.addictionsrecovery.org\/community-family-court\/\",\"name\":\"Community Family Court - Addictions Recovery Center\",\"isPartOf\":{\"@id\":\"https:\/\/www.addictionsrecovery.org\/#website\"},\"datePublished\":\"2018-09-10T17:48:21+00:00\",\"dateModified\":\"2020-04-21T20:44:41+00:00\",\"breadcrumb\":{\"@id\":\"https:\/\/www.addictionsrecovery.org\/community-family-court\/#breadcrumb\"},\"inLanguage\":\"es\",\"potentialAction\":[{\"@type\":\"ReadAction\",\"target\":[\"https:\/\/www.addictionsrecovery.org\/community-family-court\/\"]}]},{\"@type\":\"BreadcrumbList\",\"@id\":\"https:\/\/www.addictionsrecovery.org\/community-family-court\/#breadcrumb\",\"itemListElement\":[{\"@type\":\"ListItem\",\"position\":1,\"name\":\"Home\",\"item\":\"https:\/\/www.addictionsrecovery.org\/\"},{\"@type\":\"ListItem\",\"position\":2,\"name\":\"Community Family Court\"}]},{\"@type\":\"WebSite\",\"@id\":\"https:\/\/www.addictionsrecovery.org\/#website\",\"url\":\"https:\/\/www.addictionsrecovery.org\/\",\"name\":\"Addictions Recovery Center\",\"description\":\"Addictions Recovery Center\",\"potentialAction\":[{\"@type\":\"SearchAction\",\"target\":{\"@type\":\"EntryPoint\",\"urlTemplate\":\"https:\/\/www.addictionsrecovery.org\/?s={search_term_string}\"},\"query-input\":{\"@type\":\"PropertyValueSpecification\",\"valueRequired\":true,\"valueName\":\"search_term_string\"}}],\"inLanguage\":\"es\"}]}<\/script>\n<!-- \/ Yoast SEO plugin. -->","yoast_head_json":{"title":"Community Family Court - Addictions Recovery Center","robots":{"index":"index","follow":"follow","max-snippet":"max-snippet:-1","max-image-preview":"max-image-preview:large","max-video-preview":"max-video-preview:-1"},"canonical":"https:\/\/www.addictionsrecovery.org\/es\/community-family-court\/","og_locale":"es_MX","og_type":"article","og_title":"Community Family Court - Addictions Recovery Center","og_url":"https:\/\/www.addictionsrecovery.org\/es\/community-family-court\/","og_site_name":"Addictions Recovery Center","article_publisher":"https:\/\/www.facebook.com\/ARC541","article_modified_time":"2020-04-21T20:44:41+00:00","twitter_card":"summary_large_image","twitter_site":"@ARC541","twitter_misc":{"Tiempo de lectura":"3 minutos"},"schema":{"@context":"https:\/\/schema.org","@graph":[{"@type":"WebPage","@id":"https:\/\/www.addictionsrecovery.org\/community-family-court\/","url":"https:\/\/www.addictionsrecovery.org\/community-family-court\/","name":"Community Family Court - Addictions Recovery Center","isPartOf":{"@id":"https:\/\/www.addictionsrecovery.org\/#website"},"datePublished":"2018-09-10T17:48:21+00:00","dateModified":"2020-04-21T20:44:41+00:00","breadcrumb":{"@id":"https:\/\/www.addictionsrecovery.org\/community-family-court\/#breadcrumb"},"inLanguage":"es","potentialAction":[{"@type":"ReadAction","target":["https:\/\/www.addictionsrecovery.org\/community-family-court\/"]}]},{"@type":"BreadcrumbList","@id":"https:\/\/www.addictionsrecovery.org\/community-family-court\/#breadcrumb","itemListElement":[{"@type":"ListItem","position":1,"name":"Home","item":"https:\/\/www.addictionsrecovery.org\/"},{"@type":"ListItem","position":2,"name":"Community Family Court"}]},{"@type":"WebSite","@id":"https:\/\/www.addictionsrecovery.org\/#website","url":"https:\/\/www.addictionsrecovery.org\/","name":"Addictions Recovery Center","description":"Addictions Recovery Center","potentialAction":[{"@type":"SearchAction","target":{"@type":"EntryPoint","urlTemplate":"https:\/\/www.addictionsrecovery.org\/?s={search_term_string}"},"query-input":{"@type":"PropertyValueSpecification","valueRequired":true,"valueName":"search_term_string"}}],"inLanguage":"es"}]}},"_links":{"self":[{"href":"https:\/\/www.addictionsrecovery.org\/es\/wp-json\/wp\/v2\/pages\/10646","targetHints":{"allow":["GET"]}}],"collection":[{"href":"https:\/\/www.addictionsrecovery.org\/es\/wp-json\/wp\/v2\/pages"}],"about":[{"href":"https:\/\/www.addictionsrecovery.org\/es\/wp-json\/wp\/v2\/types\/page"}],"author":[{"embeddable":true,"href":"https:\/\/www.addictionsrecovery.org\/es\/wp-json\/wp\/v2\/users\/2"}],"replies":[{"embeddable":true,"href":"https:\/\/www.addictionsrecovery.org\/es\/wp-json\/wp\/v2\/comments?post=10646"}],"version-history":[{"count":0,"href":"https:\/\/www.addictionsrecovery.org\/es\/wp-json\/wp\/v2\/pages\/10646\/revisions"}],"wp:attachment":[{"href":"https:\/\/www.addictionsrecovery.org\/es\/wp-json\/wp\/v2\/media?parent=10646"}],"curies":[{"name":"wp","href":"https:\/\/api.w.org\/{rel}","templated":true}]}}