{"id":10642,"date":"2018-09-10T18:40:05","date_gmt":"2018-09-10T18:40:05","guid":{"rendered":"https:\/\/www.addictionsrecovery.org\/?page_id=10642"},"modified":"2019-06-03T17:26:46","modified_gmt":"2019-06-03T17:26:46","slug":"christine-mason-residential-recovery-center","status":"publish","type":"page","link":"https:\/\/www.addictionsrecovery.org\/es\/christine-mason-residential-recovery-center\/","title":{"rendered":"ARC Residential Treatment Programs"},"content":{"rendered":"<p><div class=\"fusion-fullwidth fullwidth-box fusion-builder-row-1 nonhundred-percent-fullwidth non-hundred-percent-height-scrolling\" style=\"--awb-border-radius-top-left:0px;--awb-border-radius-top-right:0px;--awb-border-radius-bottom-right:0px;--awb-border-radius-bottom-left:0px;--awb-flex-wrap:wrap;\" ><div class=\"fusion-builder-row fusion-row\"><div class=\"fusion-layout-column fusion_builder_column fusion-builder-column-0 fusion_builder_column_1_1 1_1 fusion-one-full fusion-column-first fusion-column-last\" style=\"--awb-bg-size:cover;\"><div class=\"fusion-column-wrapper fusion-flex-column-wrapper-legacy\"><div class=\"fusion-clearfix\"><\/div><\/div><\/div><\/div><\/div><div class=\"fusion-fullwidth fullwidth-box fusion-builder-row-2 nonhundred-percent-fullwidth non-hundred-percent-height-scrolling\" style=\"--awb-border-radius-top-left:0px;--awb-border-radius-top-right:0px;--awb-border-radius-bottom-right:0px;--awb-border-radius-bottom-left:0px;--awb-flex-wrap:wrap;\" ><div class=\"fusion-builder-row fusion-row\"><div class=\"fusion-layout-column fusion_builder_column fusion-builder-column-1 fusion_builder_column_1_1 1_1 fusion-one-full fusion-column-first fusion-column-last\" style=\"--awb-bg-size:cover;\"><div class=\"fusion-column-wrapper fusion-flex-column-wrapper-legacy\"><div class=\"fusion-text fusion-text-1\"><h3>Los programas de tratamiento residencial de Addictions Recovery Center son un r\u00e9gimen planificado de evaluaci\u00f3n, observaci\u00f3n y tratamiento de trastornos por consumo de sustancias dirigido por profesionales las 24 horas del d\u00eda en un entorno de internaci\u00f3n.<\/h3>\n<h3>Cada cliente recibe un plan dise\u00f1ado individualmente, enfocado en habilidades de recuperaci\u00f3n a largo plazo que ayudan a mejorar la salud general, incluido el bienestar f\u00edsico y emocional. La educaci\u00f3n explora los comportamientos adictivos, la funci\u00f3n cerebral y la responsabilidad personal, y fomenta que el cliente integre nuevas habilidades y comportamientos en su vida diaria.<\/h3>\n<h3><span style=\"text-decoration: underline;\"><a href=\"https:\/\/www.addictionsrecovery.org\/es\/group-and-individual-counseling\/\" target=\"_blank\" rel=\"noopener noreferrer\"><span style=\"color: #3366ff; text-decoration: underline;\">Tambi\u00e9n se utiliza terapia grupal e individual<\/span><\/a><\/span> para garantizar la creaci\u00f3n de relaciones positivas de apoyo entre pares, una menor sensaci\u00f3n de aislamiento y la esperanza, el apoyo y el \u00e1nimo necesarios para llevar una vida en recuperaci\u00f3n exitosa.<\/h3>\n<h3>Para obtener m\u00e1s informaci\u00f3n sobre nuestro programa para mujeres y madres que acaban de dar a luz, visite la p\u00e1gina <a href=\"https:\/\/www.addictionsrecovery.org\/es\/reddy-house-residential-treatment-program\/\" target=\"_blank\" rel=\"noopener noreferrer\"><span style=\"text-decoration: underline; color: #3366ff;\">la p\u00e1gina del centro de tratamiento residencial Reddy House.<\/span><\/a> page.<\/h3>\n<h3>To learn more about our Men&#8217;s residential treatment program, please visit the <a href=\"https:\/\/www.addictionsrecovery.org\/es\/mason-center-for-residential-treatment-and-recovery\/\" target=\"_blank\" rel=\"noopener noreferrer\"><span style=\"text-decoration: underline; color: #3366ff;\">Mason Center for Residential Treatment<\/span><\/a> page.<\/h3>\n<\/div><div class=\"fusion-clearfix\"><\/div><\/div><\/div><\/div><\/div><\/p>","protected":false},"excerpt":{"rendered":"","protected":false},"author":2,"featured_media":0,"parent":0,"menu_order":0,"comment_status":"closed","ping_status":"closed","template":"","meta":{"ngg_post_thumbnail":0,"footnotes":""},"class_list":["post-10642","page","type-page","status-publish","hentry"],"yoast_head":"<!-- This site is optimized with the Yoast SEO plugin v26.7 - https:\/\/yoast.com\/wordpress\/plugins\/seo\/ -->\n<title>ARC Residential Treatment Programs - Addictions Recovery Center<\/title>\n<meta name=\"robots\" content=\"index, follow, max-snippet:-1, max-image-preview:large, max-video-preview:-1\" \/>\n<link rel=\"canonical\" href=\"https:\/\/www.addictionsrecovery.org\/es\/christine-mason-residential-recovery-center\/\" \/>\n<meta property=\"og:locale\" content=\"es_MX\" \/>\n<meta property=\"og:type\" content=\"article\" \/>\n<meta property=\"og:title\" content=\"ARC Residential Treatment Programs - Addictions Recovery Center\" \/>\n<meta property=\"og:url\" content=\"https:\/\/www.addictionsrecovery.org\/es\/christine-mason-residential-recovery-center\/\" \/>\n<meta property=\"og:site_name\" content=\"Addictions Recovery Center\" \/>\n<meta property=\"article:publisher\" content=\"https:\/\/www.facebook.com\/ARC541\" \/>\n<meta property=\"article:modified_time\" content=\"2019-06-03T17:26:46+00:00\" \/>\n<meta name=\"twitter:card\" content=\"summary_large_image\" \/>\n<meta name=\"twitter:site\" content=\"@ARC541\" \/>\n<meta name=\"twitter:label1\" content=\"Tiempo de lectura\" \/>\n\t<meta name=\"twitter:data1\" content=\"3 minutos\" \/>\n<script type=\"application\/ld+json\" class=\"yoast-schema-graph\">{\"@context\":\"https:\/\/schema.org\",\"@graph\":[{\"@type\":\"WebPage\",\"@id\":\"https:\/\/www.addictionsrecovery.org\/christine-mason-residential-recovery-center\/\",\"url\":\"https:\/\/www.addictionsrecovery.org\/christine-mason-residential-recovery-center\/\",\"name\":\"ARC Residential Treatment Programs - Addictions Recovery Center\",\"isPartOf\":{\"@id\":\"https:\/\/www.addictionsrecovery.org\/#website\"},\"datePublished\":\"2018-09-10T18:40:05+00:00\",\"dateModified\":\"2019-06-03T17:26:46+00:00\",\"breadcrumb\":{\"@id\":\"https:\/\/www.addictionsrecovery.org\/christine-mason-residential-recovery-center\/#breadcrumb\"},\"inLanguage\":\"es\",\"potentialAction\":[{\"@type\":\"ReadAction\",\"target\":[\"https:\/\/www.addictionsrecovery.org\/christine-mason-residential-recovery-center\/\"]}]},{\"@type\":\"BreadcrumbList\",\"@id\":\"https:\/\/www.addictionsrecovery.org\/christine-mason-residential-recovery-center\/#breadcrumb\",\"itemListElement\":[{\"@type\":\"ListItem\",\"position\":1,\"name\":\"Home\",\"item\":\"https:\/\/www.addictionsrecovery.org\/\"},{\"@type\":\"ListItem\",\"position\":2,\"name\":\"ARC Residential Treatment Programs\"}]},{\"@type\":\"WebSite\",\"@id\":\"https:\/\/www.addictionsrecovery.org\/#website\",\"url\":\"https:\/\/www.addictionsrecovery.org\/\",\"name\":\"Addictions Recovery Center\",\"description\":\"Addictions Recovery Center\",\"potentialAction\":[{\"@type\":\"SearchAction\",\"target\":{\"@type\":\"EntryPoint\",\"urlTemplate\":\"https:\/\/www.addictionsrecovery.org\/?s={search_term_string}\"},\"query-input\":{\"@type\":\"PropertyValueSpecification\",\"valueRequired\":true,\"valueName\":\"search_term_string\"}}],\"inLanguage\":\"es\"}]}<\/script>\n<!-- \/ Yoast SEO plugin. -->","yoast_head_json":{"title":"ARC Residential Treatment Programs - Addictions Recovery Center","robots":{"index":"index","follow":"follow","max-snippet":"max-snippet:-1","max-image-preview":"max-image-preview:large","max-video-preview":"max-video-preview:-1"},"canonical":"https:\/\/www.addictionsrecovery.org\/es\/christine-mason-residential-recovery-center\/","og_locale":"es_MX","og_type":"article","og_title":"ARC Residential Treatment Programs - Addictions Recovery Center","og_url":"https:\/\/www.addictionsrecovery.org\/es\/christine-mason-residential-recovery-center\/","og_site_name":"Addictions Recovery Center","article_publisher":"https:\/\/www.facebook.com\/ARC541","article_modified_time":"2019-06-03T17:26:46+00:00","twitter_card":"summary_large_image","twitter_site":"@ARC541","twitter_misc":{"Tiempo de lectura":"3 minutos"},"schema":{"@context":"https:\/\/schema.org","@graph":[{"@type":"WebPage","@id":"https:\/\/www.addictionsrecovery.org\/christine-mason-residential-recovery-center\/","url":"https:\/\/www.addictionsrecovery.org\/christine-mason-residential-recovery-center\/","name":"ARC Residential Treatment Programs - Addictions Recovery Center","isPartOf":{"@id":"https:\/\/www.addictionsrecovery.org\/#website"},"datePublished":"2018-09-10T18:40:05+00:00","dateModified":"2019-06-03T17:26:46+00:00","breadcrumb":{"@id":"https:\/\/www.addictionsrecovery.org\/christine-mason-residential-recovery-center\/#breadcrumb"},"inLanguage":"es","potentialAction":[{"@type":"ReadAction","target":["https:\/\/www.addictionsrecovery.org\/christine-mason-residential-recovery-center\/"]}]},{"@type":"BreadcrumbList","@id":"https:\/\/www.addictionsrecovery.org\/christine-mason-residential-recovery-center\/#breadcrumb","itemListElement":[{"@type":"ListItem","position":1,"name":"Home","item":"https:\/\/www.addictionsrecovery.org\/"},{"@type":"ListItem","position":2,"name":"ARC Residential Treatment Programs"}]},{"@type":"WebSite","@id":"https:\/\/www.addictionsrecovery.org\/#website","url":"https:\/\/www.addictionsrecovery.org\/","name":"Addictions Recovery Center","description":"Addictions Recovery Center","potentialAction":[{"@type":"SearchAction","target":{"@type":"EntryPoint","urlTemplate":"https:\/\/www.addictionsrecovery.org\/?s={search_term_string}"},"query-input":{"@type":"PropertyValueSpecification","valueRequired":true,"valueName":"search_term_string"}}],"inLanguage":"es"}]}},"_links":{"self":[{"href":"https:\/\/www.addictionsrecovery.org\/es\/wp-json\/wp\/v2\/pages\/10642","targetHints":{"allow":["GET"]}}],"collection":[{"href":"https:\/\/www.addictionsrecovery.org\/es\/wp-json\/wp\/v2\/pages"}],"about":[{"href":"https:\/\/www.addictionsrecovery.org\/es\/wp-json\/wp\/v2\/types\/page"}],"author":[{"embeddable":true,"href":"https:\/\/www.addictionsrecovery.org\/es\/wp-json\/wp\/v2\/users\/2"}],"replies":[{"embeddable":true,"href":"https:\/\/www.addictionsrecovery.org\/es\/wp-json\/wp\/v2\/comments?post=10642"}],"version-history":[{"count":0,"href":"https:\/\/www.addictionsrecovery.org\/es\/wp-json\/wp\/v2\/pages\/10642\/revisions"}],"wp:attachment":[{"href":"https:\/\/www.addictionsrecovery.org\/es\/wp-json\/wp\/v2\/media?parent=10642"}],"curies":[{"name":"wp","href":"https:\/\/api.w.org\/{rel}","templated":true}]}}