{"id":10639,"date":"2018-09-10T17:35:54","date_gmt":"2018-09-10T17:35:54","guid":{"rendered":"https:\/\/www.addictionsrecovery.org\/?page_id=10639"},"modified":"2024-04-18T21:34:48","modified_gmt":"2024-04-18T21:34:48","slug":"medication-assisted-treatment-addiction-medicine-clinic","status":"publish","type":"page","link":"https:\/\/www.addictionsrecovery.org\/es\/medication-assisted-treatment-addiction-medicine-clinic\/","title":{"rendered":"Medication-Assisted Treatment &#038; Addiction Medicine Clinic"},"content":{"rendered":"<p><div class=\"fusion-fullwidth fullwidth-box fusion-builder-row-1 fusion-flex-container nonhundred-percent-fullwidth non-hundred-percent-height-scrolling\" style=\"--awb-border-radius-top-left:0px;--awb-border-radius-top-right:0px;--awb-border-radius-bottom-right:0px;--awb-border-radius-bottom-left:0px;--awb-flex-wrap:wrap;\" ><div class=\"fusion-builder-row fusion-row fusion-flex-align-items-flex-start fusion-flex-content-wrap\" style=\"max-width:1456px;margin-left: calc(-4% \/ 2 );margin-right: calc(-4% \/ 2 );\"><div class=\"fusion-layout-column fusion_builder_column fusion-builder-column-0 fusion_builder_column_1_1 1_1 fusion-flex-column\" style=\"--awb-bg-size:cover;--awb-width-large:100%;--awb-margin-top-large:0px;--awb-spacing-right-large:1.92%;--awb-margin-bottom-large:20px;--awb-spacing-left-large:1.92%;--awb-width-medium:100%;--awb-order-medium:0;--awb-spacing-right-medium:1.92%;--awb-spacing-left-medium:1.92%;--awb-width-small:100%;--awb-order-small:0;--awb-spacing-right-small:1.92%;--awb-spacing-left-small:1.92%;\"><div class=\"fusion-column-wrapper fusion-column-has-shadow fusion-flex-justify-content-flex-start fusion-content-layout-column\"><\/div><\/div><\/div><\/div><div class=\"fusion-fullwidth fullwidth-box fusion-builder-row-2 nonhundred-percent-fullwidth non-hundred-percent-height-scrolling\" style=\"--awb-border-radius-top-left:0px;--awb-border-radius-top-right:0px;--awb-border-radius-bottom-right:0px;--awb-border-radius-bottom-left:0px;--awb-flex-wrap:wrap;\" ><\/div><div class=\"fusion-fullwidth fullwidth-box fusion-builder-row-3 nonhundred-percent-fullwidth non-hundred-percent-height-scrolling\" style=\"--awb-border-radius-top-left:0px;--awb-border-radius-top-right:0px;--awb-border-radius-bottom-right:0px;--awb-border-radius-bottom-left:0px;--awb-flex-wrap:wrap;\" ><div class=\"fusion-builder-row fusion-row\"><div class=\"fusion-layout-column fusion_builder_column fusion-builder-column-1 fusion_builder_column_1_1 1_1 fusion-one-full fusion-column-first fusion-column-last\" style=\"--awb-bg-size:cover;\"><div class=\"fusion-column-wrapper fusion-flex-column-wrapper-legacy\"><div class=\"fusion-text fusion-text-1\"><h3>En un esfuerzo por dar respuesta a la epidemia de opi\u00e1ceos que se experimenta actualmente en Jackson y en los condados circundantes, Addictions Recovery Center, Inc. agreg\u00f3 el Tratamiento asistido con medicamentos (MAT, por sus siglas en ingl\u00e9s) y una Cl\u00ednica de medicina de las adicciones (AMC, por sus siglas en ingl\u00e9s) a su atenci\u00f3n continua.<\/h3>\n<h3>Al unir los servicios de prescripci\u00f3n con nuestra amplia variedad de tratamientos de salud conductual basados en pruebas, en ARC esperamos satisfacer mejor las necesidades del cliente y apoyar mejor su recuperaci\u00f3n sostenida a largo plazo.<\/h3>\n<h3>Los servicios MAT reducen el riesgo de sobredosis, VIH, hepatitis y otras complicaciones del consumo de opi\u00e1ceos mediante la prescripci\u00f3n de buprenorfina a los clientes que padecen un trastorno por consumo de opi\u00e1ceos y cumplen los requisitos m\u00e9dicos. Adem\u00e1s utilizamos naltrexona, que puede ayudar con el consumo de alcohol o de opi\u00e1ceos.<\/h3>\n<h3>Asimismo, se puede preparar un plan de tratamiento para el consumo de sustancias y trastornos de salud mental concomitantes, con servicios espec\u00edficos para las necesidades particulares de cada persona. Estos servicios, incluido el apoyo de un <span style=\"text-decoration: underline;\"><a href=\"https:\/\/www.addictionsrecovery.org\/es\/certified-recovery-mentors\/\" target=\"_blank\" rel=\"noopener noreferrer\">con problemas con\nla justicia <\/a><\/span>tambi\u00e9n se ofrecen a los clientes prescritos por otros proveedores comunitarios de MAT.&nbsp;<\/h3>\n<h3 style=\"text-align: left;\">Para obtener m\u00e1s informaci\u00f3n o para programar una evaluaci\u00f3n o una cita, llame a nuestra l\u00ednea principal: (541) 779-1282.<\/h3>\n<\/div><div class=\"fusion-clearfix\"><\/div><\/div><\/div><\/div><\/div><\/p>","protected":false},"excerpt":{"rendered":"","protected":false},"author":2,"featured_media":41276,"parent":0,"menu_order":0,"comment_status":"closed","ping_status":"closed","template":"","meta":{"ngg_post_thumbnail":0,"footnotes":""},"class_list":["post-10639","page","type-page","status-publish","has-post-thumbnail","hentry"],"yoast_head":"<!-- This site is optimized with the Yoast SEO plugin v26.7 - https:\/\/yoast.com\/wordpress\/plugins\/seo\/ -->\n<title>Medication-Assisted Treatment &amp; Addiction Medicine Clinic - Addictions Recovery Center<\/title>\n<meta name=\"robots\" content=\"index, follow, max-snippet:-1, max-image-preview:large, max-video-preview:-1\" \/>\n<link rel=\"canonical\" href=\"https:\/\/www.addictionsrecovery.org\/es\/medication-assisted-treatment-addiction-medicine-clinic\/\" \/>\n<meta property=\"og:locale\" content=\"es_MX\" \/>\n<meta property=\"og:type\" content=\"article\" \/>\n<meta property=\"og:title\" content=\"Medication-Assisted Treatment &amp; Addiction Medicine Clinic - Addictions Recovery Center\" \/>\n<meta property=\"og:url\" content=\"https:\/\/www.addictionsrecovery.org\/es\/medication-assisted-treatment-addiction-medicine-clinic\/\" \/>\n<meta property=\"og:site_name\" content=\"Addictions Recovery Center\" \/>\n<meta property=\"article:publisher\" content=\"https:\/\/www.facebook.com\/ARC541\" \/>\n<meta property=\"article:modified_time\" content=\"2024-04-18T21:34:48+00:00\" \/>\n<meta property=\"og:image\" content=\"https:\/\/www.addictionsrecovery.org\/wp-content\/uploads\/2021\/02\/AdobeStock_238489130.jpeg\" \/>\n\t<meta property=\"og:image:width\" content=\"1024\" \/>\n\t<meta property=\"og:image:height\" content=\"384\" \/>\n\t<meta property=\"og:image:type\" content=\"image\/jpeg\" \/>\n<meta name=\"twitter:card\" content=\"summary_large_image\" \/>\n<meta name=\"twitter:site\" content=\"@ARC541\" \/>\n<meta name=\"twitter:label1\" content=\"Tiempo de lectura\" \/>\n\t<meta name=\"twitter:data1\" content=\"4 minutos\" \/>\n<script type=\"application\/ld+json\" class=\"yoast-schema-graph\">{\"@context\":\"https:\/\/schema.org\",\"@graph\":[{\"@type\":\"WebPage\",\"@id\":\"https:\/\/www.addictionsrecovery.org\/medication-assisted-treatment-addiction-medicine-clinic\/\",\"url\":\"https:\/\/www.addictionsrecovery.org\/medication-assisted-treatment-addiction-medicine-clinic\/\",\"name\":\"Medication-Assisted Treatment & Addiction Medicine Clinic - Addictions Recovery Center\",\"isPartOf\":{\"@id\":\"https:\/\/www.addictionsrecovery.org\/#website\"},\"primaryImageOfPage\":{\"@id\":\"https:\/\/www.addictionsrecovery.org\/medication-assisted-treatment-addiction-medicine-clinic\/#primaryimage\"},\"image\":{\"@id\":\"https:\/\/www.addictionsrecovery.org\/medication-assisted-treatment-addiction-medicine-clinic\/#primaryimage\"},\"thumbnailUrl\":\"https:\/\/www.addictionsrecovery.org\/wp-content\/uploads\/2021\/02\/AdobeStock_238489130.jpeg\",\"datePublished\":\"2018-09-10T17:35:54+00:00\",\"dateModified\":\"2024-04-18T21:34:48+00:00\",\"breadcrumb\":{\"@id\":\"https:\/\/www.addictionsrecovery.org\/medication-assisted-treatment-addiction-medicine-clinic\/#breadcrumb\"},\"inLanguage\":\"es\",\"potentialAction\":[{\"@type\":\"ReadAction\",\"target\":[\"https:\/\/www.addictionsrecovery.org\/medication-assisted-treatment-addiction-medicine-clinic\/\"]}]},{\"@type\":\"ImageObject\",\"inLanguage\":\"es\",\"@id\":\"https:\/\/www.addictionsrecovery.org\/medication-assisted-treatment-addiction-medicine-clinic\/#primaryimage\",\"url\":\"https:\/\/www.addictionsrecovery.org\/wp-content\/uploads\/2021\/02\/AdobeStock_238489130.jpeg\",\"contentUrl\":\"https:\/\/www.addictionsrecovery.org\/wp-content\/uploads\/2021\/02\/AdobeStock_238489130.jpeg\",\"width\":8000,\"height\":3000,\"caption\":\"Doctor.\"},{\"@type\":\"BreadcrumbList\",\"@id\":\"https:\/\/www.addictionsrecovery.org\/medication-assisted-treatment-addiction-medicine-clinic\/#breadcrumb\",\"itemListElement\":[{\"@type\":\"ListItem\",\"position\":1,\"name\":\"Home\",\"item\":\"https:\/\/www.addictionsrecovery.org\/\"},{\"@type\":\"ListItem\",\"position\":2,\"name\":\"Medication-Assisted Treatment &#038; Addiction Medicine Clinic\"}]},{\"@type\":\"WebSite\",\"@id\":\"https:\/\/www.addictionsrecovery.org\/#website\",\"url\":\"https:\/\/www.addictionsrecovery.org\/\",\"name\":\"Addictions Recovery Center\",\"description\":\"Addictions Recovery Center\",\"potentialAction\":[{\"@type\":\"SearchAction\",\"target\":{\"@type\":\"EntryPoint\",\"urlTemplate\":\"https:\/\/www.addictionsrecovery.org\/?s={search_term_string}\"},\"query-input\":{\"@type\":\"PropertyValueSpecification\",\"valueRequired\":true,\"valueName\":\"search_term_string\"}}],\"inLanguage\":\"es\"}]}<\/script>\n<!-- \/ Yoast SEO plugin. -->","yoast_head_json":{"title":"Medication-Assisted Treatment & Addiction Medicine Clinic - Addictions Recovery Center","robots":{"index":"index","follow":"follow","max-snippet":"max-snippet:-1","max-image-preview":"max-image-preview:large","max-video-preview":"max-video-preview:-1"},"canonical":"https:\/\/www.addictionsrecovery.org\/es\/medication-assisted-treatment-addiction-medicine-clinic\/","og_locale":"es_MX","og_type":"article","og_title":"Medication-Assisted Treatment & Addiction Medicine Clinic - Addictions Recovery Center","og_url":"https:\/\/www.addictionsrecovery.org\/es\/medication-assisted-treatment-addiction-medicine-clinic\/","og_site_name":"Addictions Recovery Center","article_publisher":"https:\/\/www.facebook.com\/ARC541","article_modified_time":"2024-04-18T21:34:48+00:00","og_image":[{"url":"https:\/\/www.addictionsrecovery.org\/wp-content\/uploads\/2021\/02\/AdobeStock_238489130.jpeg","width":1024,"height":384,"type":"image\/jpeg"}],"twitter_card":"summary_large_image","twitter_site":"@ARC541","twitter_misc":{"Tiempo de lectura":"4 minutos"},"schema":{"@context":"https:\/\/schema.org","@graph":[{"@type":"WebPage","@id":"https:\/\/www.addictionsrecovery.org\/medication-assisted-treatment-addiction-medicine-clinic\/","url":"https:\/\/www.addictionsrecovery.org\/medication-assisted-treatment-addiction-medicine-clinic\/","name":"Medication-Assisted Treatment & Addiction Medicine Clinic - Addictions Recovery Center","isPartOf":{"@id":"https:\/\/www.addictionsrecovery.org\/#website"},"primaryImageOfPage":{"@id":"https:\/\/www.addictionsrecovery.org\/medication-assisted-treatment-addiction-medicine-clinic\/#primaryimage"},"image":{"@id":"https:\/\/www.addictionsrecovery.org\/medication-assisted-treatment-addiction-medicine-clinic\/#primaryimage"},"thumbnailUrl":"https:\/\/www.addictionsrecovery.org\/wp-content\/uploads\/2021\/02\/AdobeStock_238489130.jpeg","datePublished":"2018-09-10T17:35:54+00:00","dateModified":"2024-04-18T21:34:48+00:00","breadcrumb":{"@id":"https:\/\/www.addictionsrecovery.org\/medication-assisted-treatment-addiction-medicine-clinic\/#breadcrumb"},"inLanguage":"es","potentialAction":[{"@type":"ReadAction","target":["https:\/\/www.addictionsrecovery.org\/medication-assisted-treatment-addiction-medicine-clinic\/"]}]},{"@type":"ImageObject","inLanguage":"es","@id":"https:\/\/www.addictionsrecovery.org\/medication-assisted-treatment-addiction-medicine-clinic\/#primaryimage","url":"https:\/\/www.addictionsrecovery.org\/wp-content\/uploads\/2021\/02\/AdobeStock_238489130.jpeg","contentUrl":"https:\/\/www.addictionsrecovery.org\/wp-content\/uploads\/2021\/02\/AdobeStock_238489130.jpeg","width":8000,"height":3000,"caption":"Doctor."},{"@type":"BreadcrumbList","@id":"https:\/\/www.addictionsrecovery.org\/medication-assisted-treatment-addiction-medicine-clinic\/#breadcrumb","itemListElement":[{"@type":"ListItem","position":1,"name":"Home","item":"https:\/\/www.addictionsrecovery.org\/"},{"@type":"ListItem","position":2,"name":"Medication-Assisted Treatment &#038; Addiction Medicine Clinic"}]},{"@type":"WebSite","@id":"https:\/\/www.addictionsrecovery.org\/#website","url":"https:\/\/www.addictionsrecovery.org\/","name":"Addictions Recovery Center","description":"Addictions Recovery Center","potentialAction":[{"@type":"SearchAction","target":{"@type":"EntryPoint","urlTemplate":"https:\/\/www.addictionsrecovery.org\/?s={search_term_string}"},"query-input":{"@type":"PropertyValueSpecification","valueRequired":true,"valueName":"search_term_string"}}],"inLanguage":"es"}]}},"_links":{"self":[{"href":"https:\/\/www.addictionsrecovery.org\/es\/wp-json\/wp\/v2\/pages\/10639","targetHints":{"allow":["GET"]}}],"collection":[{"href":"https:\/\/www.addictionsrecovery.org\/es\/wp-json\/wp\/v2\/pages"}],"about":[{"href":"https:\/\/www.addictionsrecovery.org\/es\/wp-json\/wp\/v2\/types\/page"}],"author":[{"embeddable":true,"href":"https:\/\/www.addictionsrecovery.org\/es\/wp-json\/wp\/v2\/users\/2"}],"replies":[{"embeddable":true,"href":"https:\/\/www.addictionsrecovery.org\/es\/wp-json\/wp\/v2\/comments?post=10639"}],"version-history":[{"count":0,"href":"https:\/\/www.addictionsrecovery.org\/es\/wp-json\/wp\/v2\/pages\/10639\/revisions"}],"wp:featuredmedia":[{"embeddable":true,"href":"https:\/\/www.addictionsrecovery.org\/es\/wp-json\/wp\/v2\/media\/41276"}],"wp:attachment":[{"href":"https:\/\/www.addictionsrecovery.org\/es\/wp-json\/wp\/v2\/media?parent=10639"}],"curies":[{"name":"wp","href":"https:\/\/api.w.org\/{rel}","templated":true}]}}