{"id":10638,"date":"2018-09-10T17:32:24","date_gmt":"2018-09-10T17:32:24","guid":{"rendered":"https:\/\/www.addictionsrecovery.org\/?page_id=10638"},"modified":"2024-06-27T16:50:23","modified_gmt":"2024-06-27T16:50:23","slug":"group-and-individual-counseling","status":"publish","type":"page","link":"https:\/\/www.addictionsrecovery.org\/es\/group-and-individual-counseling\/","title":{"rendered":"Asesoramiento individual y grupal"},"content":{"rendered":"<p><div class=\"fusion-fullwidth fullwidth-box fusion-builder-row-1 fusion-flex-container nonhundred-percent-fullwidth non-hundred-percent-height-scrolling\" style=\"--awb-border-radius-top-left:0px;--awb-border-radius-top-right:0px;--awb-border-radius-bottom-right:0px;--awb-border-radius-bottom-left:0px;--awb-flex-wrap:wrap;\" ><div class=\"fusion-builder-row fusion-row fusion-flex-align-items-flex-start fusion-flex-content-wrap\" style=\"max-width:1456px;margin-left: calc(-4% \/ 2 );margin-right: calc(-4% \/ 2 );\"><div class=\"fusion-layout-column fusion_builder_column fusion-builder-column-0 fusion_builder_column_1_1 1_1 fusion-flex-column\" style=\"--awb-bg-size:cover;--awb-width-large:100%;--awb-margin-top-large:0px;--awb-spacing-right-large:1.92%;--awb-margin-bottom-large:20px;--awb-spacing-left-large:1.92%;--awb-width-medium:100%;--awb-order-medium:0;--awb-spacing-right-medium:1.92%;--awb-spacing-left-medium:1.92%;--awb-width-small:100%;--awb-order-small:0;--awb-spacing-right-small:1.92%;--awb-spacing-left-small:1.92%;\"><div class=\"fusion-column-wrapper fusion-column-has-shadow fusion-flex-justify-content-flex-start fusion-content-layout-column\"><\/div><\/div><\/div><\/div><div class=\"fusion-fullwidth fullwidth-box fusion-builder-row-2 nonhundred-percent-fullwidth non-hundred-percent-height-scrolling\" style=\"--awb-border-radius-top-left:0px;--awb-border-radius-top-right:0px;--awb-border-radius-bottom-right:0px;--awb-border-radius-bottom-left:0px;--awb-flex-wrap:wrap;\" ><\/div><div class=\"fusion-fullwidth fullwidth-box fusion-builder-row-3 nonhundred-percent-fullwidth non-hundred-percent-height-scrolling\" style=\"--awb-border-radius-top-left:0px;--awb-border-radius-top-right:0px;--awb-border-radius-bottom-right:0px;--awb-border-radius-bottom-left:0px;--awb-flex-wrap:wrap;\" ><div class=\"fusion-builder-row fusion-row\"><div class=\"fusion-layout-column fusion_builder_column fusion-builder-column-1 fusion_builder_column_1_1 1_1 fusion-one-full fusion-column-first fusion-column-last\" style=\"--awb-bg-size:cover;\"><div class=\"fusion-column-wrapper fusion-flex-column-wrapper-legacy\"><div class=\"fusion-text fusion-text-1\"><div class=\"fusion-text fusion-text-1\"><\/div>\n<h3 data-fontsize=\"17\" style=\"--fontSize: 17; line-height: 1.25; --minFontSize: 17;\" data-lineheight=\"21.25px\" class=\"fusion-responsive-typography-calculated\"><span style=\"color: var(--h3_typography-color); font-family: var(--h3_typography-font-family); font-size: var(--h3_typography-font-size); font-style: var(--h3_typography-font-style,normal); letter-spacing: var(--h3_typography-letter-spacing);\">ARC utiliza terapia individual y tambi\u00e9n grupal para quienes se encuentran en las primeras fases de aprender a manejar su trastorno por consumo de sustancias.<\/span><\/h3>\n<h3 class=\"fusion-responsive-typography-calculated\" style=\"--fontsize: 17; line-height: 1.25; --minfontsize: 17; --fontSize: 17; --minFontSize: 17;\" data-fontsize=\"17\" data-lineheight=\"21.25px\">Estos tratamientos de salud conductual incluyen una amplia<strong>s <\/strong>variedad de programas, entre los que se incluyen los siguientes:<\/h3>\n<ul>\n<li>\n<h3 class=\"fusion-responsive-typography-calculated\" style=\"--fontsize: 17; line-height: 1.25; --minfontsize: 17; --fontSize: 17; --minFontSize: 17;\" data-fontsize=\"17\" data-lineheight=\"21.25px\">terapia cognitivo-conductual en grupo e individual que ayuda a los clientes a reconocer, evitar y afrontar las situaciones en las que es m\u00e1s probable que consuman drogas o alcohol;<\/h3>\n<\/li>\n<li>\n<h3 class=\"fusion-responsive-typography-calculated\" style=\"--fontsize: 17; line-height: 1.25; --minfontsize: 17; --fontSize: 17; --minFontSize: 17;\" data-fontsize=\"17\" data-lineheight=\"21.25px\">grupos familiares, que presentan a clientes, amigos y familiares a otras personas en recuperaci\u00f3n y a sus seres queridos, creando una oportunidad para fomentar relaciones importantes y la exposici\u00f3n a las experiencias de otros; y<\/h3>\n<\/li>\n<li>\n<h3 class=\"fusion-responsive-typography-calculated\" style=\"--fontsize: 17; line-height: 1.25; --minfontsize: 17; --fontSize: 17; --minFontSize: 17;\" data-fontsize=\"17\" data-lineheight=\"21.25px\">prevenci\u00f3n de reca\u00eddas, cuyo objetivo es ayudar a los clientes y a sus seres queridos a identificar los signos y s\u00edntomas de reca\u00edda y a tomar medidas para llamar la atenci\u00f3n por el comportamiento.<\/h3>\n<\/li>\n<\/ul>\n<h3 class=\"fusion-responsive-typography-calculated\" style=\"--fontsize: 17; line-height: 1.25; --minfontsize: 17; --fontSize: 17; --minFontSize: 17;\" data-fontsize=\"17\" data-lineheight=\"21.25px\">Tanto si al principio se recomienda un tratamiento ambulatorio o residencial, estas modalidades terap\u00e9uticas suelen ser intensivas al comienzo, cuando los clientes asisten a varias sesiones cada semana. Luego, se pasa gradualmente a un tratamiento ambulatorio regular, en el que las reuniones son menos frecuentes, para ayudar a mantener la recuperaci\u00f3n de la persona.<\/h3>\n<h3 class=\"fusion-responsive-typography-calculated\" style=\"--fontsize: 17; line-height: 1.25; --minfontsize: 17; --fontSize: 17; --minFontSize: 17;\" data-fontsize=\"17\" data-lineheight=\"21.25px\">Aunque ambas terapias son beneficiosas para el cliente, seg\u00fan la Administraci\u00f3n de Servicios de Salud Mental y Abuso de Sustancias (Substance Abuse and Mental Health Services Administration), la terapia grupal tiene ventajas adicionales que incluyen: establecimiento de relaciones positivas de apoyo entre pares; capacitaci\u00f3n y pr\u00e1ctica de habilidades sociales; reducci\u00f3n de la sensaci\u00f3n de aislamiento; y tambi\u00e9n la esperanza, el apoyo y el \u00e1nimo necesarios para llevar una vida satisfactoria fuera del tratamiento.<\/h3>\n<\/div><div class=\"fusion-clearfix\"><\/div><\/div><\/div><\/div><\/div><div class=\"fusion-fullwidth fullwidth-box fusion-builder-row-4 fusion-flex-container nonhundred-percent-fullwidth non-hundred-percent-height-scrolling\" style=\"--awb-border-radius-top-left:0px;--awb-border-radius-top-right:0px;--awb-border-radius-bottom-right:0px;--awb-border-radius-bottom-left:0px;--awb-flex-wrap:wrap;\" ><\/div><\/p>","protected":false},"excerpt":{"rendered":"","protected":false},"author":2,"featured_media":0,"parent":0,"menu_order":0,"comment_status":"closed","ping_status":"closed","template":"","meta":{"ngg_post_thumbnail":0,"footnotes":""},"class_list":["post-10638","page","type-page","status-publish","hentry"],"yoast_head":"<!-- This site is optimized with the Yoast SEO plugin v26.7 - https:\/\/yoast.com\/wordpress\/plugins\/seo\/ -->\n<title>Group and Individual Counseling - Addictions Recovery Center<\/title>\n<meta name=\"robots\" content=\"index, follow, max-snippet:-1, max-image-preview:large, max-video-preview:-1\" \/>\n<link rel=\"canonical\" href=\"https:\/\/www.addictionsrecovery.org\/es\/group-and-individual-counseling\/\" \/>\n<meta property=\"og:locale\" content=\"es_MX\" \/>\n<meta property=\"og:type\" content=\"article\" \/>\n<meta property=\"og:title\" content=\"Group and Individual Counseling - Addictions Recovery Center\" \/>\n<meta property=\"og:url\" content=\"https:\/\/www.addictionsrecovery.org\/es\/group-and-individual-counseling\/\" \/>\n<meta property=\"og:site_name\" content=\"Addictions Recovery Center\" \/>\n<meta property=\"article:publisher\" content=\"https:\/\/www.facebook.com\/ARC541\" \/>\n<meta property=\"article:modified_time\" content=\"2024-06-27T16:50:23+00:00\" \/>\n<meta name=\"twitter:card\" content=\"summary_large_image\" \/>\n<meta name=\"twitter:site\" content=\"@ARC541\" \/>\n<meta name=\"twitter:label1\" content=\"Tiempo de lectura\" \/>\n\t<meta name=\"twitter:data1\" content=\"5 minutos\" \/>\n<script type=\"application\/ld+json\" class=\"yoast-schema-graph\">{\"@context\":\"https:\/\/schema.org\",\"@graph\":[{\"@type\":\"WebPage\",\"@id\":\"https:\/\/www.addictionsrecovery.org\/group-and-individual-counseling\/\",\"url\":\"https:\/\/www.addictionsrecovery.org\/group-and-individual-counseling\/\",\"name\":\"Group and Individual Counseling - Addictions Recovery Center\",\"isPartOf\":{\"@id\":\"https:\/\/www.addictionsrecovery.org\/#website\"},\"datePublished\":\"2018-09-10T17:32:24+00:00\",\"dateModified\":\"2024-06-27T16:50:23+00:00\",\"breadcrumb\":{\"@id\":\"https:\/\/www.addictionsrecovery.org\/group-and-individual-counseling\/#breadcrumb\"},\"inLanguage\":\"es\",\"potentialAction\":[{\"@type\":\"ReadAction\",\"target\":[\"https:\/\/www.addictionsrecovery.org\/group-and-individual-counseling\/\"]}]},{\"@type\":\"BreadcrumbList\",\"@id\":\"https:\/\/www.addictionsrecovery.org\/group-and-individual-counseling\/#breadcrumb\",\"itemListElement\":[{\"@type\":\"ListItem\",\"position\":1,\"name\":\"Home\",\"item\":\"https:\/\/www.addictionsrecovery.org\/\"},{\"@type\":\"ListItem\",\"position\":2,\"name\":\"Group and Individual Counseling\"}]},{\"@type\":\"WebSite\",\"@id\":\"https:\/\/www.addictionsrecovery.org\/#website\",\"url\":\"https:\/\/www.addictionsrecovery.org\/\",\"name\":\"Addictions Recovery Center\",\"description\":\"Addictions Recovery Center\",\"potentialAction\":[{\"@type\":\"SearchAction\",\"target\":{\"@type\":\"EntryPoint\",\"urlTemplate\":\"https:\/\/www.addictionsrecovery.org\/?s={search_term_string}\"},\"query-input\":{\"@type\":\"PropertyValueSpecification\",\"valueRequired\":true,\"valueName\":\"search_term_string\"}}],\"inLanguage\":\"es\"}]}<\/script>\n<!-- \/ Yoast SEO plugin. -->","yoast_head_json":{"title":"Group and Individual Counseling - Addictions Recovery Center","robots":{"index":"index","follow":"follow","max-snippet":"max-snippet:-1","max-image-preview":"max-image-preview:large","max-video-preview":"max-video-preview:-1"},"canonical":"https:\/\/www.addictionsrecovery.org\/es\/group-and-individual-counseling\/","og_locale":"es_MX","og_type":"article","og_title":"Group and Individual Counseling - Addictions Recovery Center","og_url":"https:\/\/www.addictionsrecovery.org\/es\/group-and-individual-counseling\/","og_site_name":"Addictions Recovery Center","article_publisher":"https:\/\/www.facebook.com\/ARC541","article_modified_time":"2024-06-27T16:50:23+00:00","twitter_card":"summary_large_image","twitter_site":"@ARC541","twitter_misc":{"Tiempo de lectura":"5 minutos"},"schema":{"@context":"https:\/\/schema.org","@graph":[{"@type":"WebPage","@id":"https:\/\/www.addictionsrecovery.org\/group-and-individual-counseling\/","url":"https:\/\/www.addictionsrecovery.org\/group-and-individual-counseling\/","name":"Group and Individual Counseling - Addictions Recovery Center","isPartOf":{"@id":"https:\/\/www.addictionsrecovery.org\/#website"},"datePublished":"2018-09-10T17:32:24+00:00","dateModified":"2024-06-27T16:50:23+00:00","breadcrumb":{"@id":"https:\/\/www.addictionsrecovery.org\/group-and-individual-counseling\/#breadcrumb"},"inLanguage":"es","potentialAction":[{"@type":"ReadAction","target":["https:\/\/www.addictionsrecovery.org\/group-and-individual-counseling\/"]}]},{"@type":"BreadcrumbList","@id":"https:\/\/www.addictionsrecovery.org\/group-and-individual-counseling\/#breadcrumb","itemListElement":[{"@type":"ListItem","position":1,"name":"Home","item":"https:\/\/www.addictionsrecovery.org\/"},{"@type":"ListItem","position":2,"name":"Group and Individual Counseling"}]},{"@type":"WebSite","@id":"https:\/\/www.addictionsrecovery.org\/#website","url":"https:\/\/www.addictionsrecovery.org\/","name":"Addictions Recovery Center","description":"Addictions Recovery Center","potentialAction":[{"@type":"SearchAction","target":{"@type":"EntryPoint","urlTemplate":"https:\/\/www.addictionsrecovery.org\/?s={search_term_string}"},"query-input":{"@type":"PropertyValueSpecification","valueRequired":true,"valueName":"search_term_string"}}],"inLanguage":"es"}]}},"_links":{"self":[{"href":"https:\/\/www.addictionsrecovery.org\/es\/wp-json\/wp\/v2\/pages\/10638","targetHints":{"allow":["GET"]}}],"collection":[{"href":"https:\/\/www.addictionsrecovery.org\/es\/wp-json\/wp\/v2\/pages"}],"about":[{"href":"https:\/\/www.addictionsrecovery.org\/es\/wp-json\/wp\/v2\/types\/page"}],"author":[{"embeddable":true,"href":"https:\/\/www.addictionsrecovery.org\/es\/wp-json\/wp\/v2\/users\/2"}],"replies":[{"embeddable":true,"href":"https:\/\/www.addictionsrecovery.org\/es\/wp-json\/wp\/v2\/comments?post=10638"}],"version-history":[{"count":0,"href":"https:\/\/www.addictionsrecovery.org\/es\/wp-json\/wp\/v2\/pages\/10638\/revisions"}],"wp:attachment":[{"href":"https:\/\/www.addictionsrecovery.org\/es\/wp-json\/wp\/v2\/media?parent=10638"}],"curies":[{"name":"wp","href":"https:\/\/api.w.org\/{rel}","templated":true}]}}